{"id":6204,"date":"2025-12-30T08:52:43","date_gmt":"2025-12-30T07:52:43","guid":{"rendered":"http:\/\/frmf.untz.ba\/web\/?page_id=6204"},"modified":"2026-01-01T22:56:08","modified_gmt":"2026-01-01T21:56:08","slug":"upis-na-studij-2","status":"publish","type":"page","link":"http:\/\/frmf.untz.ba\/web\/bs\/upis-na-studij-2\/","title":{"rendered":"Upis na studij"},"content":{"rendered":"\n<p><strong>UPIS STUDENATA NA I CIKLUS STUDIJA\u00a0\u00a0<br \/>Studijski program \u201cKozmetologija (I ciklus studija)\u201d<\/strong><\/p>\n<p>\u00a0<\/p>\n<p>Bitno je napomenuti da budu\u0107i studenti koji \u017eele upisati studijski program \u201cKozmetologija\u201d moraju zadovoljiti op\u0161te i posebne kriterije propisane Konkursom. Predmeti koji se boduju po pojedina\u010dnim kriterijima su Hemija i Biologija. Od ostalih dokumenata budu\u0107i studenti moraju prilo\u017eiti: Originalna svjedo\u010danstva svih razreda srednje \u0161kole, originalno svjedo\u010danstvo o zavr\u0161enom srednjem obrazovanju, izvod iz mati\u010dne knjige ro\u0111enih, uvjerenje o dr\u017eavljanstvu i prijavu na konkurs.\u00a0<\/p>\n<p>Upis utvr\u0111enog broja studenata u prvu godinu studija realizira se prema:<\/p>\n<ul>\n<li>op\u0161tim kriterijima<\/li>\n<li>pojedina\u010dnim kriterijima<\/li>\n<li>kriterij po osnovu eksterne mature<\/li>\n<\/ul>\n<p>Rangiranje kandidata vr\u0161i se na osnovu ukupnog broja bodova koji mo\u017ee iznositi 100, a koje kandidat osvoji prema slijede\u0107im kriterijima:<\/p>\n<ul>\n<li>Op\u0161ti kriteriji odnose se na postignuti uspjeh u srednjoj \u0161koli i donosi kandidatu najvi\u0161e 50 bodova. Broj bodova po ovom kriteriju utvr\u0111uje se tako da se prosje\u010dna ocjena iz svih predmeta, u svim razredima srednje \u0161kole, mno\u017ei brojem 10 (deset) i nakon toga zaokru\u017euje na dvije decimale;<\/li>\n<li>Pojedina\u010dni kriteriji odnose se na prosjek ocjena iz jednog do dva predmeta iz dva razreda srednje \u0161kole, koji su od zna\u010daja za studij i kandidatu donose najvi\u0161e 5 bodova. Broj bodova po ovom kriteriju utvr\u0111uje se kao prosje\u010dna ocjena, iz jednog do dva predmeta, u skladu sa Konkursom, iz dva razreda srednje \u0161kole, koji su od zna\u010daja za studij i nakon toga zaokru\u017euje na dvije decimale, pri \u010demu se uzimaju ocjene povoljnije za kandidate iz dva razreda srednje \u0161kole;\u00a0<\/li>\n<li>Predmeti koji se boduju po pojedina\u010dnim kriterijima su: \u00a0Biologija i Hemija;<\/li>\n<li>U slu\u010daju da kandidat u srednjoj \u0161koli nije imao sve predmete od zna\u010daja za odgovaraju\u0107i studij ili nije imao predmet u dva razreda, prosje\u010dna ocjena se izra\u010dunava tako \u0161to se za predmete koje kandidat nije imao, unosi 0 (nula) i dijeli se sa brojem ocjena iz predmeta koji su od zna\u010daja za studij;<\/li>\n<li>Kriterij po osnovu eksterne mature vrednuje se sa najvi\u0161e 5 bodova, po osnovu drugog vida zavr\u0161nog ispita, odnosno koji su oslobo\u0111eni polaganja drugog vida zavr\u0161nog ispita najvi\u0161e sa 2,5 boda. Broj bodova po osnovu eksterne mature utvr\u0111uje se tako da se prosje\u010dna ocjena, ostvarena na eksternoj maturi, zaokru\u017euje na dvije decimale.<\/li>\n<\/ul>\n<p>Pravo upisa na Farmaceutski fakultet imaju sva lica koja su zavr\u0161ila \u010detverogodi\u0161nju srednju \u0161kolu. Klasifikacija i izbor kandidata za upis vr\u0161i se na osnovu kriterija utvr\u0111enih odlukom Senata Univerziteta u Tuzli i konkursom za upis, bez obaveze polaganja kvalifikacionog ispita.<\/p>\n","protected":false},"excerpt":{"rendered":"<p>UPIS STUDENATA NA I CIKLUS STUDIJA\u00a0\u00a0Studijski program \u201cKozmetologija (I ciklus studija)\u201d \u00a0 Bitno je napomenuti da budu\u0107i studenti koji \u017eele upisati studijski program \u201cKozmetologija\u201d moraju zadovoljiti op\u0161te i posebne kriterije propisane Konkursom. Predmeti koji se boduju po pojedina\u010dnim kriterijima su Hemija i Biologija. Od ostalih dokumenata budu\u0107i studenti moraju prilo\u017eiti: Originalna svjedo\u010danstva svih razreda srednje [&hellip;]<\/p>\n","protected":false},"author":1,"featured_media":0,"parent":0,"menu_order":0,"comment_status":"closed","ping_status":"closed","template":"","meta":[],"_links":{"self":[{"href":"http:\/\/frmf.untz.ba\/web\/wp-json\/wp\/v2\/pages\/6204"}],"collection":[{"href":"http:\/\/frmf.untz.ba\/web\/wp-json\/wp\/v2\/pages"}],"about":[{"href":"http:\/\/frmf.untz.ba\/web\/wp-json\/wp\/v2\/types\/page"}],"author":[{"embeddable":true,"href":"http:\/\/frmf.untz.ba\/web\/wp-json\/wp\/v2\/users\/1"}],"replies":[{"embeddable":true,"href":"http:\/\/frmf.untz.ba\/web\/wp-json\/wp\/v2\/comments?post=6204"}],"version-history":[{"count":3,"href":"http:\/\/frmf.untz.ba\/web\/wp-json\/wp\/v2\/pages\/6204\/revisions"}],"predecessor-version":[{"id":6217,"href":"http:\/\/frmf.untz.ba\/web\/wp-json\/wp\/v2\/pages\/6204\/revisions\/6217"}],"wp:attachment":[{"href":"http:\/\/frmf.untz.ba\/web\/wp-json\/wp\/v2\/media?parent=6204"}],"curies":[{"name":"wp","href":"https:\/\/api.w.org\/{rel}","templated":true}]}}