{"id":6202,"date":"2025-12-30T08:52:28","date_gmt":"2025-12-30T07:52:28","guid":{"rendered":"http:\/\/frmf.untz.ba\/web\/?page_id=6202"},"modified":"2026-01-01T23:02:05","modified_gmt":"2026-01-01T22:02:05","slug":"studijski-program","status":"publish","type":"page","link":"http:\/\/frmf.untz.ba\/web\/bs\/studijski-program\/","title":{"rendered":"Studijski program"},"content":{"rendered":"\n<p><strong><b>Studijski program \u201eKozmetologija (I ciklus studija) \u201c<\/b><\/strong><\/p>\n<p>Studijski program \u201eKozmetologija (I ciklus studija)\u201c \u00a0na Farmaceutskom fakultetu traje 6 semestara (3 godine). Po zavr\u0161etku studija student ostvaruje ukupno 180 ECTS kredita. Svi predmeti su jednosemestralni, tako da svaki semestar nosi 30 ECTS. Osnovni cilj dodiplomskog studija Kozmetologije je osposobljavanje stru\u010dnih kadrova za poslove u kozmeti\u010dkoj industriji, regulacijskim i inspekcijskim slu\u017ebama, istra\u017eiva\u010dkim institucijama, predstavni\u0161tvima, te za savjetovanje i marketing kozmeti\u010dkih pripravaka unutar razli\u010ditih institucija.<\/p>\n<p>Zavr\u0161etkom trogodi\u0161njeg studija (180 ECTS) pri studijskom programu \u201eKozmetologija\u201d na Farmaceutskom fakultetu student sti\u010de akademsko, odnosno stru\u010dno zvanje Bachelor kozmetologije. Navedeno zvanje bi podrazumijevalo ste\u010dena ekspertna znanja o razvoju kozmeti\u010dkih proizvoda: primjena temeljnih znanja iz hemije, biohemije, farmaceutske hemije, farmakognozije, dermatologije, farmakologije i toksikologije potrebnih za definiranje, analiziranje i predlaganje postupaka vezanih uz istra\u017eivanje, razvoj i proizvodnju, te analizu i kontrolu kozmeti\u010dkih proizvoda.<\/p>\n<ul>\n<li><a href=\"http:\/\/frmf.untz.ba\/web\/wp-content\/uploads\/2025\/12\/Studijski_program_Kozmetologija-25_26-uskladeno-novembar-2025.pdf\">Kozmetologija \u2013 studijski program sa primjenom od ak. 2025\/2026.<\/a><\/li>\n<\/ul>\n","protected":false},"excerpt":{"rendered":"<p>Studijski program \u201eKozmetologija (I ciklus studija) \u201c Studijski program \u201eKozmetologija (I ciklus studija)\u201c \u00a0na Farmaceutskom fakultetu traje 6 semestara (3 godine). Po zavr\u0161etku studija student ostvaruje ukupno 180 ECTS kredita. Svi predmeti su jednosemestralni, tako da svaki semestar nosi 30 ECTS. Osnovni cilj dodiplomskog studija Kozmetologije je osposobljavanje stru\u010dnih kadrova za poslove u kozmeti\u010dkoj industriji, [&hellip;]<\/p>\n","protected":false},"author":1,"featured_media":0,"parent":0,"menu_order":0,"comment_status":"closed","ping_status":"closed","template":"","meta":[],"_links":{"self":[{"href":"http:\/\/frmf.untz.ba\/web\/wp-json\/wp\/v2\/pages\/6202"}],"collection":[{"href":"http:\/\/frmf.untz.ba\/web\/wp-json\/wp\/v2\/pages"}],"about":[{"href":"http:\/\/frmf.untz.ba\/web\/wp-json\/wp\/v2\/types\/page"}],"author":[{"embeddable":true,"href":"http:\/\/frmf.untz.ba\/web\/wp-json\/wp\/v2\/users\/1"}],"replies":[{"embeddable":true,"href":"http:\/\/frmf.untz.ba\/web\/wp-json\/wp\/v2\/comments?post=6202"}],"version-history":[{"count":2,"href":"http:\/\/frmf.untz.ba\/web\/wp-json\/wp\/v2\/pages\/6202\/revisions"}],"predecessor-version":[{"id":6220,"href":"http:\/\/frmf.untz.ba\/web\/wp-json\/wp\/v2\/pages\/6202\/revisions\/6220"}],"wp:attachment":[{"href":"http:\/\/frmf.untz.ba\/web\/wp-json\/wp\/v2\/media?parent=6202"}],"curies":[{"name":"wp","href":"https:\/\/api.w.org\/{rel}","templated":true}]}}