{"id":50,"date":"2017-05-03T15:18:02","date_gmt":"2017-05-03T13:18:02","guid":{"rendered":"http:\/\/frmf.untz.ba\/web\/?page_id=50"},"modified":"2025-10-19T19:01:26","modified_gmt":"2025-10-19T17:01:26","slug":"kontakt","status":"publish","type":"page","link":"http:\/\/frmf.untz.ba\/web\/bs\/kontakt\/","title":{"rendered":"Kontakt"},"content":{"rendered":"<p><strong>Adresa<\/strong><br \/>\nUl. Urfeta Vejzagi\u0107a 8<br \/>\n75000 TUZLA<\/p>\n<p><strong>E-mail<\/strong><\/p>\n<p>dekanat.frmf@untz.ba<\/p>\n<p><strong>Web<\/strong><br \/>\nwww.farmacy.untz.ba, www.frmf.untz.ba<\/p>\n<p><strong>Dekan<br \/>\n<\/strong>Dr.sc. Nahida Srabovi\u0107, vanr.prof.,\u00a0<strong><a href=\"http:\/\/frmf.untz.ba\/web\/wp-content\/uploads\/2024\/11\/Akademski-CV-Nahida-Srabovic-1.docx\">CV<\/a><\/strong><br \/>\nE-mail: nahida.srabovic@untz.ba<\/p>\n<p>Telefon: 035\/320-992<br \/>\nFax: 035\/320-991<\/p>\n<p><strong>Prodekan za nastavu i studentska pitanja<br \/>\n<\/strong>Dr.sc. Esmeralda Dautovi\u0107, doc., <strong><a href=\"http:\/\/frmf.untz.ba\/web\/wp-content\/uploads\/2025\/03\/akademski-CV-Esmeralda_Dautovic.docx\">CV<\/a><\/strong><br \/>\nE-mail: esmeralda.dautovic@untz.ba<\/p>\n<p>Telefon: 035\/320-995<br \/>\nFax: 035\/320-991<\/p>\n<p><strong>Prodekan za nau\u010dno-istra\u017eiva\u010dki rad<br \/>\n<\/strong>Dr.sc. Aida Smajlovi\u0107, red. prof., <strong><a href=\"http:\/\/frmf.untz.ba\/web\/wp-content\/uploads\/2024\/11\/Akademski-CV-Aida-Smajlovic-1.docx\">CV<\/a><\/strong><br \/>\nE-mail: aida.smajlovic@untz.ba<\/p>\n<p>Telefon: 035\/320-996<br \/>\nFax: 035\/320-991<\/p>\n<p><strong>Studentska slu\u017eba<\/strong><\/p>\n<p>Biljana Batas, referent za studentska pitanja<\/p>\n<p>Telefon: 035\/320-998<br \/>\nFax: 035\/320-991<\/p>\n<p><strong>Tehni\u010dki sekretar<\/strong><br \/>\nNedim Jaganjac<br \/>\nE-mail: nedim.jaganjac@untz.ba<\/p>\n","protected":false},"excerpt":{"rendered":"<p>Adresa Ul. Urfeta Vejzagi\u0107a 8 75000 TUZLA E-mail dekanat.frmf@untz.ba Web www.farmacy.untz.ba, www.frmf.untz.ba Dekan Dr.sc. Nahida Srabovi\u0107, vanr.prof.,\u00a0CV E-mail: nahida.srabovic@untz.ba Telefon: 035\/320-992 Fax: 035\/320-991 Prodekan za nastavu i studentska pitanja Dr.sc. Esmeralda Dautovi\u0107, doc., CV E-mail: esmeralda.dautovic@untz.ba Telefon: 035\/320-995 Fax: 035\/320-991 Prodekan za nau\u010dno-istra\u017eiva\u010dki rad Dr.sc. Aida Smajlovi\u0107, red. prof., CV E-mail: aida.smajlovic@untz.ba Telefon: 035\/320-996 Fax: [&hellip;]<\/p>\n","protected":false},"author":1,"featured_media":0,"parent":0,"menu_order":0,"comment_status":"closed","ping_status":"closed","template":"","meta":[],"_links":{"self":[{"href":"http:\/\/frmf.untz.ba\/web\/wp-json\/wp\/v2\/pages\/50"}],"collection":[{"href":"http:\/\/frmf.untz.ba\/web\/wp-json\/wp\/v2\/pages"}],"about":[{"href":"http:\/\/frmf.untz.ba\/web\/wp-json\/wp\/v2\/types\/page"}],"author":[{"embeddable":true,"href":"http:\/\/frmf.untz.ba\/web\/wp-json\/wp\/v2\/users\/1"}],"replies":[{"embeddable":true,"href":"http:\/\/frmf.untz.ba\/web\/wp-json\/wp\/v2\/comments?post=50"}],"version-history":[{"count":13,"href":"http:\/\/frmf.untz.ba\/web\/wp-json\/wp\/v2\/pages\/50\/revisions"}],"predecessor-version":[{"id":6031,"href":"http:\/\/frmf.untz.ba\/web\/wp-json\/wp\/v2\/pages\/50\/revisions\/6031"}],"wp:attachment":[{"href":"http:\/\/frmf.untz.ba\/web\/wp-json\/wp\/v2\/media?parent=50"}],"curies":[{"name":"wp","href":"https:\/\/api.w.org\/{rel}","templated":true}]}}