{"id":4881,"date":"2024-11-11T13:25:58","date_gmt":"2024-11-11T12:25:58","guid":{"rendered":"http:\/\/frmf.untz.ba\/web\/?page_id=4881"},"modified":"2025-03-10T08:49:18","modified_gmt":"2025-03-10T07:49:18","slug":"projekti-i-programi","status":"publish","type":"page","link":"http:\/\/frmf.untz.ba\/web\/bs\/naucno-istrazivacki-rad\/projekti-i-programi\/","title":{"rendered":"Projekti i programi"},"content":{"rendered":"\n<table style=\"width: 76.524%; height: 5737px;\">\n<tbody>\n<tr style=\"height: 53px;\">\n<td style=\"height: 53px; width: 20.882%;\" width=\"173\">\n<p style=\"text-align: center;\"><strong>NAZIV PROJEKTA<\/strong><\/p>\n<\/td>\n<td style=\"height: 53px; width: 17.6257%;\" width=\"173\">\n<p style=\"text-align: center;\"><strong>CILJ PROJEKTA<\/strong><\/p>\n<\/td>\n<td style=\"height: 53px; width: 21.1551%;\" width=\"173\">\n<p style=\"text-align: center;\"><strong>VODITELJ PROJEKTA<\/strong><\/p>\n<\/td>\n<td style=\"height: 53px; width: 14.3425%;\" width=\"173\">\n<p><strong>U\u017dA NAU\u010cNA OBLAST<\/strong><\/p>\n<\/td>\n<td style=\"height: 53px; width: 13.4741%;\" width=\"173\">\n<p><strong>IZVOR FINANSIRANJA<\/strong><\/p>\n<\/td>\n<\/tr>\n<tr>\n<td style=\"width: 20.882%; text-align: center;\"><em><strong>Integrativni pristup cijeljenju tkiva: bioaktivni magnetski flaster sa hiperemijom i imobiliziranim humanim serum albuminom<\/strong><\/em>\n<p style=\"text-align: center;\"><strong><em>\u00a0<\/em><\/strong><\/p>\n<\/td>\n<td style=\"text-align: center; width: 17.6257%;\">\n<p>Nau\u010dno-istra\u017eiva\u010dki<\/p>\n<\/td>\n<td style=\"text-align: center; width: 21.1551%;\">\n<p>Dr.sci. Aida Smajlovi\u0107, red.prof.<\/p>\n<\/td>\n<td style=\"text-align: center; width: 14.3425%;\">\n<p>Biohemija<\/p>\n<\/td>\n<td style=\"text-align: center; width: 13.4741%;\">\n<p>Ministarstva civilnih poslova Bosne i Hercegovine<\/p>\n<p>(2024)<\/p>\n<\/td>\n<\/tr>\n<tr>\n<td style=\"width: 20.882%;\">\n<p style=\"text-align: center;\"><strong><em>Uticaj biljnih ekstrakata na inhibiciju aktivnosti enzima uklju\u010denih u razvoj neurodegenerativnih bolesti<\/em><\/strong><\/p>\n<\/td>\n<td style=\"text-align: center; width: 17.6257%;\">\n<p>Nau\u010dno-istra\u017eiva\u010dki\u00a0<\/p>\n<\/td>\n<td style=\"text-align: center; width: 21.1551%;\">\n<p>Dr.sci. Ermina Cilovi\u0107 Kozarevi\u0107, vanr.prof.<\/p>\n<\/td>\n<td style=\"text-align: center; width: 14.3425%;\">\n<p>Farmakognozija<\/p>\n<\/td>\n<td style=\"text-align: center; width: 13.4741%;\">\n<p>Federalno ministarstvo obrazovanje i nauke, u saradnji sa UNDP<\/p>\n<p>(2024)<\/p>\n<\/td>\n<\/tr>\n<tr>\n<td style=\"width: 20.882%;\">\n<p style=\"text-align: center;\"><strong><em>Razvoj i evaluacija efikasnosti inovativnih i ekolo\u0161ki prihvatljivih kozmeti\u010dkih formulacija za topikalnu primjenu<\/em><\/strong><\/p>\n<\/td>\n<td style=\"text-align: center; width: 17.6257%;\">\n<p>Nau\u010dno-istra\u017eiva\u010dki\u00a0<\/p>\n<\/td>\n<td style=\"text-align: center; width: 21.1551%;\">\n<p>Dr.sci. Enida Kari\u0107, vi\u0161i asistent<\/p>\n<\/td>\n<td style=\"text-align: center; width: 14.3425%;\">\n<p>Farmaceutska tehnologija<\/p>\n<\/td>\n<td style=\"text-align: center; width: 13.4741%;\">\n<p>Federalno ministarstvo obrazovanje i nauke, u saradnji sa UNDP<\/p>\n<p>(2024)<\/p>\n<\/td>\n<\/tr>\n<tr style=\"height: 204px;\">\n<td style=\"height: 204px; width: 20.882%;\" width=\"173\">\n<p style=\"text-align: center;\"><strong><em>Procjena efekata prekomjerne konzumacije rafiniranog \u0161e\u0107era i aspartama na razvoj poreme\u0107aja u pona\u0161anju kod djece i adolescenata<\/em><\/strong><\/p>\n<\/td>\n<td style=\"height: 204px; text-align: center; width: 17.6257%;\" width=\"173\">\n<p>Nau\u010dno-istra\u017eiva\u010dki<\/p>\n<\/td>\n<td style=\"height: 204px; text-align: center; width: 21.1551%;\" width=\"173\">\n<p>Dr.sci. Dalila Halil\u010devi\u0107, vi\u0161i asistent<\/p>\n<\/td>\n<td style=\"height: 204px; text-align: center; width: 14.3425%;\" width=\"173\">\n<p>Biohemija<\/p>\n<\/td>\n<td style=\"height: 204px; text-align: center; width: 13.4741%;\" width=\"173\">\n<p>Kantonalno ministarstvo obrazovanja i nauke<\/p>\n<p>(2024)<\/p>\n<\/td>\n<\/tr>\n<tr style=\"height: 204px;\">\n<td style=\"height: 204px; width: 20.882%;\" width=\"173\">\n<p style=\"text-align: center;\"><strong><em>Nabavka opreme za unapre\u0111enje rada nau\u010dno-istra\u017eiva\u010dkog laboratorija na Farmaceutskom fakultetu Univerziteta u Tuzli<\/em><\/strong><\/p>\n<\/td>\n<td style=\"height: 204px; text-align: center; width: 17.6257%;\" width=\"173\">\n<p>Nabavka opreme<\/p>\n<\/td>\n<td style=\"height: 204px; text-align: center; width: 21.1551%;\" width=\"173\">\n<p>Dr.sci. Adaleta Softi\u0107, red.prof.<\/p>\n<\/td>\n<td style=\"height: 204px; text-align: center; width: 14.3425%;\" width=\"173\">\n<p>Biohemija<\/p>\n<\/td>\n<td style=\"height: 204px; text-align: center; width: 13.4741%;\" width=\"173\">\n<p>Kantonalno ministarstvo obrazovanja i nauke<\/p>\n<p>(2024)<\/p>\n<\/td>\n<\/tr>\n<tr style=\"height: 154px;\">\n<td style=\"height: 154px; width: 20.882%;\" width=\"173\">\n<p style=\"text-align: center;\"><strong><em>In vitro toxicity of heavy metal-polluted aerosols from Tuzla region (Bosnia and Herzegovina)<\/em><\/strong><\/p>\n<\/td>\n<td style=\"height: 154px; text-align: center; width: 17.6257%;\" width=\"173\">\n<p>Nau\u010dno-istra\u017eiva\u010dki<\/p>\n<\/td>\n<td style=\"height: 154px; text-align: center; width: 21.1551%;\" width=\"173\">\n<p>Dr.sci. Maida \u0160ljivi\u0107 Husejnovi\u0107, doc.<\/p>\n<\/td>\n<td style=\"height: 154px; text-align: center; width: 14.3425%;\" width=\"173\">\n<p>Farmaceutska analitika<\/p>\n<\/td>\n<td style=\"height: 154px; text-align: center; width: 13.4741%;\" width=\"173\">\n<p>Bilateralni nau\u010dno-istra\u017eiva\u010dki projekt izme\u0111u R. Slovenije i Bosne i Hercegovine<\/p>\n<p>(2024)<\/p>\n<\/td>\n<\/tr>\n<tr style=\"height: 179px;\">\n<td style=\"height: 179px; width: 20.882%;\" width=\"173\">\n<p style=\"text-align: center;\"><strong><em>Podizanje kvaliteta prakti\u010dne nastave iz oblasti Farmaceutske tehnologije na<br \/>Integrisanom I i II ciklusu studija<\/em><\/strong><\/p>\n<\/td>\n<td style=\"height: 179px; text-align: center; width: 17.6257%;\" width=\"173\">\n<p>Nabavka opreme<\/p>\n<\/td>\n<td style=\"height: 179px; text-align: center; width: 21.1551%;\" width=\"173\">\n<p>Dr.sci. Merima Ibi\u0161evi\u0107, doc.<\/p>\n<\/td>\n<td style=\"height: 179px; text-align: center; width: 14.3425%;\" width=\"173\">\n<p>Farmaceutska tehnologija<\/p>\n<\/td>\n<td style=\"height: 179px; text-align: center; width: 13.4741%;\" width=\"173\">\n<p>Federalno ministarstvo obrazovanja i nauke<\/p>\n<p>(2023)<\/p>\n<\/td>\n<\/tr>\n<tr style=\"height: 179px;\">\n<td style=\"height: 179px; width: 20.882%;\" width=\"173\">\n<p style=\"text-align: center;\"><strong><em>Nabavka opreme za unapre\u0111enje rada \u0107elijskog laboratorija na Farmaceutskom fakultetu Univerziteta u Tuzli<\/em><\/strong><\/p>\n<\/td>\n<td style=\"height: 179px; text-align: center; width: 17.6257%;\" width=\"173\">\n<p>Nabavka opreme<\/p>\n<\/td>\n<td style=\"height: 179px; text-align: center; width: 21.1551%;\" width=\"173\">\n<p>Dr.sci. Esmeralda Dautovi\u0107, doc.<\/p>\n<\/td>\n<td style=\"height: 179px; text-align: center; width: 14.3425%;\" width=\"173\">\n<p>Biohemija<\/p>\n<\/td>\n<td style=\"height: 179px; text-align: center; width: 13.4741%;\" width=\"173\">\n<p>Kantonalno ministarstvo obrazovanja i nauke<\/p>\n<p>(2023)<\/p>\n<\/td>\n<\/tr>\n<tr style=\"height: 103px;\">\n<td style=\"height: 103px; width: 20.882%;\" width=\"173\">\n<p style=\"text-align: center;\"><strong><em>Dopuna bibliote\u010dkog fonda Farmaceutskog fakulteta<\/em><\/strong><\/p>\n<\/td>\n<td style=\"height: 103px; text-align: center; width: 17.6257%;\" width=\"173\">\n<p>Nabavka nedostaju\u0107e stru\u010dne i nau\u010dne literature<\/p>\n<\/td>\n<td style=\"height: 103px; text-align: center; width: 21.1551%;\" width=\"173\">\n<p>\u00a0Dr.sci. Adaleta Softi\u0107, red.prof.<\/p>\n<\/td>\n<td style=\"height: 103px; text-align: center; width: 14.3425%;\" width=\"173\">\n<p>Biohemija<\/p>\n<\/td>\n<td style=\"height: 103px; text-align: center; width: 13.4741%;\" width=\"173\">\n<p>Federalno ministarstvo obrazovanja i nauke<\/p>\n<p>(2023)<\/p>\n<\/td>\n<\/tr>\n<tr style=\"height: 128px;\">\n<td style=\"height: 128px; width: 20.882%;\" width=\"173\">\n<p style=\"text-align: center;\"><strong><em>Nabavka opreme za NIR Farmaceutskog fakulteta Univerziteta u Tuzli u 2023.godini<\/em><\/strong><\/p>\n<\/td>\n<td style=\"height: 128px; text-align: center; width: 17.6257%;\" width=\"173\">\n<p>Nabavka opreme<\/p>\n<\/td>\n<td style=\"height: 128px; text-align: center; width: 21.1551%;\" width=\"173\">\n<p>Dr.sci. Esmeralda Dautovi\u0107, doc.<\/p>\n<\/td>\n<td style=\"height: 128px; text-align: center; width: 14.3425%;\" width=\"173\">\n<p>Biohemija i Farmaceutska tehnologija<\/p>\n<\/td>\n<td style=\"height: 128px; text-align: center; width: 13.4741%;\" width=\"173\">\n<p>Federalno ministarstvo obrazovanja i nauke<\/p>\n<p>(2023)<\/p>\n<\/td>\n<\/tr>\n<tr style=\"height: 179px;\">\n<td style=\"height: 179px; width: 20.882%;\" width=\"173\">\n<p style=\"text-align: center;\"><strong><em>Biohemijska karakterizacija inhibicije glikacije i agregacije humanog serum albumina (HSA) u in vitro uslovima<\/em><\/strong><\/p>\n<\/td>\n<td style=\"height: 179px; text-align: center; width: 17.6257%;\" width=\"173\">\n<p>Nau\u010dno-istra\u017eiva\u010dki<\/p>\n<\/td>\n<td style=\"height: 179px; text-align: center; width: 21.1551%;\" width=\"173\">\n<p>Dr.sci. Aida Smajlovi\u0107, red.prof.<\/p>\n<\/td>\n<td style=\"height: 179px; text-align: center; width: 14.3425%;\" width=\"173\">\n<p>Biohemija<\/p>\n<\/td>\n<td style=\"height: 179px; text-align: center; width: 13.4741%;\" width=\"173\">\n<p>Federalno ministarstvo obrazovanja i nauke<\/p>\n<p>(2023)<\/p>\n<\/td>\n<\/tr>\n<tr style=\"height: 154px;\">\n<td style=\"height: 154px; width: 20.882%;\" width=\"173\">\n<p style=\"text-align: center;\"><strong><em>Istra\u017eivanje biomarkera zaga\u0111enja okoli\u0161a te\u0161kim metalima i procjena zdravstvenog rizika<\/em><\/strong><\/p>\n<\/td>\n<td style=\"height: 154px; text-align: center; width: 17.6257%;\" width=\"173\">\n<p>Nau\u010dno-istra\u017eiva\u010dki<\/p>\n<\/td>\n<td style=\"height: 154px; text-align: center; width: 21.1551%;\" width=\"173\">\n<p>Dr.sci. Maida \u0160ljivi\u0107 Husejnovi\u0107, doc.<\/p>\n<\/td>\n<td style=\"height: 154px; text-align: center; width: 14.3425%;\" width=\"173\">\n<p>Farmaceutska analitika<\/p>\n<\/td>\n<td style=\"height: 154px; text-align: center; width: 13.4741%;\" width=\"173\">\n<p>Federalno ministarstvo obrazovanja i nauke<\/p>\n<p>(2023)<\/p>\n<\/td>\n<\/tr>\n<tr style=\"height: 229px;\">\n<td style=\"height: 229px; width: 20.882%;\" width=\"173\">\n<p style=\"text-align: center;\"><strong><em>Ispitivanje citotoksi\u010dnosti odabranih eteri\u010dnih ulja na humanoj HeLa\u0107elijskoj linijikarcinoma grli\u0107a maternice i formulacija preparata za vaginalnu primjenu<\/em><\/strong><\/p>\n<\/td>\n<td style=\"height: 229px; text-align: center; width: 17.6257%;\" width=\"173\">\n<p>Nau\u010dno-istra\u017eiva\u010dki<\/p>\n<\/td>\n<td style=\"height: 229px; text-align: center; width: 21.1551%;\" width=\"173\">\n<p>Dr.sci. Merima Ibi\u0161evi\u0107, doc.<\/p>\n<\/td>\n<td style=\"height: 229px; text-align: center; width: 14.3425%;\" width=\"173\">\n<p>Farmaceutska tehnologija<\/p>\n<\/td>\n<td style=\"height: 229px; text-align: center; width: 13.4741%;\" width=\"173\">\n<p>Kantonalno ministarstvo obrazovanja i nauke<\/p>\n<p>(2023)<\/p>\n<\/td>\n<\/tr>\n<tr style=\"height: 229px;\">\n<td style=\"height: 229px; width: 20.882%;\" width=\"173\">\n<p style=\"text-align: center;\"><strong><em>Ispitivanje pojedina\u010dnih i kombinovanih efekata titanijum dioksid partikula i drugih aditiva iz hrane kao biomarkera o\u0161te\u0107enja DNA i apoptoze u humanim \u0107elijskim linijama<\/em><\/strong><\/p>\n<\/td>\n<td style=\"height: 229px; text-align: center; width: 17.6257%;\" width=\"173\">\n<p>Nau\u010dno-istra\u017eiva\u010dki<\/p>\n<\/td>\n<td style=\"height: 229px; text-align: center; width: 21.1551%;\" width=\"173\">\n<p>Dr.sci. Esmeralda Dautovi\u0107, doc.<\/p>\n<\/td>\n<td style=\"height: 229px; text-align: center; width: 14.3425%;\" width=\"173\">\n<p>Biohemija<\/p>\n<\/td>\n<td style=\"height: 229px; text-align: center; width: 13.4741%;\" width=\"173\">\n<p>Kantonalno ministarstvo obrazovanja i nauke<\/p>\n<p>(2023)<\/p>\n<\/td>\n<\/tr>\n<tr style=\"height: 254px;\">\n<td style=\"height: 254px; width: 20.882%;\" width=\"173\">\n<p style=\"text-align: center;\"><strong><em>Inhibicija enzima tirozinaze i in vivo ispitivanje indeksa melanina kozmeti\u010dkih emulzija izra\u0111enih sa koji\u010dnom kiselinom, niacinamidom i ekstraktom odabranih biljaka<\/em><\/strong><\/p>\n<\/td>\n<td style=\"height: 254px; text-align: center; width: 17.6257%;\" width=\"173\">\n<p>Nau\u010dno-istra\u017eiva\u010dki<\/p>\n<\/td>\n<td style=\"height: 254px; text-align: center; width: 21.1551%;\" width=\"173\">\n<p>Dr.sci. Merima Ibi\u0161evi\u0107, doc.<\/p>\n<\/td>\n<td style=\"height: 254px; text-align: center; width: 14.3425%;\" width=\"173\">\n<p>Farmaceutska tehnologija<\/p>\n<\/td>\n<td style=\"height: 254px; text-align: center; width: 13.4741%;\" width=\"173\">\n<p>Projekat odobren po pozivu Federalnog ministarstva obrazovanja i nauke (projekat finansiran iz vlastitih sredstava)<\/p>\n<p>(2023)<\/p>\n<\/td>\n<\/tr>\n<tr style=\"height: 128px;\">\n<td style=\"height: 128px; width: 20.882%;\" width=\"173\">\n<p style=\"text-align: center;\"><strong><em>Prevencija karcinogenih i nekarcinogenih bolesti \u0161titnja\u010de sa aspekta endokrinih disruptora<\/em><\/strong><\/p>\n<\/td>\n<td style=\"height: 128px; text-align: center; width: 17.6257%;\" width=\"173\">\n<p>Nau\u010dno-istra\u017eiva\u010dki<\/p>\n<\/td>\n<td style=\"height: 128px; text-align: center; width: 21.1551%;\" width=\"173\">\n<p>Dr.sci. Maida \u0160ljivi\u0107 Husejnovi\u0107, doc.<\/p>\n<\/td>\n<td style=\"height: 128px; text-align: center; width: 14.3425%;\" width=\"173\">\n<p>Farmaceutska analitika<\/p>\n<\/td>\n<td style=\"height: 128px; text-align: center; width: 13.4741%;\" width=\"173\">\n<p>Grad \u017divinice, Mir Sada, 2021, Lyon-\u017divinice<\/p>\n<p>(2022)<\/p>\n<\/td>\n<\/tr>\n<tr style=\"height: 229px;\">\n<td style=\"height: 229px; width: 20.882%;\" width=\"173\">\n<p style=\"text-align: center;\"><strong><em>Ispitivanje uticaja terapije statinima na modulaciju hepati\u010dke sinteze i sekrecije glukoze i humanog serum albumina &#8211; in vitro studija na HepG2 \u0107elijskoj liniji<\/em><\/strong><\/p>\n<\/td>\n<td style=\"height: 229px; text-align: center; width: 17.6257%;\" width=\"173\">\n<p>Nau\u010dno-istra\u017eiva\u010dki<\/p>\n<\/td>\n<td style=\"height: 229px; text-align: center; width: 21.1551%;\" width=\"173\">\n<p>Dr.sci. Esmeralda Dautovi\u0107, doc.<\/p>\n<\/td>\n<td style=\"height: 229px; text-align: center; width: 14.3425%;\" width=\"173\">\n<p>Biohemija<\/p>\n<\/td>\n<td style=\"height: 229px; text-align: center; width: 13.4741%;\" width=\"173\">\n<p>Projekat odobren po pozivu Federalnog ministarstva obrazovanja i nauke (projekat finansiran iz vlastitih sredstava)<\/p>\n<p>(2022)<\/p>\n<\/td>\n<\/tr>\n<tr style=\"height: 204px;\">\n<td style=\"height: 204px; width: 20.882%;\" width=\"173\">\n<p style=\"text-align: center;\"><strong><em>In vitro ispitivanje toksi\u010dnog efekta polimedikamentozne terapije paracetamolom, azitromicinom i deksametazonom u terapiji Covid-19<\/em><\/strong><\/p>\n<\/td>\n<td style=\"height: 204px; text-align: center; width: 17.6257%;\" width=\"173\">\n<p>Nau\u010dno-istra\u017eiva\u010dki<\/p>\n<\/td>\n<td style=\"height: 204px; text-align: center; width: 21.1551%;\" width=\"173\">\n<p>Dr.sci. Maida \u0160ljivi\u0107 Husejnovi\u0107, doc.<\/p>\n<\/td>\n<td style=\"height: 204px; text-align: center; width: 14.3425%;\" width=\"173\">\n<p>Farmaceutska analitika<\/p>\n<\/td>\n<td style=\"height: 204px; text-align: center; width: 13.4741%;\" width=\"173\">\n<p>Projekat odobren po pozivu Federalnog ministarstva obrazovanja i nauke (projekat finansiran iz vlastitih sredstava)<\/p>\n<p>(2022)<\/p>\n<\/td>\n<\/tr>\n<tr style=\"height: 355px;\">\n<td style=\"height: 355px; width: 20.882%;\" width=\"173\">\n<p style=\"text-align: center;\"><strong><em>Innovating Quality Assessment Tools For Pharmacy Studies in Bosnia and Herzegovina<\/em><\/strong><\/p>\n<\/td>\n<td style=\"height: 355px; text-align: center; width: 17.6257%;\" width=\"173\">\n<p>Podizanje kvalitete i modernizacija studija farmacije na javnim univerzitetima u Bosni i Hercegovini, uklju\u010duju\u0107i ja\u010danje polustrukturiranog iskustvenog obrazovanja u skladu sa EU standardima i propisima visokog obrazovanja za regulirane profesije<\/p>\n<\/td>\n<td style=\"height: 355px; text-align: center; width: 21.1551%;\" width=\"173\">\n<p>Farmaceutski fakultet UNTZ, Farmaceutski fakultet UNSA, Medicinski fakultet Univerzitet Banja Luka, Farmaceutski fakultet Sveu\u010dili\u0161te u Mostaru<\/p>\n<\/td>\n<td style=\"height: 355px; text-align: center; width: 14.3425%;\" width=\"173\">\n<p>\u00a0<\/p>\n<\/td>\n<td style=\"height: 355px; text-align: center; width: 13.4741%;\" width=\"173\">\n<p>EU izvori finansiranja<\/p>\n<p>(2021)<\/p>\n<\/td>\n<\/tr>\n<tr style=\"height: 154px;\">\n<td style=\"height: 154px; width: 20.882%;\" width=\"173\">\n<p style=\"text-align: center;\"><strong><em>Ispitivanje genotoksi\u010dnih efekata aditiva iz hrane na \u0107elijske linije HL60 i Jurkat i na izolirane limfocite periferne krvi<\/em><\/strong><\/p>\n<\/td>\n<td style=\"height: 154px; text-align: center; width: 17.6257%;\" width=\"173\">\n<p>Nau\u010dno-istra\u017eiva\u010dki<\/p>\n<\/td>\n<td style=\"height: 154px; text-align: center; width: 21.1551%;\" width=\"173\">\n<p>Dr.sci. Nahida Srabovi\u0107, vanr.prof.<\/p>\n<\/td>\n<td style=\"height: 154px; text-align: center; width: 14.3425%;\" width=\"173\">\n<p>Biohemija<\/p>\n<\/td>\n<td style=\"height: 154px; text-align: center; width: 13.4741%;\" width=\"173\">\n<p>Federalno ministarstvo obrazovanja i nauke<\/p>\n<p>(2021)<\/p>\n<\/td>\n<\/tr>\n<tr style=\"height: 103px;\">\n<td style=\"height: 103px; width: 20.882%;\" width=\"173\">\n<p style=\"text-align: center;\"><strong><em>Fitohemijsko ispitivanje i biolo\u0161ki efekti ekstrakata Pulicariae dysentericae<\/em><\/strong><\/p>\n<\/td>\n<td style=\"height: 103px; text-align: center; width: 17.6257%;\" width=\"173\">\n<p>Nau\u010dno-istra\u017eiva\u010dki<\/p>\n<\/td>\n<td style=\"height: 103px; text-align: center; width: 21.1551%;\" width=\"173\">\n<p>Dr.sci. Ermina Cilovi\u0107 Kozarevi\u0107, doc.<\/p>\n<\/td>\n<td style=\"height: 103px; text-align: center; width: 14.3425%;\" width=\"173\">\n<p>Farmakognozija<\/p>\n<\/td>\n<td style=\"height: 103px; text-align: center; width: 13.4741%;\" width=\"173\">\n<p>Federalno ministarstvo obrazovanja i nauke<\/p>\n<p>(2021)<\/p>\n<\/td>\n<\/tr>\n<tr style=\"height: 179px;\">\n<td style=\"height: 179px; width: 20.882%;\" width=\"173\">\n<p style=\"text-align: center;\"><strong><em>In vitro ispitivanje antitumorske aktivnosti grupe sintetisanih tetraketona na HEP G2, HELA, HL 6, JURKAT i WI 38<\/em><\/strong><\/p>\n<\/td>\n<td style=\"height: 179px; text-align: center; width: 17.6257%;\" width=\"173\">\n<p>Nau\u010dno-istra\u017eiva\u010dki<\/p>\n<\/td>\n<td style=\"height: 179px; text-align: center; width: 21.1551%;\" width=\"173\">\n<p>Dr.sci. Aida Smajlovi\u0107, red.prof.<\/p>\n<\/td>\n<td style=\"height: 179px; text-align: center; width: 14.3425%;\" width=\"173\">\n<p>Biohemija, Farmaceutska analitika, Farmaceutska hemija<\/p>\n<\/td>\n<td style=\"height: 179px; text-align: center; width: 13.4741%;\" width=\"173\">\n<p>Federalno ministarstvo obrazovanja i nauke<\/p>\n<p>(2020)<\/p>\n<\/td>\n<\/tr>\n<tr style=\"height: 179px;\">\n<td style=\"height: 179px; width: 20.882%;\" width=\"173\">\n<p style=\"text-align: center;\"><strong><em>Sinteza tetraketonskih spojeva i in vitro ispitivanje njihovog antitumorskog i antioksidativnog djelovanja <\/em><\/strong><\/p>\n<\/td>\n<td style=\"height: 179px; text-align: center; width: 17.6257%;\" width=\"173\">\n<p>Nau\u010dno-istra\u017eiva\u010dki<\/p>\n<\/td>\n<td style=\"height: 179px; text-align: center; width: 21.1551%;\" width=\"173\">\n<p>Dr.sci. Nahida Srabovi\u0107, vanr.prof.<\/p>\n<\/td>\n<td style=\"height: 179px; text-align: center; width: 14.3425%;\" width=\"173\">\n<p>Biohemija, Farmaceutska hemija, Farmaceutska analitika, Farmaceutska tehnologija<\/p>\n<\/td>\n<td style=\"height: 179px; text-align: center; width: 13.4741%;\" width=\"173\">\n<p>Federalno ministarstvo obrazovanja i nauke<\/p>\n<p>(2019)<\/p>\n<\/td>\n<\/tr>\n<tr style=\"height: 179px;\">\n<td style=\"height: 179px; width: 20.882%;\" width=\"173\">\n<p style=\"text-align: center;\"><strong><em>Procjena genotoksi\u010dnih i citotoksi\u010dnih efekata te\u0161kih metala olova i kadmijuma na humanim \u0107elijskim linijama Jurkat i HL60<\/em><\/strong><\/p>\n<\/td>\n<td style=\"height: 179px; text-align: center; width: 17.6257%;\" width=\"173\">\n<p>Nau\u010dno-istra\u017eiva\u010dki<\/p>\n<\/td>\n<td style=\"height: 179px; text-align: center; width: 21.1551%;\" width=\"173\">\n<p>Dr.sci. Adaleta Softi\u0107, red.prof.<\/p>\n<\/td>\n<td style=\"height: 179px; text-align: center; width: 14.3425%;\" width=\"173\">\n<p>Biohemija, Farmaceutska analitika<\/p>\n<\/td>\n<td style=\"height: 179px; text-align: center; width: 13.4741%;\" width=\"173\">\n<p>Federalno ministarstvo obrazovanja i nauke<\/p>\n<p>(2019)<\/p>\n<\/td>\n<\/tr>\n<tr style=\"height: 128px;\">\n<td style=\"height: 128px; width: 20.882%;\" width=\"173\">\n<p style=\"text-align: center;\"><strong><em>Biohemijska determinacija citotoksi\u010dnih efekata aditiva iz hrane<\/em><\/strong><\/p>\n<\/td>\n<td style=\"height: 128px; text-align: center; width: 17.6257%;\" width=\"173\">\n<p>Nau\u010dno-istra\u017eiva\u010dki<\/p>\n<\/td>\n<td style=\"height: 128px; text-align: center; width: 21.1551%;\" width=\"173\">\n<p>Dr.sci. Adaleta Softi\u0107, red.prof.<\/p>\n<\/td>\n<td style=\"height: 128px; text-align: center; width: 14.3425%;\" width=\"173\">\n<p>Biohemija<\/p>\n<\/td>\n<td style=\"height: 128px; text-align: center; width: 13.4741%;\" width=\"173\">\n<p>Federalno ministarstvo obrazovanja i nauke<\/p>\n<p>(2019)<\/p>\n<\/td>\n<\/tr>\n<tr style=\"height: 204px;\">\n<td style=\"height: 204px; width: 20.882%;\" width=\"173\">\n<p style=\"text-align: center;\"><strong><em>European Cooperation in Science and Technology (COST) (CA18103- Innovation with Glycans: new frontiers from synthesis to new biological targets)<\/em><\/strong><\/p>\n<\/td>\n<td style=\"height: 204px; text-align: center; width: 17.6257%;\" width=\"173\">\n<p>Nau\u010dno-istra\u017eiva\u010dki<\/p>\n<\/td>\n<td style=\"height: 204px; text-align: center; width: 21.1551%;\" width=\"173\">\n<p>\u00a0<\/p>\n<\/td>\n<td style=\"height: 204px; text-align: center; width: 14.3425%;\" width=\"173\">\n<p>Biohemija<\/p>\n<\/td>\n<td style=\"height: 204px; text-align: center; width: 13.4741%;\" width=\"173\">\n<p>EU izvori finansiranja<\/p>\n<p>(2019)<\/p>\n<\/td>\n<\/tr>\n<tr style=\"height: 103px;\">\n<td style=\"height: 103px; width: 20.882%;\" width=\"173\">\n<p style=\"text-align: center;\"><strong><em>Toksi\u010dnost okoline aerosola u regiji Tuzle (Bosna i Hercegovina)<\/em><\/strong><\/p>\n<\/td>\n<td style=\"height: 103px; text-align: center; width: 17.6257%;\" width=\"173\">\n<p>Nau\u010dno-istra\u017eiva\u010dki<\/p>\n<\/td>\n<td style=\"height: 103px; text-align: center; width: 21.1551%;\" width=\"173\">\n<p>Dr.sci. Aida Smajlovi\u0107, red.prof.<\/p>\n<\/td>\n<td style=\"height: 103px; text-align: center; width: 14.3425%;\" width=\"173\">\n<p>Biohemija<\/p>\n<\/td>\n<td style=\"height: 103px; text-align: center; width: 13.4741%;\" width=\"173\">\n<p>Projekat finansiran iz EU i ostalih inostranih fondova<\/p>\n<p>(2018)<\/p>\n<\/td>\n<\/tr>\n<tr style=\"height: 204px;\">\n<td style=\"height: 204px; width: 20.882%;\" width=\"173\">\n<p style=\"text-align: center;\"><strong><em>Uticaj antioksidanasa na agregaciju proteina; in vitro istra\u017eivanje amiloidne fibrilacije na modelu \u010dovje\u010dijeg stefina B i b2 &#8211; mikroglobulina<\/em><\/strong><\/p>\n<\/td>\n<td style=\"height: 204px; text-align: center; width: 17.6257%;\" width=\"173\">\n<p style=\"text-align: center;\">Nau\u010dno-istra\u017eiva\u010dki<\/p>\n<\/td>\n<td style=\"height: 204px; text-align: center; width: 21.1551%;\" width=\"173\">\n<p>Dr.sci. Selma Berbi\u0107, red.prof.<\/p>\n<\/td>\n<td style=\"height: 204px; text-align: center; width: 14.3425%;\" width=\"173\">\n<p>Biohemija<\/p>\n<\/td>\n<td style=\"height: 204px; text-align: center; width: 13.4741%;\" width=\"173\">\n<p>Projekat finansiran iz EU i ostalih inostranih fondova<\/p>\n<p>(2018)<\/p>\n<\/td>\n<\/tr>\n<tr style=\"height: 154px;\">\n<td style=\"height: 154px; width: 20.882%;\" width=\"173\">\n<p style=\"text-align: center;\"><strong><em>Uloga C\/ebp alfa transkripcijskog faktora u ekspresiji cistatina F u imunosnim i tumorskim \u0107elijama<\/em><\/strong><\/p>\n<\/td>\n<td style=\"height: 154px; text-align: center; width: 17.6257%;\" width=\"173\">\n<p style=\"text-align: center;\">Nau\u010dno-istra\u017eiva\u010dki<\/p>\n<\/td>\n<td style=\"height: 154px; text-align: center; width: 21.1551%;\" width=\"173\">\n<p>Dr.sci. Adaleta Softi\u0107, red.prof.<\/p>\n<\/td>\n<td style=\"height: 154px; text-align: center; width: 14.3425%;\" width=\"173\">\n<p>Biohemija<\/p>\n<\/td>\n<td style=\"height: 154px; text-align: center; width: 13.4741%;\" width=\"173\">\n<p>Projekat finansiran iz EU i ostalih inostranih fondova<\/p>\n<p>(2018)<\/p>\n<\/td>\n<\/tr>\n<\/tbody>\n<\/table>\n","protected":false},"excerpt":{"rendered":"<p>NAZIV PROJEKTA CILJ PROJEKTA VODITELJ PROJEKTA U\u017dA NAU\u010cNA OBLAST IZVOR FINANSIRANJA Integrativni pristup cijeljenju tkiva: bioaktivni magnetski flaster sa hiperemijom i imobiliziranim humanim serum albuminom \u00a0 Nau\u010dno-istra\u017eiva\u010dki Dr.sci. Aida Smajlovi\u0107, red.prof. Biohemija Ministarstva civilnih poslova Bosne i Hercegovine (2024) Uticaj biljnih ekstrakata na inhibiciju aktivnosti enzima uklju\u010denih u razvoj neurodegenerativnih bolesti Nau\u010dno-istra\u017eiva\u010dki\u00a0 Dr.sci. Ermina Cilovi\u0107 [&hellip;]<\/p>\n","protected":false},"author":1,"featured_media":0,"parent":44,"menu_order":1,"comment_status":"closed","ping_status":"closed","template":"","meta":[],"_links":{"self":[{"href":"http:\/\/frmf.untz.ba\/web\/wp-json\/wp\/v2\/pages\/4881"}],"collection":[{"href":"http:\/\/frmf.untz.ba\/web\/wp-json\/wp\/v2\/pages"}],"about":[{"href":"http:\/\/frmf.untz.ba\/web\/wp-json\/wp\/v2\/types\/page"}],"author":[{"embeddable":true,"href":"http:\/\/frmf.untz.ba\/web\/wp-json\/wp\/v2\/users\/1"}],"replies":[{"embeddable":true,"href":"http:\/\/frmf.untz.ba\/web\/wp-json\/wp\/v2\/comments?post=4881"}],"version-history":[{"count":7,"href":"http:\/\/frmf.untz.ba\/web\/wp-json\/wp\/v2\/pages\/4881\/revisions"}],"predecessor-version":[{"id":5384,"href":"http:\/\/frmf.untz.ba\/web\/wp-json\/wp\/v2\/pages\/4881\/revisions\/5384"}],"up":[{"embeddable":true,"href":"http:\/\/frmf.untz.ba\/web\/wp-json\/wp\/v2\/pages\/44"}],"wp:attachment":[{"href":"http:\/\/frmf.untz.ba\/web\/wp-json\/wp\/v2\/media?parent=4881"}],"curies":[{"name":"wp","href":"https:\/\/api.w.org\/{rel}","templated":true}]}}