{"id":4854,"date":"2024-11-08T15:02:37","date_gmt":"2024-11-08T14:02:37","guid":{"rendered":"http:\/\/frmf.untz.ba\/web\/?page_id=4854"},"modified":"2024-11-13T15:07:29","modified_gmt":"2024-11-13T14:07:29","slug":"studenti-u-istrazivanju","status":"publish","type":"page","link":"http:\/\/frmf.untz.ba\/web\/bs\/studenti-u-istrazivanju\/","title":{"rendered":"Studenti u istra\u017eivanju"},"content":{"rendered":"\n<p><strong>UNIVERZITET U TUZLI<\/strong><\/p>\n<p><strong>Farmaceutski fakultet<\/strong><\/p>\n<p>\u00a0<\/p>\n<p><strong>PREDMET<\/strong>: Spisak objavljenih radova studenata Farmaceutskog fakulteta<\/p>\n<p>\u00a0<\/p>\n<p>\u0160ljivi\u0107 Husejnovi\u0107 M, Uzunovi\u0107 A, <strong>Husanovi\u0107 M<\/strong>, Mlivo E. (2024). Monte Carlo simulation in health risk assessment of sulfur dioxide exposure \u2013 a pivotal factor for future air quality regulation. In: Karabegovic, I., Kova\u010devi\u0107, A., Mandzuka, S. (eds) New Technologies, Development and Application VII. NT 2024. Lecture Notes in Networks and Systems, vol. 1070. Springer, Cham. https:\/\/doi.org\/10.1007\/978-3-031-66271-3_58<\/p>\n<p>\u0160ljivi\u0107 Husejnovi\u0107 M, <strong>Palavri\u0107 A<\/strong>, Sulji\u0107 A, Mlivo E. (2024). An integrated health risk assessment approach to the study of carbonated water spring from Tuzla area, Bosnia and Herzegovina. In: Karabegovic, I., Kova\u010devi\u0107, A., Mandzuka, S. (eds) New Technologies, Development and Application VII. NT 2024. Lecture Notes in Networks and Systems, vol 1070. Springer, Cham. https:\/\/doi.org\/10.1007\/978-3-031-66271-3_62<\/p>\n<p><strong>Kajtazovi\u0107 F<\/strong>, <strong>Divkovi\u0107 L<\/strong>, <strong>Ahmetovi\u0107 E<\/strong>, <strong>D\u017eafi\u0107 A<\/strong>, <strong>Beganovi\u0107 M<\/strong>, Ibi\u0161evi\u0107 M,\u00a0 \u0160ljivi\u0107 Husejnovi\u0107 M. (2024). Savremeni pristupi u farmakoterapiji pretilosti: izazovi, rizici i perspektive. Zbornik radova sa XI simpozija magistara farmacije Tuzlanskog kantona.11:75-85<\/p>\n<p><strong>Djedovi\u0107 B<\/strong>, <strong>\u0106uri\u0107 S<\/strong>, <strong>Hasiki\u0107 A<\/strong>, <strong>Hau\u0161i\u0107 S<\/strong>, <strong>Juki\u0107 E<\/strong>, <strong>Star\u010devi\u0107 H<\/strong>, Ibi\u0161evi\u0107 M, \u0160ljivi\u0107 Husejnovi\u0107 M.\u00a0 (2024). Indikacije i sigurnosni profil Botulinum neurotoksina za primjenu u kozmetologiji. Zbornik radova sa XI simpozija magistara farmacije Tuzlanskog kantona. 11:65-74.<\/p>\n<p>Smajlovi\u0107 A, Hatki\u0107 A, Dautovi\u0107 E,<strong> Pavli\u0107 D<\/strong>, Softi\u0107 A, Srabovi\u0107 N, Halil\u010devi\u0107 D, \u0160ari\u0107 A. (2023). <em>In vitro<\/em> characterization of the interactions of human serum albumin with rosuvastatin and atorvastatin using fluorescence spectroscopy and molecular modeling. <em>European journal of advanced chemistry research<\/em>. 2023: 9-15. doi:10.24018\/ejchem.4.4.145<\/p>\n<p>Softi\u0107 A, Omeragi\u0107 E, Kond\u017ea M, Srabovi\u0107 N, Smajlovi\u0107 A, Dautovi\u0107 E, Bubi\u0107 Paji\u0107 N, Bego T, Gagi\u0107 \u017d, Brizi\u0107 i, Ra\u010di\u0107 A, Be\u010di\u0107 E, Pehlivanovi\u0107 B, <strong>\u0160abi\u0107<\/strong><strong> \u0160<\/strong><strong>, Suljagi\u0107<\/strong><strong> E<\/strong><strong>, Huki\u0107<\/strong><strong> A<\/strong><strong>, Pavli\u0107<\/strong><strong> D<\/strong><strong>, Lu\u010di\u0107<\/strong><strong> A. <\/strong>(2023). Knowledge and\u00a0 Attitudes regarding Covid-19 Vaccination among Medical and Non-medical Students in Bosnia and Herzegovina. Acta Medica Academica 52 (1): 1-12 <a href=\"https:\/\/www.bib.irb.hr\/1271154\/download\/1271154.518-1629-1-PB.pdf\">https:\/\/www.bib.irb.hr\/1271154\/download\/1271154.518-1629-1-PB.pdf<\/a><\/p>\n<p>Horozi\u0107 E, <strong>Levi\u0107 M<\/strong>, <strong>Mehi\u010di\u0107 Z<\/strong>, <strong>Me\u0161i\u0107 E<\/strong>, Kozarevi\u0107 EC, Ibi\u0161evi\u0107 M, Kari\u0107 E. (2023).Analysis of polyphenol content and antioxidant capacity of Bear onion (Allium ursinum) extracts obtained by different extraction techniques in selected solvents. IJISET; 10 (2): 90-94.\u00a0<\/p>\n<p><strong>Levi\u0107 M<\/strong>, <strong>Kova\u010devi\u0107 S<\/strong>, <strong>Me\u0161i\u0107 E<\/strong>, \u0160ljivi\u0107 Husejnovi\u0107 M (2023). Izlo\u017eenost polutantima iz zraka kao faktor ritika za pretilost kod djece i odraslih. Zbornik radova sa X simpozija magistara farmacije Tuzlanskog kantona. 10:73-82.<\/p>\n<p><strong>Babi\u0107 S<\/strong>, <strong>Malko\u010devi\u0107 M<\/strong>, <strong>Muminovi\u0107 A<\/strong>, \u0160ljivi\u0107 Husejnovi\u0107 M. (2023) Etanolom inducirana hipoglikemija kod dijabeti\u010dara. Zbornik radova sa X simpozija magistara farmacije Tuzlanskog kantona. 10:83-91.<\/p>\n<p>Ibi\u0161evi\u0107 M, Pilipovi\u0107 S, Husejnagi\u0107 D, <strong>Malohod\u017ei\u0107 F<\/strong>, Kulani\u0107 A, Mustafi\u0107 L, Cilovi\u0107 Kozarevi\u0107 E, Horozi\u0107 E, Kari\u0107 E (2023). A comparative study of antimicrobial activity of Melaleuca alternifolia, Achillea millefolium and Cinnnamomum camphora vaginal suppositories. Technologica Acta. 16 (1): 1-6.<\/p>\n<p>Horozi\u0107 E, Huseinovi\u0107 E, <strong>Meki\u0107 L,<\/strong> Kolarevi\u0107 L, Had\u017eigrahi\u0107 A, Kari\u0107 E, Ibi\u0161evi\u0107 M (2023). Influence of solvents and solvent mixtures on the content of polyphenols and antioxidant activity of Capsella bursa-pastoris (L.) Medik. Extracts\u201d. Journal of Scientific Research and Reports, 29 (9): 35-41.<\/p>\n<p>Kari\u0107 E, Horozi\u0107 E, Pilipovi\u0107 S, Dautovi\u0107 E, Ibi\u0161evi\u0107 M, D\u017eambi\u0107 A, <strong>\u010celikovi\u0107 S,<\/strong> Halil\u010devi\u0107 A (2023). Tyrosinase inhibition, antioxidant and antibacterial activity of commercial daisy extract (Bellis perennis). Journal of Pharmaceutical Research International, 35(5): 13-19.<\/p>\n<p>Horozi\u0107 E, <strong>Levi\u0107 M<\/strong>, <strong>Mehi\u010di\u0107 Z<\/strong>, <strong>Me\u0161i\u0107 E<\/strong>, Cilovi\u0107 Kozarevi\u0107 E, Ibi\u0161evi\u0107 M, Kari\u0107 E (2023). Analysis of polyphenol content and antioxidant capacity of Bear onion (Allium ursinum) extracts obtained by different extraction techniques in selected solvents. International Journal of Innovative Science, Engineering &amp; Technology. 10 (2):\u00a0 90-94.<\/p>\n<p>Horozi\u0107 E., Kolarevi\u0107 L., <strong>Baji\u0107 M.,<\/strong> <strong>Ali\u0107 L<\/strong>., <strong>Babi\u0107 S<\/strong>., <strong>Ahmeta\u0161evi\u0107 E<\/strong>. Comparative Study of Antioxidant Capacity, Polyphenol and Flavonoid Content of Water, Ethanol and Water-Ethanol Hibiscus Extracts. European Journal of Advanced Chemistry Research. 2023; 4(2), 13-16.<\/p>\n<p>\u0160ljivi\u0107 Husejnovi\u0107 M, <strong>Turki\u0107 A<\/strong>, Halil\u010devi\u0107 A, Had\u017ei\u0107 N, Mahmutbegovi\u0107 H. (2022) Deterministic and probabilistic human health risk assessment for fluorides in drinking groundwater from Lukavac, Bosnia and Herzegovina. Environmental Analysis, Health and Toxicology, 37(2):e2022016. doi: 10.5620\/eaht.2022016<\/p>\n<p>Cilovi\u0107 Kozarevi\u0107 E, Dautovi\u0107 E, Halil\u010devi\u0107 D, Softi\u0107 A, Srabovi\u0107 N, \u0160ari\u0107-Kundali\u0107 B, <strong>Deli\u0107 N,<\/strong> Kolarevi\u0107 L, <strong>Meki\u0107 L<\/strong>, Ibi\u0161evi\u0107 M, Horozi\u0107 E, Arsenijevi\u0107 J, Maksimovi\u0107 Z (2022). Antioxidant and Cytotoxic Activities of Pulicaria dysenterica Methanol Extracts. International Research Journal of Pure and Applied Chemistry, 23(5): 23-32.<\/p>\n<p>Horozi\u0107 E, \u0160ljivi\u0107 Husejnovi\u0107 M, <strong>Kolarevi\u0107 L<\/strong>, <strong>Bjelo\u0161evi\u0107 D<\/strong>, Ibi\u0161evi\u0107 M, Kari\u0107 E, D\u017eambi\u0107 A. (2021) Antioksidansi. In Scan d.o.o., Tuzla, Bosna i Hercegovina, ISBN: 978-9958-894-87-9<\/p>\n<p><strong>Kolarevi\u0107 L<\/strong>., Horozi\u0107 E., Ademovi\u0107 Z., \u0160ari\u0107-Kundali\u0107 B., Husejnagi\u0107 D. (2020) Influence of Deep Eutectic Solvents (DESs) on Antioxidant and Antimicrobial Activity of Seed Extracts of Selected Citrus Species. Int. Res. J. Pure Appl. Chem. 120-8.<\/p>\n<p>Begi\u0107 S, Horozi\u0107 E,\u00a0 Aliba\u0161i\u0107 H, Bjeli\u0107 E, Seferovi\u0107 S, Cilovi\u0107 Kozarevi\u0107 E, Ibi\u0161evi\u0107 M, <strong>Zuki\u0107<\/strong><strong> A<\/strong>, Kari\u0107 E, Softi\u0107 M (2020). Antioxidant Capacity and Total Phenolic and Flavonoid Contents of Methanolic Extracts of Urtica dioica L. by Different Extraction Techniques International Research Journal of Pure &amp; Applied Chemistry 21(23): 207-214, 2020; Article no.IRJPAC.63986 ISSN: 2231-3443, NLM ID: 101647669<\/p>\n<p>Srabovi\u0107 N, Smajlovi\u0107 A, Softi\u0107 A, <strong>\u0160pralja N, Rami<\/strong><strong>\u0107<\/strong><strong> N (<\/strong>2019). Fluorimetric profiles, flavonoid and polyphenols content of acacia, meadow and honeydew honey samples and their correlation with colour intensity of honey Technologica acta 12 (2), 23\u201327 DOI: 10.5281\/zenodo.3643456 <a href=\"http:\/\/tf.untz.ba\/technologica-acta\/\">http:\/\/tf.untz.ba\/technologica-acta\/<\/a><\/p>\n<p>Horozi\u0107, E., <strong>Kolarevi\u0107, L<\/strong>., <strong>Zuki\u0107, A<\/strong>., <strong>Bjelo\u0161evi\u0107, D<\/strong>., Ademovi\u0107, Z., \u0160ari\u0107-Kundali\u0107, B. (2019) Investigation of solvent effects on antioxidant activity of dried immortelle extracts (Helichrysum italicum). VI Symposium of pharmacists TK- \u201cAntioxidants: Importance and Use\u201d, Hotel Tuzla, Tuzla, B&amp;H, Proceedings. 25-29.<\/p>\n<p>Horozic E., <strong>Zukic A<\/strong>., <strong>Kolarevic L<\/strong>., <strong>Bjelosevic D<\/strong>., Ademovic Z., Saric-Kundalic B., Husejnagic D., Kudumovic A., Hamzic S. (2019) Evaluation of antibacterial and antioxidant activity of methanol needle extracts of Larix Decidua Mill., Picea Abies (L.) H. Karst. and Pinus Nigra JF Arnold. TTEM. 14.<\/p>\n<p>Horozi\u0107 E., <strong>Kolarevi\u0107 L<\/strong>., <strong>Zuki\u0107 A<\/strong>., <strong>Bjelo\u0161evi\u0107 D<\/strong>., <strong>Meki\u0107 L<\/strong>., Ademovi\u0107 Z., Husejnagi\u0107 D., Hod\u017ei\u0107 S. (2019) Effects of extraction solvent\/technique on the antioxidant and antimicrobial activity of spring saffron (Crocus vernus (L.) Hill). Acta Medica Saliniana. 49 (2).<\/p>\n<p>Cipurkovi\u0107 A., Mari\u0107 S., Horozi\u0107 E., Hod\u017ei\u0107 S., Husejnagi\u0107 D., <strong>Kolarevi\u0107 L<\/strong>., <strong>Zuki\u0107 A<\/strong>., <strong>Bjelo\u0161evi\u0107 D<\/strong>. (2019) Complexes of Co (II), Cu (II) and Ni (II) with Antineoplastic Agent Imatinib Mesylate: Synthesis, Characterization and Biological Activity. American Journal of Chemistry. 9 (6): 159-64.<\/p>\n<p>Horozi\u0107 E, Cipurkovi\u0107 A, Ademovi\u0107 Z, <strong>Kolarevi\u0107 L<\/strong>, <strong>Bjelo\u0161evi\u0107 D<\/strong>, <strong>Zuki\u0107 A<\/strong>, Hod\u017ei\u0107 S, Husejnagi\u0107 D, Ibi\u0161evi\u0107 M (2018). Synthesis, characterization and in vitro antimicrobial activity of the Cu(II) and Fe(III) complexes with 1-cyclopropyl-6-fluoro-4-oxo-7-(piperazin-1-yl)-1,4-dihydroquinoline3-carboxylic acid. Bulletin of the Chemists and Technologists of Bosnia and Herzegovina, 51, 1-5.<\/p>\n<p>Horozi\u0107, E., Cipurkovi\u0107, A., Ademovi\u0107, Z., <strong>Bjelo\u0161evi\u0107, D<\/strong>., <strong>Kolarevi\u0107, L<\/strong>., <strong>Zuki\u0107, A<\/strong>., Husejnagi\u0107, D., Hod\u017ei\u0107, S. (2018) Synthesis, spectral characterization and antimicrobial activity of some M(II) complexes with Ciprofloxacin. Journal of Engineering &amp; Processing Management.10 (2), 16- 22.<\/p>\n<p>Horozi\u0107 E., Cipurkovi\u0107 A., Ademovi\u0107 Z., <strong>Kolarevi\u0107 L<\/strong>., <strong>Bjelo\u0161evi\u0107 D<\/strong>., <strong>Zuki\u0107 A<\/strong>., Hod\u017ei\u0107 S., Husejnagi\u0107 D. (2018) Synthesis, characterization and antimicrobial screening of Cu(II) complex with macrolide antibiotic Azithromycin.XII Counseling for Chemists, Technologists and Ecologists of the Republic of Srpska, Hotel Kardial, Tesli\u0107, B&amp;H, November 2-3, Proceedings. 27-33.<\/p>\n<p>Horozi\u0107, E., Cipurkovi\u0107, A., Ademovi\u0107, Z., Husejnagi\u0107, D., <strong>Kolarevi\u0107, L<\/strong>., <strong>Bjelo\u0161evi\u0107, D<\/strong>., <strong>Zuki\u0107, A<\/strong>., Hod\u017ei\u0107, S. (2018) Complexes with Beta-Lactam Antibiotic Amoxicillin: Synthesis, characterization and In vitro antimicrobial activity.XII Counseling for Chemists, Technologists and Ecologists of the Republic of Srpska, Hotel Kardial, Tesli\u0107, B&amp;H, November 2-3, Proceedings. 34-41.<\/p>\n<p>\u0160ljivi\u0107 Husejnovi\u0107 M, <strong>Hod\u017ei\u0107 J<\/strong>, <strong>Kugubi\u0107 S<\/strong>, <strong>\u010celebi\u0107 \u0160<\/strong>, <strong>Joldi\u0107 R<\/strong>, <strong>Guti\u0107 S<\/strong>, <strong>A\u0161\u010di\u0107 E<\/strong>, <strong>Bukvi\u0107 S<\/strong>, Srabovi\u0107 N. Sadr\u017eaj olova i ekotoksikolo\u0161ka procjena rizika poljoprivrednog tla u dolini rijeke Spre\u010de. Zbornik radova sa IV simpozija magistara farmacije Tuzlanskog kantona. 2017<\/p>\n<p><strong>\u0110erzi\u0107 Z<\/strong>, Osmanovi\u0107 S, Cilovi\u0107 E. Comparison of polyphenol content in selected plants of Asteraceae family. Zbornik radova sa III simpozija magistara farmacije Tuzlanskog kantona 2016; 3: 37-44.<\/p>\n<p style=\"text-align: right;\">\u00a0\u00a0\u00a0\u00a0\u00a0\u00a0\u00a0\u00a0\u00a0\u00a0\u00a0\u00a0\u00a0\u00a0\u00a0\u00a0\u00a0\u00a0\u00a0\u00a0\u00a0\u00a0\u00a0\u00a0\u00a0\u00a0\u00a0\u00a0\u00a0\u00a0\u00a0\u00a0\u00a0\u00a0\u00a0\u00a0\u00a0\u00a0\u00a0\u00a0\u00a0\u00a0\u00a0\u00a0\u00a0\u00a0\u00a0\u00a0\u00a0\u00a0\u00a0\u00a0\u00a0\u00a0\u00a0\u00a0\u00a0\u00a0\u00a0\u00a0\u00a0\u00a0\u00a0\u00a0\u00a0\u00a0\u00a0\u00a0\u00a0\u00a0\u00a0\u00a0\u00a0\u00a0\u00a0\u00a0\u00a0\u00a0\u00a0\u00a0\u00a0\u00a0\u00a0\u00a0\u00a0\u00a0\u00a0\u00a0\u00a0\u00a0\u00a0\u00a0\u00a0\u00a0\u00a0\u00a0\u00a0\u00a0\u00a0\u00a0 Prodekan za nau\u010dno-istra\u017eiva\u010dki rad:<\/p>\n<p style=\"text-align: right;\">\u00a0\u00a0\u00a0\u00a0\u00a0\u00a0\u00a0\u00a0\u00a0\u00a0\u00a0\u00a0\u00a0\u00a0\u00a0\u00a0\u00a0\u00a0\u00a0\u00a0\u00a0\u00a0\u00a0\u00a0\u00a0\u00a0\u00a0\u00a0\u00a0\u00a0\u00a0\u00a0\u00a0\u00a0\u00a0\u00a0\u00a0\u00a0\u00a0\u00a0\u00a0\u00a0\u00a0\u00a0\u00a0\u00a0\u00a0\u00a0\u00a0\u00a0\u00a0\u00a0\u00a0\u00a0\u00a0\u00a0\u00a0\u00a0\u00a0\u00a0\u00a0\u00a0\u00a0\u00a0\u00a0\u00a0\u00a0\u00a0\u00a0\u00a0\u00a0\u00a0\u00a0\u00a0\u00a0\u00a0\u00a0\u00a0\u00a0\u00a0Dr.sc. Aida Smajlovi\u0107, red.prof.<\/p>\n<p>\u00a0<\/p>\n<p>\u00a0\u00a0<\/p>\n<p>\u00a0<\/p>\n<p>\u00a0<\/p>\n","protected":false},"excerpt":{"rendered":"<p>UNIVERZITET U TUZLI Farmaceutski fakultet \u00a0 PREDMET: Spisak objavljenih radova studenata Farmaceutskog fakulteta \u00a0 \u0160ljivi\u0107 Husejnovi\u0107 M, Uzunovi\u0107 A, Husanovi\u0107 M, Mlivo E. (2024). Monte Carlo simulation in health risk assessment of sulfur dioxide exposure \u2013 a pivotal factor for future air quality regulation. In: Karabegovic, I., Kova\u010devi\u0107, A., Mandzuka, S. (eds) New Technologies, Development [&hellip;]<\/p>\n","protected":false},"author":1,"featured_media":0,"parent":0,"menu_order":0,"comment_status":"closed","ping_status":"closed","template":"","meta":[],"_links":{"self":[{"href":"http:\/\/frmf.untz.ba\/web\/wp-json\/wp\/v2\/pages\/4854"}],"collection":[{"href":"http:\/\/frmf.untz.ba\/web\/wp-json\/wp\/v2\/pages"}],"about":[{"href":"http:\/\/frmf.untz.ba\/web\/wp-json\/wp\/v2\/types\/page"}],"author":[{"embeddable":true,"href":"http:\/\/frmf.untz.ba\/web\/wp-json\/wp\/v2\/users\/1"}],"replies":[{"embeddable":true,"href":"http:\/\/frmf.untz.ba\/web\/wp-json\/wp\/v2\/comments?post=4854"}],"version-history":[{"count":4,"href":"http:\/\/frmf.untz.ba\/web\/wp-json\/wp\/v2\/pages\/4854\/revisions"}],"predecessor-version":[{"id":4953,"href":"http:\/\/frmf.untz.ba\/web\/wp-json\/wp\/v2\/pages\/4854\/revisions\/4953"}],"wp:attachment":[{"href":"http:\/\/frmf.untz.ba\/web\/wp-json\/wp\/v2\/media?parent=4854"}],"curies":[{"name":"wp","href":"https:\/\/api.w.org\/{rel}","templated":true}]}}