{"id":46,"date":"2017-05-03T15:17:37","date_gmt":"2017-05-03T13:17:37","guid":{"rendered":"http:\/\/frmf.untz.ba\/web\/?page_id=46"},"modified":"2017-05-15T09:37:57","modified_gmt":"2017-05-15T07:37:57","slug":"oprema","status":"publish","type":"page","link":"http:\/\/frmf.untz.ba\/web\/bs\/oprema\/","title":{"rendered":"Oprema"},"content":{"rendered":"<h4>Nau\u010dno-istra\u017eiva\u010dka oprema i oprema za potrebe nastavnog procesa (izvo\u0111enje laboratorijskih vje\u017ebi)<\/h4>\n<p>Farmaceutski fakultet raspola\u017ee sa nau\u010dno-istra\u017eiva\u010dkom opremom kako je dato u tabelama 1 i 2.<\/p>\n<p><em>Tabela 1. Spisak nastavne i nau\u010dno-istra\u017eiva\u010dke opreme na Farmaceutskom fakultetu \u2013 A <\/em><\/p>\n<table>\n<tbody>\n<tr>\n<td style=\"text-align: left;\" width=\"64\"><strong>\u00a0<\/strong><\/td>\n<td style=\"text-align: left;\" width=\"549\"><strong>NAZIV OPREME<\/strong><\/td>\n<\/tr>\n<tr>\n<td style=\"text-align: left;\" width=\"64\">1<\/td>\n<td style=\"text-align: left;\" width=\"549\">Mikroskop biolo\u0161ki bm-017p<\/td>\n<\/tr>\n<tr>\n<td style=\"text-align: left;\" width=\"64\">2<\/td>\n<td style=\"text-align: left;\" width=\"549\">Mikroskop biolo\u0161ki bm-011b<\/td>\n<\/tr>\n<tr>\n<td style=\"text-align: left;\" width=\"64\">3<\/td>\n<td style=\"text-align: left;\" width=\"549\">Kamera digitalna za mikroskop 2.0 mpix<\/td>\n<\/tr>\n<tr>\n<td style=\"text-align: left;\" width=\"64\">4<\/td>\n<td style=\"text-align: left;\" width=\"549\">Centrifuga 5702<\/td>\n<\/tr>\n<tr>\n<td style=\"text-align: left;\" width=\"64\">5<\/td>\n<td style=\"text-align: left;\" width=\"549\">Hr25-800 handrefracrometer without tempar.0-80 %<\/td>\n<\/tr>\n<tr>\n<td style=\"text-align: left;\" width=\"64\">6<\/td>\n<td style=\"text-align: left;\" width=\"549\">Tcl staklena kada 20&#215;20 cm sa poklopcem<\/td>\n<\/tr>\n<tr>\n<td style=\"text-align: left;\" width=\"64\">7<\/td>\n<td style=\"text-align: left;\" width=\"549\">Kspi melting point metar wiht 10x magnificiation optic+30 cm<\/td>\n<\/tr>\n<tr>\n<td style=\"text-align: left;\" width=\"64\">8<\/td>\n<td style=\"text-align: left;\" width=\"549\">Bandelin rk 100h-ultrazvu\u010dno kupatilo 3l sa grijanj i tajm.<\/td>\n<\/tr>\n<tr>\n<td style=\"text-align: left;\" width=\"64\">9<\/td>\n<td style=\"text-align: left;\" width=\"549\">Wnb memmert microproc.pid up+95c digital timer<\/td>\n<\/tr>\n<tr>\n<td style=\"text-align: left;\" width=\"64\">10<\/td>\n<td style=\"text-align: left;\" width=\"549\">Nabartherm le 4\/11\/r6 pe\u0107 mufolna do 1100c<\/td>\n<\/tr>\n<tr>\n<td style=\"text-align: left;\" width=\"64\">11<\/td>\n<td style=\"text-align: left;\" width=\"549\">Uv-nandlampt short-and long \u2013wav 6w-handlamp stand for<\/td>\n<\/tr>\n<tr>\n<td style=\"text-align: left;\" width=\"64\">12<\/td>\n<td style=\"text-align: left;\" width=\"549\">Unb 200 memmert univerzal oven microproceros pid up to+220<\/td>\n<\/tr>\n<tr>\n<td style=\"text-align: left;\" width=\"64\">13<\/td>\n<td style=\"text-align: left;\" width=\"549\">Gfl destilator vode 4 l\/h i 12 l\/h<\/td>\n<\/tr>\n<tr>\n<td style=\"text-align: left;\" width=\"64\">14<\/td>\n<td style=\"text-align: left;\" width=\"549\">Uvmini-1240 digitalni spektro fotometar<\/td>\n<\/tr>\n<tr>\n<td style=\"text-align: left;\" width=\"64\">15<\/td>\n<td style=\"text-align: left;\" width=\"549\">Rf-5301 spektrofluoro- fotometer<\/td>\n<\/tr>\n<tr>\n<td style=\"text-align: left;\" width=\"64\">16<\/td>\n<td style=\"text-align: left;\" width=\"549\">Ax 120-m-analiti\u010dka vaga<\/td>\n<\/tr>\n<tr>\n<td style=\"text-align: left;\" width=\"64\">17<\/td>\n<td style=\"text-align: left;\" width=\"549\">El200-tehni\u010dka vaga<\/td>\n<\/tr>\n<tr>\n<td style=\"text-align: left;\" width=\"64\">18<\/td>\n<td style=\"text-align: left;\" width=\"549\">Homogenizator powergren 125<\/td>\n<\/tr>\n<tr>\n<td style=\"text-align: left;\" width=\"64\">19<\/td>\n<td style=\"text-align: left;\" width=\"549\">Vortex mixer fisherbrand adapter za 2&#215;25 ml fla\u0161e<\/td>\n<\/tr>\n<tr>\n<td style=\"text-align: left;\" width=\"64\">20<\/td>\n<td style=\"text-align: left;\" width=\"549\">Vortex mixer fisherbrand adapter za pcr plo\u010de<\/td>\n<\/tr>\n<tr>\n<td style=\"text-align: left;\" width=\"64\">21<\/td>\n<td style=\"text-align: left;\" width=\"549\">Magnetna mje\u0161alica<\/td>\n<\/tr>\n<tr>\n<td style=\"text-align: left;\" width=\"64\">22<\/td>\n<td style=\"text-align: left;\" width=\"549\">Ure\u0111aj za ru\u010dno nano\u0161enje gela na staklene plo\u010de za tlc<\/td>\n<\/tr>\n<tr>\n<td style=\"text-align: left;\" width=\"64\">23<\/td>\n<td style=\"text-align: left;\" width=\"549\">Spectrum bx ii ft-ir system<\/td>\n<\/tr>\n<tr>\n<td style=\"text-align: left;\" width=\"64\">24<\/td>\n<td style=\"text-align: left;\" width=\"549\">General purpose ft-ir accessor kit<\/td>\n<\/tr>\n<tr>\n<td style=\"text-align: left;\" width=\"64\">25<\/td>\n<td style=\"text-align: left;\" width=\"549\">Fluorrescentni mikroskop fdm 1000sa mikrotomom i odg.opremom<\/td>\n<\/tr>\n<tr>\n<td style=\"text-align: left;\" width=\"64\">26<\/td>\n<td style=\"text-align: left;\" width=\"549\">Hplc<\/td>\n<\/tr>\n<tr>\n<td style=\"text-align: left;\" width=\"64\">27<\/td>\n<td style=\"text-align: left;\" width=\"549\">Inkubator<\/td>\n<\/tr>\n<tr>\n<td style=\"text-align: left;\" width=\"64\">28<\/td>\n<td style=\"text-align: left;\" width=\"549\">Vodeno kupatilo sa 6 mjesta<\/td>\n<\/tr>\n<tr>\n<td style=\"text-align: left;\" width=\"64\">29<\/td>\n<td style=\"text-align: left;\" width=\"549\">Ra\u010dunarska oprema a \u2013 pc<\/td>\n<\/tr>\n<tr>\n<td style=\"text-align: left;\" width=\"64\">30<\/td>\n<td style=\"text-align: left;\" width=\"549\">Videoprojektor acer<\/td>\n<\/tr>\n<tr>\n<td style=\"text-align: left;\" width=\"64\">31<\/td>\n<td style=\"text-align: left;\" width=\"549\">Laptop lenovo 3000<\/td>\n<\/tr>\n<tr>\n<td style=\"text-align: left;\" width=\"64\">32<\/td>\n<td style=\"text-align: left;\" width=\"549\">Laserjet 1018<\/td>\n<\/tr>\n<\/tbody>\n<\/table>\n<p><em>\u00a0<\/em><\/p>\n<p><em>Tabela 2. Spisak nastavne i nau\u010dno-istra\u017eiva\u010dke opreme na Farmaceutskom fakultetu- B <\/em><\/p>\n<table>\n<tbody>\n<tr>\n<td style=\"text-align: left;\" width=\"64\"><strong>\u00a0<\/strong><\/td>\n<td style=\"text-align: left;\" width=\"549\"><strong>NAZIV OPREME<\/strong><\/td>\n<\/tr>\n<tr>\n<td style=\"text-align: left;\" width=\"64\">1<\/td>\n<td style=\"text-align: left;\" width=\"549\">UV-VIS Spektrofotometar<\/td>\n<\/tr>\n<tr>\n<td style=\"text-align: left;\" width=\"64\">2<\/td>\n<td style=\"text-align: left;\" width=\"549\">Centrifuga sa velikim brojem obrtaja sa hladjenjem(adaPteri, pet rotora i epruvete)<\/td>\n<\/tr>\n<tr>\n<td style=\"text-align: left;\" width=\"64\">3<\/td>\n<td style=\"text-align: left;\" width=\"549\">Mini centrifuga sa odgovaraju\u0107im epruvetama<\/td>\n<\/tr>\n<tr>\n<td style=\"text-align: left;\" width=\"64\">4<\/td>\n<td style=\"text-align: left;\" width=\"549\">Analiti\u010dka vaga METTLER AG 245<\/td>\n<\/tr>\n<tr>\n<td style=\"text-align: left;\" width=\"64\">5<\/td>\n<td style=\"text-align: left;\" width=\"549\">Precizna vaga METTLER PB 602<\/td>\n<\/tr>\n<tr>\n<td style=\"text-align: left;\" width=\"64\">6<\/td>\n<td style=\"text-align: left;\" width=\"549\">Stolni pH-metar METTLER<\/td>\n<\/tr>\n<tr>\n<td style=\"text-align: left;\" width=\"64\">7<\/td>\n<td style=\"text-align: left;\" width=\"549\">Komora za UV PCR<\/td>\n<\/tr>\n<tr>\n<td style=\"text-align: left;\" width=\"64\">8<\/td>\n<td style=\"text-align: left;\" width=\"549\">PHAST sistem elektroforeza<\/td>\n<\/tr>\n<tr>\n<td style=\"text-align: left;\" width=\"64\">9<\/td>\n<td style=\"text-align: left;\" width=\"549\">Frakcioni kolektor sa peristalti\u010dkom pumpom<\/td>\n<\/tr>\n<tr>\n<td style=\"text-align: left;\" width=\"64\">10<\/td>\n<td style=\"text-align: left;\" width=\"549\">Vodeno kupatilo sa mije\u0161anjem<\/td>\n<\/tr>\n<tr>\n<td style=\"text-align: left;\" width=\"64\">11<\/td>\n<td style=\"text-align: left;\" width=\"549\">Vodeno kupatilo sa dvije komore<\/td>\n<\/tr>\n<tr>\n<td style=\"text-align: left;\" width=\"64\">12<\/td>\n<td style=\"text-align: left;\" width=\"549\">Homogenizator velike brzine sa dodacima<\/td>\n<\/tr>\n<tr>\n<td style=\"text-align: left;\" width=\"64\">13<\/td>\n<td style=\"text-align: left;\" width=\"549\">Tkivni homogenizator<\/td>\n<\/tr>\n<tr>\n<td style=\"text-align: left;\" width=\"64\">14<\/td>\n<td style=\"text-align: left;\" width=\"549\">Sistem za filtraciju (fla\u0161e i lijevci)<\/td>\n<\/tr>\n<tr>\n<td style=\"text-align: left;\" width=\"64\">15<\/td>\n<td style=\"text-align: left;\" width=\"549\">DewarD-posude za te\u010dni azot (za \u010duvanje i rad) sa pripadnim priborom, kriogene epruvete i posude<\/td>\n<\/tr>\n<tr>\n<td style=\"text-align: left;\" width=\"64\">16<\/td>\n<td style=\"text-align: left;\" width=\"549\">Vertikalna elektroforeza-mini sistem sa pripadaju\u0107im elementima<\/td>\n<\/tr>\n<tr>\n<td style=\"text-align: left;\" width=\"64\">17<\/td>\n<td style=\"text-align: left;\" width=\"549\">Horizontalna elektroforeza-mini sistem sa pripadaju\u0107im elementima<\/td>\n<\/tr>\n<tr>\n<td style=\"text-align: left;\" width=\"64\">18<\/td>\n<td style=\"text-align: left;\" width=\"549\">Sistem za sekveniranje nukleinskih kiselina sa pripadaju\u0107im elementima<\/td>\n<\/tr>\n<tr>\n<td style=\"text-align: left;\" width=\"64\">19<\/td>\n<td style=\"text-align: left;\" width=\"549\">Komora za pravljenje gelova za elektroforezu<\/td>\n<\/tr>\n<tr>\n<td style=\"text-align: left;\" width=\"64\">20<\/td>\n<td style=\"text-align: left;\" width=\"549\">Sistem za standardnu horizontalnu elektroforezu<\/td>\n<\/tr>\n<tr>\n<td style=\"text-align: left;\" width=\"64\">21<\/td>\n<td style=\"text-align: left;\" width=\"549\">Sistem za standardnu horizontalnu elektroforezu (sa dvostrukom komorom)<\/td>\n<\/tr>\n<tr>\n<td style=\"text-align: left;\" width=\"64\">22<\/td>\n<td style=\"text-align: left;\" width=\"549\">Mini horizontalna \u0107elija sa recirkulacijom<\/td>\n<\/tr>\n<tr>\n<td style=\"text-align: left;\" width=\"64\">23<\/td>\n<td style=\"text-align: left;\" width=\"549\">Ispravlja\u010d za elektroforezu sa mogu\u0107no\u0161\u0107u programiranja<\/td>\n<\/tr>\n<tr>\n<td style=\"text-align: left;\" width=\"64\">24<\/td>\n<td style=\"text-align: left;\" width=\"549\">Sistem za su\u0161enje gela za elektroforezu sa pripadnom vakum pumpom<\/td>\n<\/tr>\n<tr>\n<td style=\"text-align: left;\" width=\"64\">25<\/td>\n<td style=\"text-align: left;\" width=\"549\">Tamna komora sa postoljem za kameru, sa dodacima<\/td>\n<\/tr>\n<tr>\n<td style=\"text-align: left;\" width=\"64\">26<\/td>\n<td style=\"text-align: left;\" width=\"549\">UV-Fluorescentna plo\u010da<\/td>\n<\/tr>\n<tr>\n<td style=\"text-align: left;\" width=\"64\">27<\/td>\n<td style=\"text-align: left;\" width=\"549\">Sistem za hibridizaciju (sa odgovaraju\u0107im bocama)<\/td>\n<\/tr>\n<tr>\n<td style=\"text-align: left;\" width=\"64\">28<\/td>\n<td style=\"text-align: left;\" width=\"549\">Vortex-GENIUS<\/td>\n<\/tr>\n<tr>\n<td style=\"text-align: left;\" width=\"64\">29<\/td>\n<td style=\"text-align: left;\" width=\"549\">Zamrziva\u010d za temperature do (-80)<\/td>\n<\/tr>\n<tr>\n<td style=\"text-align: left;\" width=\"64\">30<\/td>\n<td style=\"text-align: left;\" width=\"549\">Mje\u0161a\u010d sa komorom za pode\u0161avanje temperature<\/td>\n<\/tr>\n<tr>\n<td style=\"text-align: left;\" width=\"64\">31<\/td>\n<td style=\"text-align: left;\" width=\"549\">Ledomat<\/td>\n<\/tr>\n<tr>\n<td style=\"text-align: left;\" width=\"64\">32<\/td>\n<td style=\"text-align: left;\" width=\"549\">Washer za elisa<\/td>\n<\/tr>\n<tr>\n<td style=\"text-align: left;\" width=\"64\">33<\/td>\n<td style=\"text-align: left;\" width=\"549\">Minireader za ELISA<\/td>\n<\/tr>\n<tr>\n<td style=\"text-align: left;\" width=\"64\">34<\/td>\n<td style=\"text-align: left;\" width=\"549\">Kolorimetar<\/td>\n<\/tr>\n<\/tbody>\n<\/table>\n<p><strong>\u00a0<\/strong><\/p>\n<p style=\"text-align: justify;\"><strong>Napomena uz tabelu B: <\/strong>Naprijed navedena oprema dijelom pripada Medicinskom fakultetu, a korisnik je Katedra za biohemiju Farmaceutskog fakulteta. Katedra za biohemiju Farmaceutskog fakulteta, prije osnivanja Farmaceutskog fakulteta,\u00a0 organizacijski je pripadala\u00a0 Medicinskom fakultetu tako da je u\u010destvovala u formiranju Nau\u010dno-istra\u017eiva\u010dkog laboratorija na Medicinskom fakultetu.<\/p>\n","protected":false},"excerpt":{"rendered":"<p>Nau\u010dno-istra\u017eiva\u010dka oprema i oprema za potrebe nastavnog procesa (izvo\u0111enje laboratorijskih vje\u017ebi) Farmaceutski fakultet raspola\u017ee sa nau\u010dno-istra\u017eiva\u010dkom opremom kako je dato u tabelama 1 i 2. Tabela 1. Spisak nastavne i nau\u010dno-istra\u017eiva\u010dke opreme na Farmaceutskom fakultetu \u2013 A \u00a0 NAZIV OPREME 1 Mikroskop biolo\u0161ki bm-017p 2 Mikroskop biolo\u0161ki bm-011b 3 Kamera digitalna za mikroskop 2.0 mpix [&hellip;]<\/p>\n","protected":false},"author":1,"featured_media":0,"parent":0,"menu_order":0,"comment_status":"closed","ping_status":"closed","template":"","meta":[],"_links":{"self":[{"href":"http:\/\/frmf.untz.ba\/web\/wp-json\/wp\/v2\/pages\/46"}],"collection":[{"href":"http:\/\/frmf.untz.ba\/web\/wp-json\/wp\/v2\/pages"}],"about":[{"href":"http:\/\/frmf.untz.ba\/web\/wp-json\/wp\/v2\/types\/page"}],"author":[{"embeddable":true,"href":"http:\/\/frmf.untz.ba\/web\/wp-json\/wp\/v2\/users\/1"}],"replies":[{"embeddable":true,"href":"http:\/\/frmf.untz.ba\/web\/wp-json\/wp\/v2\/comments?post=46"}],"version-history":[{"count":6,"href":"http:\/\/frmf.untz.ba\/web\/wp-json\/wp\/v2\/pages\/46\/revisions"}],"predecessor-version":[{"id":171,"href":"http:\/\/frmf.untz.ba\/web\/wp-json\/wp\/v2\/pages\/46\/revisions\/171"}],"wp:attachment":[{"href":"http:\/\/frmf.untz.ba\/web\/wp-json\/wp\/v2\/media?parent=46"}],"curies":[{"name":"wp","href":"https:\/\/api.w.org\/{rel}","templated":true}]}}