{"id":455,"date":"2018-09-05T09:07:38","date_gmt":"2018-09-05T07:07:38","guid":{"rendered":"http:\/\/frmf.untz.ba\/web\/?page_id=455"},"modified":"2025-12-11T16:32:13","modified_gmt":"2025-12-11T15:32:13","slug":"preuzimanje-dokumenata-downloads","status":"publish","type":"page","link":"http:\/\/frmf.untz.ba\/web\/bs\/iii-ciklus-studija\/preuzimanje-dokumenata-downloads\/","title":{"rendered":"Dokumenti"},"content":{"rendered":"<p>Na ovoj stranici mo\u017eete preuzeti sve sve slu\u017ebene dokumente koji se odnose na studijski program III ciklusa studija Farmaceutskog fakulteta Univerziteta u Tuzli.<\/p>\n<p>Dokumenti:<\/p>\n<ul>\n<li><a href=\"http:\/\/frmf.untz.ba\/web\/wp-content\/uploads\/2025\/12\/FARM_Farmaceutske_znanosti_studijski_program_III_ciklusa_studija_ak_2025_26_god-1.pdf\">Studijski program- Farmaceutske_znanosti (III ciklus studija) sa primjenom od akademske 2025\/26. godine.<\/a><\/li>\n<li><a href=\"http:\/\/untz.ba\/wp-content\/uploads\/2022\/04\/PRAVILNIK_o_trecem_ciklusu-doktorskom_studiju_na_UnTz_cetvrti_precisceni_tekst_06_04_2022.pdf\">Pravilnik o tre\u0107em ciklusu studija<\/a><\/li>\n<\/ul>\n<p>Sve izmjene i dopune Pravilnika o tre\u0107em ciklusu studija mo\u017eete prona\u0107i <a href=\"https:\/\/untz.ba\/univerzitet\/akti\/\">ovdje<\/a>.<\/p>\n<ul>\n<li><a href=\"http:\/\/untz.ba\/wp-content\/uploads\/2024\/07\/ODLUKA_o_iznosu_participacije_i_skolarine_u_troskovima_sva_tri_ciklusa_studija_na_fakultetima_akademija_UnTz_ak_2024_25_god_10_07_2024.pdf\">Odluka o iznosu participacije i \u0161kolarine<\/a><\/li>\n<\/ul>\n<p><a href=\"http:\/\/untz.ba\/wp-content\/uploads\/2024\/09\/ODLUKA_o_izmjeni_i_dopuni_Odluke_o_iznosu_participacije_i_skolarine_u_troskovima_sva_tri_ciklusa_studija_na_fakultetima_akademija_UnTz_ak_2024_25_god_19_09_2024.pdf\">Odluka o izmjeni i dopuni Odluke o iznosu participacije i \u0161kolarine<\/a><\/p>\n<p><a href=\"http:\/\/untz.ba\/wp-content\/uploads\/2022\/11\/Odluka_o_iznosu_dodatne_participacije_u_troskovima_drugog_i_treceg_ciklusa_studija_na_UnTz_09_11_2022.pdf\">Odluka o iznosu dodatne participacije u tro\u0161kovima drugog i tre\u0107eg ciklusa<\/a><\/p>\n","protected":false},"excerpt":{"rendered":"<p>Na ovoj stranici mo\u017eete preuzeti sve sve slu\u017ebene dokumente koji se odnose na studijski program III ciklusa studija Farmaceutskog fakulteta Univerziteta u Tuzli. Dokumenti: Studijski program- Farmaceutske_znanosti (III ciklus studija) sa primjenom od akademske 2025\/26. godine. Pravilnik o tre\u0107em ciklusu studija Sve izmjene i dopune Pravilnika o tre\u0107em ciklusu studija mo\u017eete prona\u0107i ovdje. Odluka o [&hellip;]<\/p>\n","protected":false},"author":1,"featured_media":0,"parent":28,"menu_order":0,"comment_status":"closed","ping_status":"closed","template":"","meta":[],"_links":{"self":[{"href":"http:\/\/frmf.untz.ba\/web\/wp-json\/wp\/v2\/pages\/455"}],"collection":[{"href":"http:\/\/frmf.untz.ba\/web\/wp-json\/wp\/v2\/pages"}],"about":[{"href":"http:\/\/frmf.untz.ba\/web\/wp-json\/wp\/v2\/types\/page"}],"author":[{"embeddable":true,"href":"http:\/\/frmf.untz.ba\/web\/wp-json\/wp\/v2\/users\/1"}],"replies":[{"embeddable":true,"href":"http:\/\/frmf.untz.ba\/web\/wp-json\/wp\/v2\/comments?post=455"}],"version-history":[{"count":7,"href":"http:\/\/frmf.untz.ba\/web\/wp-json\/wp\/v2\/pages\/455\/revisions"}],"predecessor-version":[{"id":6137,"href":"http:\/\/frmf.untz.ba\/web\/wp-json\/wp\/v2\/pages\/455\/revisions\/6137"}],"up":[{"embeddable":true,"href":"http:\/\/frmf.untz.ba\/web\/wp-json\/wp\/v2\/pages\/28"}],"wp:attachment":[{"href":"http:\/\/frmf.untz.ba\/web\/wp-json\/wp\/v2\/media?parent=455"}],"curies":[{"name":"wp","href":"https:\/\/api.w.org\/{rel}","templated":true}]}}