{"id":44,"date":"2017-05-03T15:16:29","date_gmt":"2017-05-03T13:16:29","guid":{"rendered":"http:\/\/frmf.untz.ba\/web\/?page_id=44"},"modified":"2017-05-03T15:16:29","modified_gmt":"2017-05-03T13:16:29","slug":"naucno-istrazivacki-rad","status":"publish","type":"page","link":"http:\/\/frmf.untz.ba\/web\/bs\/naucno-istrazivacki-rad\/","title":{"rendered":"Nau\u010dno-istra\u017eiva\u010dki rad"},"content":{"rendered":"","protected":false},"excerpt":{"rendered":"","protected":false},"author":1,"featured_media":0,"parent":0,"menu_order":0,"comment_status":"closed","ping_status":"closed","template":"","meta":[],"_links":{"self":[{"href":"http:\/\/frmf.untz.ba\/web\/wp-json\/wp\/v2\/pages\/44"}],"collection":[{"href":"http:\/\/frmf.untz.ba\/web\/wp-json\/wp\/v2\/pages"}],"about":[{"href":"http:\/\/frmf.untz.ba\/web\/wp-json\/wp\/v2\/types\/page"}],"author":[{"embeddable":true,"href":"http:\/\/frmf.untz.ba\/web\/wp-json\/wp\/v2\/users\/1"}],"replies":[{"embeddable":true,"href":"http:\/\/frmf.untz.ba\/web\/wp-json\/wp\/v2\/comments?post=44"}],"version-history":[{"count":1,"href":"http:\/\/frmf.untz.ba\/web\/wp-json\/wp\/v2\/pages\/44\/revisions"}],"predecessor-version":[{"id":45,"href":"http:\/\/frmf.untz.ba\/web\/wp-json\/wp\/v2\/pages\/44\/revisions\/45"}],"wp:attachment":[{"href":"http:\/\/frmf.untz.ba\/web\/wp-json\/wp\/v2\/media?parent=44"}],"curies":[{"name":"wp","href":"https:\/\/api.w.org\/{rel}","templated":true}]}}