{"id":42,"date":"2017-05-03T15:15:58","date_gmt":"2017-05-03T13:15:58","guid":{"rendered":"http:\/\/frmf.untz.ba\/web\/?page_id=42"},"modified":"2025-10-19T18:58:07","modified_gmt":"2025-10-19T16:58:07","slug":"klinicka-farmacija","status":"publish","type":"page","link":"http:\/\/frmf.untz.ba\/web\/bs\/klinicka-farmacija\/","title":{"rendered":"Klini\u010dka farmacija"},"content":{"rendered":"<p><strong>U\u017dA NAU\u010cNA OBLAST \u2013 KLINI\u010cKA FARMACIJA<\/strong><\/p>\n<p style=\"text-align: justify;\">Magistar farmacije na putu od propisivanja do primjene lijeka, po svojoj ulozi zauzima mjesto zadnjeg stru\u010dnog nadzora, te ima obvezu i mogu\u0107nost da bitno uti\u010de na racionalizaciju i sigurnost primjene lijekova. Klini\u010dka farmacija pru\u017ea dodatna znanja i vje\u0161tine magistrima farmacije u praksi, pomi\u010du\u0107i fokus stru\u010dnog interesa s klasi\u010dnih farmaceutskih znanja o o indikacijama, kontraindikacijama i nuspojavama lijekova koji se nalaze u svakodnevnoj upotrebi na vje\u0161tine rje\u0161avanja problema vezanih za farmakoterapiju i upotrebu lijeka. Tako \u0107e student ste\u0107i znanja i vje\u0161tine potrebne za ravnopravno sudjelovanje u radu multidisciplinarnog tima koji brine o pacijentu.<\/p>\n<p style=\"text-align: justify;\">Nastavna aktivnost se provodi u vidu teorijske i prakti\u010dne nastave (predavanja i vje\u017ebi), a obuhvata dva obavezna i jedan izborni predmet. UNO Klini\u010dka farmacija je pored nastave na dodiplomskom (I i II integrisani ciklus) studiju zadu\u017eena i za nastavu na Tre\u0107em ciklusu studija kroz kolegij Klini\u010dka farmacija i farmaceutska njega.<\/p>\n<p style=\"text-align: justify;\">Nau\u010dno-istra\u017eiva\u010dki rad obuhvata sve aktivnosti klini\u010dkog farmaceuta u cilju osiguranja, razvoja i promicanja racionalne, prikladne i sigurne primjene lijekova, a ostvaruje se kroz samostalni rad i projekte finansirane od strane Federalnog ministarstva obrazovanja i nauke.<\/p>\n<p>U okviru UNO \u201eKlini\u010dka farmacija\u201c izu\u010davaju se nastavni predmeti :<\/p>\n<ol>\n<li>Klini\u010dka farmacija (obavezni predmet)<\/li>\n<li>Farmaceutska njega (obavezni predmet)<\/li>\n<li>Socijalna farmacija (stru\u010dni izborni predmet)<\/li>\n<\/ol>\n<p>U izvo\u0111enju nastave na UNO \u201eKlini\u010dka farmacija\u201c u\u010destvuju nastavnici i saradnici izabrani na Univerzitetu u Tuzli.<\/p>\n<p>Nastavnici i saradnici izabrani u nastavni\u010dka i saradni\u010dka zvanja na Farmaceutskom fakultetu Univerziteta u Tuzli:<\/p>\n<ol>\n<li>Dr. sc. Edisa Trumi\u0107, vanredni profesor<\/li>\n<li>Dr. sc. Una Sulji\u0107 Fati\u0107, vi\u0161i asistent<\/li>\n<\/ol>\n<p>UNO \u201eKlini\u010dka farmacija\u201c je mati\u010dna na Farmaceutskom fakultetu Univerziteta u Tuzli.<\/p>\n","protected":false},"excerpt":{"rendered":"<p>U\u017dA NAU\u010cNA OBLAST \u2013 KLINI\u010cKA FARMACIJA Magistar farmacije na putu od propisivanja do primjene lijeka, po svojoj ulozi zauzima mjesto zadnjeg stru\u010dnog nadzora, te ima obvezu i mogu\u0107nost da bitno uti\u010de na racionalizaciju i sigurnost primjene lijekova. Klini\u010dka farmacija pru\u017ea dodatna znanja i vje\u0161tine magistrima farmacije u praksi, pomi\u010du\u0107i fokus stru\u010dnog interesa s klasi\u010dnih farmaceutskih [&hellip;]<\/p>\n","protected":false},"author":1,"featured_media":0,"parent":0,"menu_order":0,"comment_status":"closed","ping_status":"closed","template":"","meta":[],"_links":{"self":[{"href":"http:\/\/frmf.untz.ba\/web\/wp-json\/wp\/v2\/pages\/42"}],"collection":[{"href":"http:\/\/frmf.untz.ba\/web\/wp-json\/wp\/v2\/pages"}],"about":[{"href":"http:\/\/frmf.untz.ba\/web\/wp-json\/wp\/v2\/types\/page"}],"author":[{"embeddable":true,"href":"http:\/\/frmf.untz.ba\/web\/wp-json\/wp\/v2\/users\/1"}],"replies":[{"embeddable":true,"href":"http:\/\/frmf.untz.ba\/web\/wp-json\/wp\/v2\/comments?post=42"}],"version-history":[{"count":6,"href":"http:\/\/frmf.untz.ba\/web\/wp-json\/wp\/v2\/pages\/42\/revisions"}],"predecessor-version":[{"id":6025,"href":"http:\/\/frmf.untz.ba\/web\/wp-json\/wp\/v2\/pages\/42\/revisions\/6025"}],"wp:attachment":[{"href":"http:\/\/frmf.untz.ba\/web\/wp-json\/wp\/v2\/media?parent=42"}],"curies":[{"name":"wp","href":"https:\/\/api.w.org\/{rel}","templated":true}]}}