{"id":40,"date":"2017-05-03T15:15:41","date_gmt":"2017-05-03T13:15:41","guid":{"rendered":"http:\/\/frmf.untz.ba\/web\/?page_id=40"},"modified":"2025-11-01T00:06:13","modified_gmt":"2025-10-31T23:06:13","slug":"farmaceutska-tehnologija","status":"publish","type":"page","link":"http:\/\/frmf.untz.ba\/web\/bs\/farmaceutska-tehnologija\/","title":{"rendered":"Farmaceutska tehnologija"},"content":{"rendered":"<p><strong>U\u017dA NAU\u010cNA OBLAST \u2013 FARMACEUTSKA TEHNOLOGIJA<\/strong><\/p>\n<p style=\"text-align: justify;\">U\u017ea nau\u010dna oblast Farmaceutska tehnologija se bavi obrazovanjem studenata, te nau\u010dno-istra\u017eiva\u010dkim i stru\u010dnim radom iz oblasti farmaceutske tehnologije, kozmetologije i farmakokinetike sa biofarmacijom. Nastavna aktivnost se provodi u vidu teorijske i prakti\u010dne nastave. UNO Farmaceutska tehnolgija je pored nastave na dodiplomskom (I i II integrisani ciklus) studiju zadu\u017eena i za nastavu na Tre\u0107em ciklusu studija kroz kolegij Farmaceutska tehnologija i biofarmacija.<\/p>\n<p style=\"text-align: justify;\">Farmaceutska tehnologija je nau\u010dna dispilina koja izu\u010dava formulaciju, izradu\/proizvodnju i karakteristike ljekovitih preparata u cilju postizanja optimalnog oslobo\u0111anja ljekovite supstance na odgovaraju\u0107em mjestu, u potrebnoj koli\u010dini i u odre\u0111enom vremenu. Dakle studenti se kroz predavanja i prakti\u010dnu nastavu upoznaju sa principima formulacije, tehnolo\u0161kim postupcima izrade, farmaceutsko-tehnolo\u0161kim ispitivanjima ljekovitih oblika, te sa izradom magistralnih i galenskih preparata.<\/p>\n<p style=\"text-align: justify;\">Laboratorijske vje\u017ebe se najve\u0107im dijelom izvode u Laboratoriji za Farmaceutsku tehnologiju na Farmaceutskom fakultetu, dok se dio vje\u017ebi provodi u farmaceutskoj industriji na osnovu potpisanih ugovora o me\u0111usobnoj saradnji. U sklopu Laboratorije za Farmaceutsku tehnologiju nalazi se i pokazna apoteka gdje studenti kroz konkretne primjere i recepte uvje\u017ebavaju kontrolu i korigovanje doza, kao i izradu magistralnih preparata.<\/p>\n<p style=\"text-align: justify;\">Kroz predmet Kozmetologija studenti sti\u010du znanja o vrstama, osobinama, djelovanju i primjeni supstanci za izradu kozmeti\u010dkih proizvoda, na\u010dinima izrade, kao i ne\u017eeljenim reakcijama na kozmeti\u010dke proizvode.<\/p>\n<p>U okviru UNO Farmaceutska tehnologija izu\u010davaju se slijede\u0107i predmeti:<\/p>\n<ol>\n<li>Farmaceutska tehnologija I \u2013 VII semestar (obavezni predmet)<\/li>\n<li>Farmaceutska tehnologija II \u2013 VIII semestar (obavezni predmet)<\/li>\n<li>Farmakokinetika i biofarmacija \u2013 VIII (obavezni predmet)<\/li>\n<li>Kozmetologija \u2013 IV semestar (izborni predmet)<\/li>\n<li>Primjena polimernih materijala u farmaceutskoj industriji \u2013 V semestar (izborni predmet)<\/li>\n<li>Farmaceutska tehnologija i biofarmacija &#8211; II semestar (obavezni predmet na III ciklusu studija)<\/li>\n<\/ol>\n<p>Nastavnici i saradnici, izabrani na Farmaceutskom fakultetu Univerziteta u Tuzli, koji u\u010destvuju u izvo\u0111enju nastave su:<\/p>\n<ol>\n<li>dr. sc. Merima Ibi\u0161evi\u0107, docent,<\/li>\n<li>dr. sc. Sa\u0161a Pilipovi\u0107, redovni profesor (SS),<\/li>\n<li>dr.sc. Enida Kari\u0107, vi\u0161i asistent,<\/li>\n<li>mr. ph. D\u017eeneta Akelji\u0107, asistent (SS)<\/li>\n<\/ol>\n<p>Laboranti uklju\u010deni u pripremu prakti\u010dne nastave na integrisanom I i II ciklusu studija je:<\/p>\n<ol>\n<li>Lejla Smajlefendi\u0107-\u0160ari\u0107, laborant<\/li>\n<li>mr. sc. Sabina Muharemagi\u0107, vi\u0161i laborant<\/li>\n<\/ol>\n<p style=\"text-align: justify;\">Izabrani nastavnici ostvaruju uspje\u0161nu saradnju sa mnogim nau\u010dno-istra\u017eiva\u010dkim institucijama, drugim fakultetima i institutima kako u Bosni i Hercegovini, tako i u inostranstvu. Mentori su za izradu mnogih diplomskih radova studenata, koji su naj\u010de\u0161\u0107e eksperimentalnog tipa.<\/p>\n","protected":false},"excerpt":{"rendered":"<p>U\u017dA NAU\u010cNA OBLAST \u2013 FARMACEUTSKA TEHNOLOGIJA U\u017ea nau\u010dna oblast Farmaceutska tehnologija se bavi obrazovanjem studenata, te nau\u010dno-istra\u017eiva\u010dkim i stru\u010dnim radom iz oblasti farmaceutske tehnologije, kozmetologije i farmakokinetike sa biofarmacijom. Nastavna aktivnost se provodi u vidu teorijske i prakti\u010dne nastave. UNO Farmaceutska tehnolgija je pored nastave na dodiplomskom (I i II integrisani ciklus) studiju zadu\u017eena i [&hellip;]<\/p>\n","protected":false},"author":1,"featured_media":0,"parent":0,"menu_order":0,"comment_status":"closed","ping_status":"closed","template":"","meta":[],"_links":{"self":[{"href":"http:\/\/frmf.untz.ba\/web\/wp-json\/wp\/v2\/pages\/40"}],"collection":[{"href":"http:\/\/frmf.untz.ba\/web\/wp-json\/wp\/v2\/pages"}],"about":[{"href":"http:\/\/frmf.untz.ba\/web\/wp-json\/wp\/v2\/types\/page"}],"author":[{"embeddable":true,"href":"http:\/\/frmf.untz.ba\/web\/wp-json\/wp\/v2\/users\/1"}],"replies":[{"embeddable":true,"href":"http:\/\/frmf.untz.ba\/web\/wp-json\/wp\/v2\/comments?post=40"}],"version-history":[{"count":12,"href":"http:\/\/frmf.untz.ba\/web\/wp-json\/wp\/v2\/pages\/40\/revisions"}],"predecessor-version":[{"id":6051,"href":"http:\/\/frmf.untz.ba\/web\/wp-json\/wp\/v2\/pages\/40\/revisions\/6051"}],"wp:attachment":[{"href":"http:\/\/frmf.untz.ba\/web\/wp-json\/wp\/v2\/media?parent=40"}],"curies":[{"name":"wp","href":"https:\/\/api.w.org\/{rel}","templated":true}]}}