{"id":38,"date":"2017-05-03T15:15:26","date_gmt":"2017-05-03T13:15:26","guid":{"rendered":"http:\/\/frmf.untz.ba\/web\/?page_id=38"},"modified":"2026-02-24T13:34:23","modified_gmt":"2026-02-24T12:34:23","slug":"farmakognozija","status":"publish","type":"page","link":"http:\/\/frmf.untz.ba\/web\/bs\/farmakognozija\/","title":{"rendered":"Farmakognozija"},"content":{"rendered":"<p><strong>U\u017dA NAU\u010cNA OBLAST \u2013 FARMAKOGNOZIJA<\/strong><\/p>\n<p style=\"text-align: justify;\">U\u017ea nau\u010dna oblast Farmakognozija se u svom dosada\u0161njem radu bavi obrazovanjem studenata, nau\u010dno-istra\u017eiva\u010dkim i stru\u010dnim radom. Kroz nastavu studenti sti\u010du znanje o morfolo\u0161kim i anatomskim karakteristikama i sistematici biljaka. Predmet izu\u010davanja farmakognozije kao nauke su prirodne ljekovite sirovine \u2013 droge; njihovi hemijski sastojci, na\u010din proizvodnje, identifikacija, djelovanje i primjena. Studenti sti\u010du znanje o farmakolo\u0161ki aktivnim prirodnim i sekundarnim metabolitima biljaka i \u017eivotinja. Izu\u010dava se hemijska struktura, fizi\u010dke karakteristike, biolo\u0161ka uloga, principi izolovanja i pre\u010di\u0161\u0107avanja pojedinih klasa aktivnih metabolita.<\/p>\n<p style=\"text-align: justify;\">Fitoterapija kao dio UNO Farmakognozija podrazumijeva lije\u010denje biljnim preparatima koje je zasnovano na racionalnoj terapiji. Lije\u010denje ljekovitim biljkama u posljednje vrijeme je vrlo \u010desto dopuna ili \u010dak ponekad zamjena konvencionalnoj terapiji. Stoga relevantne i nau\u010dno utemeljene informacije o toj temi su od velikog zna\u010daja.<\/p>\n<p style=\"text-align: justify;\">Velika pa\u017enja se tako\u0111e posve\u0107uje receptima vezanim za tradicionalno lije\u010denje ljekovitim biljkama, ali i podacima o razli\u010ditim tehnikama i metodama lije\u010denja.<\/p>\n<p style=\"text-align: justify;\">Nastava se izvodi kroz predavanja i vje\u017ebe na \u010detiri obavezna i tri izborna predmeta koji se realizuju na integrisanom I i II ciklusu studija i 50% udjela na nastavnom predmetu Farmaceutska hemija i Farmakognozija na III ciklusu studija. Nastava se izvodi u prostorijama Farmaceutskog fakulteta, kao i u prostorijama Univerzitetskog kampusa.<\/p>\n<p style=\"text-align: justify;\">Nastavnici i saradnici su do sada izdali tri univerzitetska ud\u017ebenika. Time su obezbijedili dio potrebne literature za teorijsku i prakti\u010dnu nastavu, \u0161to je i studentima omogu\u0107ilo kvalitetnije studiranje.<\/p>\n<p>U okviru UNO Farmakognozija izu\u010davaju se slijede\u0107i predmeti:<\/p>\n<ol>\n<li>Farmakognozija I (obavezni predmet)<\/li>\n<li>Farmakognozija II (obavezni predmet)<\/li>\n<li>Fitofarmacija (obavezni predmet)<\/li>\n<li>Farmaceutska botanika (obavezni predmet, dijeljena mati\u010dnost sa PMF-om)<\/li>\n<li>Biljni suplementi (izborni predmet)<\/li>\n<li>Aktivni principi iz biljaka (izborni predmet)<\/li>\n<li>Fitoterapija (izborni predmet)<\/li>\n<li>Tradicionalna medicina (izborni predmet)<\/li>\n<li>Ljekovite i za\u010dinske biljke (izborni predmet)<\/li>\n<li>Farmaceutska hemija i Farmakognozija (obavezni predmet na III ciklusu studija)<\/li>\n<\/ol>\n<p>Nastavnici i saradnici, izabrani na Farmaceutskom fakultetu Univerziteta u Tuzli, koji u\u010destvuju u izvo\u0111enju nastave su:<\/p>\n<ol>\n<li>Dr.sc. Ermina Cilovi\u0107 Kozarevi\u0107, vanredni profesor,<\/li>\n<li>Dr.sc Broza \u0160ari\u0107-Kundali\u0107, redovni profesor (SS),<\/li>\n<li>Mr.ph. Lamija Kolarevi\u0107, vi\u0161i asistent<\/li>\n<\/ol>\n<p>Laboranti uklju\u010den u pripremu prakti\u010dne nastave na integrisanom I i II ciklusu studija je:<\/p>\n<ol>\n<li>Lejla Smajlefendi\u0107-\u0160ari\u0107, laborant<\/li>\n<li>mr.sc. Sabina Muharemagi\u0107, vi\u0161i laborant<\/li>\n<\/ol>\n<p>Izabrani nastavnici ostvaruju uspje\u0161nu saradnju sa mnogim nau\u010dno-istra\u017eiva\u010dkim institucijama, drugim fakultetima i institutima kako u Bosni i Hercegovini, tako i u inostranstvu. Mentori su za izradu mnogih diplomskih radova studenata.<\/p>\n","protected":false},"excerpt":{"rendered":"<p>U\u017dA NAU\u010cNA OBLAST \u2013 FARMAKOGNOZIJA U\u017ea nau\u010dna oblast Farmakognozija se u svom dosada\u0161njem radu bavi obrazovanjem studenata, nau\u010dno-istra\u017eiva\u010dkim i stru\u010dnim radom. Kroz nastavu studenti sti\u010du znanje o morfolo\u0161kim i anatomskim karakteristikama i sistematici biljaka. Predmet izu\u010davanja farmakognozije kao nauke su prirodne ljekovite sirovine \u2013 droge; njihovi hemijski sastojci, na\u010din proizvodnje, identifikacija, djelovanje i primjena. Studenti [&hellip;]<\/p>\n","protected":false},"author":1,"featured_media":0,"parent":0,"menu_order":0,"comment_status":"closed","ping_status":"closed","template":"","meta":[],"_links":{"self":[{"href":"http:\/\/frmf.untz.ba\/web\/wp-json\/wp\/v2\/pages\/38"}],"collection":[{"href":"http:\/\/frmf.untz.ba\/web\/wp-json\/wp\/v2\/pages"}],"about":[{"href":"http:\/\/frmf.untz.ba\/web\/wp-json\/wp\/v2\/types\/page"}],"author":[{"embeddable":true,"href":"http:\/\/frmf.untz.ba\/web\/wp-json\/wp\/v2\/users\/1"}],"replies":[{"embeddable":true,"href":"http:\/\/frmf.untz.ba\/web\/wp-json\/wp\/v2\/comments?post=38"}],"version-history":[{"count":20,"href":"http:\/\/frmf.untz.ba\/web\/wp-json\/wp\/v2\/pages\/38\/revisions"}],"predecessor-version":[{"id":6552,"href":"http:\/\/frmf.untz.ba\/web\/wp-json\/wp\/v2\/pages\/38\/revisions\/6552"}],"wp:attachment":[{"href":"http:\/\/frmf.untz.ba\/web\/wp-json\/wp\/v2\/media?parent=38"}],"curies":[{"name":"wp","href":"https:\/\/api.w.org\/{rel}","templated":true}]}}