{"id":34,"date":"2017-05-03T15:14:03","date_gmt":"2017-05-03T13:14:03","guid":{"rendered":"http:\/\/frmf.untz.ba\/web\/?page_id=34"},"modified":"2025-11-01T00:05:18","modified_gmt":"2025-10-31T23:05:18","slug":"farmaceutska-analitika","status":"publish","type":"page","link":"http:\/\/frmf.untz.ba\/web\/bs\/farmaceutska-analitika\/","title":{"rendered":"Farmaceutska analitika"},"content":{"rendered":"<p><strong>U\u017dA NAU\u010cNA OBLAST \u2013 FARMACEUTSKA ANALITIKA<\/strong><\/p>\n<p style=\"text-align: justify;\">Farmaceutska analitika obuhvata analitiku lijekova, otrova, pomo\u0107nih ljekovitih supstanci, medicinskih sredstava i kozmeti\u010dkih preparata. U okviru UNO \u201eFarmaceutska analitika\u201c se obavlja nau\u010dni, stru\u010dni i nau\u010dno-istra\u017eiva\u010dki rad u oblasti analize lijekova i otrova.<br \/>\nNastavna aktivnost se provodi u vidu teorijske i prakti\u010dne nastave (predavanja i vje\u017ebe) pet obaveznih i dva izborna nastavna predmeta koji se realizuju na integrisanim akademskim studijama (I i II ciklusa) i jednom izbornom nastavnom predmetu na III ciklusu studija. Sva nastava se izvodi u prostorijama Farmaceutskog i Tehnolo\u0161kog fakulteta, kao i u prostorijama Univerzitetskog kampusa. Dio laboratorijskih vje\u017ebi se povremeno izvodi u laboratorijama farmaceutskih industrija na osnovu potpisanih ugovora o me\u0111usobnoj saradnji.<br \/>\nStru\u010dna aktivnost obuhvata saradnju sa Federalnom i Kantonalnom Farmaceutskom komorom, Agencijom za lijekove i medicinska sredstva BiH, te drugim udru\u017eenjima i pravnim subjektima u oblasti farmaceutske djelatnosti.<br \/>\nNau\u010dno-istra\u017eiva\u010dki rad obuhvata teorijska, primjenjena i razvojna istra\u017eivanja u oblasti analitike lijekova i otrova. Nau\u010dno-istra\u017eiva\u010dka aktivnost se ostvaruje kroz samostalni rad i projekte finansirane od strane Federalnog ministarstva obrazovanja i nauke, me\u0111unarodne i druge nau\u010dno-istra\u017eiva\u010dke projekte i stru\u010dne projekte.<br \/>\nIzabrani nastavnici i saradnici na UNO \u201eFarmaceutska analitika\u201c ostvaruju uspje\u0161nu saradnju sa mnogim nau\u010dno-istra\u017eiva\u010dkim institucijama, drugim fakultetima, agencijama i institutima kako u Bosni i Hercegovini, tako i u inostranstvu.<\/p>\n<p>U okviru UNO \u201eFarmaceutska analitika\u201c izu\u010davaju se nastavni predmeti :<\/p>\n<p>1. Instrumentalna farmaceutska analiza \u2013 III semestar (obavezni predmet),<br \/>\n2. Analiza i kontrola lijekova I \u2013 IV semestar (obavezni predmet),<br \/>\n3. Analiza i kontrola lijekova II \u2013 V semestar (obavezni predmet),<br \/>\n4. Toksikologija sa analitikom I \u2013 VI semestar (obavezni predmet),<br \/>\n5. Toksikologija sa analitikom II\u2013 VII semestar (obavezni predmet),<br \/>\n6. Okoli\u0161na toksikologija \u2013 I semestar (stru\u010dni izborni predmet),<br \/>\n7. Primjena termi\u010dke analize u farmaciji \u2013 III semestar (stru\u010dni izborni predmet),<br \/>\n8. Analiti\u010dke metode u farmaciji \u2013 III semestar (izborni predmet \u2013 III ciklus studija).<\/p>\n<p>U izvo\u0111enju nastave na UNO \u201eFarmaceutska analitika\u201c u\u010destvuju nastavnici i saradnici izabrani na Univerzitetu u Tuzli, te istaknuti stru\u010dnjaci iz prakse sa zavr\u0161enim integrisanim I i II ciklusom studija Farmaceutskog fakulteta i najmanje tri godine iskustva u struci.<br \/>\nOdgovorni nastavnik za sve nastavne predmete iz UNO Farmaceutska analitika:<br \/>\n1. Dr. sc. Maida \u0160ljivi\u0107 Husejnovi\u0107, vanr. prof.<\/p>\n<p>Odgovorni saradnik za sve nastavne predmete iz UNO Farmaceutska analitika:<br \/>\n1. Mr.ph. Zerina Muji\u0107, asistent<\/p>\n<p>Nastavnici i saradnici izabrani u nastavni\u010dka i saradni\u010dka zvanja na Farmaceutskom fakultetu Univerziteta u Tuzli na UNO \u201eFarmaceutska analitika\u201c (spoljni saradnici):<\/p>\n<p>1. Dr. sc. Alija Uzunovi\u0107, vanredni profesor<br \/>\n2. Mr. ph. Azra Sulji\u0107, asistent<br \/>\n3. Mr. ph. Arnela Halil\u010devi\u0107, asistent.<\/p>\n<p>Nastavnici i saradnici izabrani u nastavni\u010dka i saradni\u010dka zvanja na drugim fakultetima Univerziteta u Tuzli, a koji u\u010destvuju u izvo\u0111enju nastave u okviru UNO \u201eFarmaceutska analitika\u201c na Farmaceutskom fakultetu:<\/p>\n<p>1. Dr. sc. Amra Odoba\u0161i\u0107, red. prof. (Tehnolo\u0161ki fakultet),<br \/>\n2. Dr. sc. Indira \u0160estan, vanr. prof. (Tehnolo\u0161ki fakultet),<br \/>\n3. Dr. sc. Amra Selimovi\u0107, vanr. prof. (Tehnolo\u0161ki fakultet),<br \/>\n4. mr. sc. Halid Junuzovi\u0107, vi\u0161i asistent (Tehnolo\u0161ki fakultet).<\/p>\n<p style=\"text-align: justify;\">Nastavnici i saradnici sa UNO \u201eFarmaceutska analitika\u201c u\u010destvuju u vo\u0111enju studentskih nau\u010dno-istra\u017eiva\u010dkih radova i mentorstvu na diplomskim radovima studenata. U okviru UNO Farmaceutska analitika, nastavnici i saradnici su autori 3 univerzitetska ud\u017ebenika, 2 nau\u010dno-stru\u010dne knjige, urednici prve bosanskohercegova\u010dke nacionalne farmakopeje, autori i koautori brojnih \u010desto citiranih nau\u010dnih i stru\u010dnih publikacija, te u\u010desnici na brojnim konferencijama, nau\u010dnim skupovima i simpozijima.<\/p>\n<p>Laboranti uklju\u010deni u pripremu prakti\u010dne nastave na integrisanom I i II ciklusu studija je:<\/p>\n<ol>\n<li>Lejla Smajlefendi\u0107-\u0160ari\u0107, laborant<\/li>\n<li>mr. sc. Sabina Muharemagi\u0107, vi\u0161i laborant<\/li>\n<\/ol>\n<p style=\"text-align: justify;\">UNO \u201eFarmaceutska analitika\u201c je mati\u010dna na Farmaceutskom fakultetu Univerziteta u Tuzli.<\/p>\n","protected":false},"excerpt":{"rendered":"<p>U\u017dA NAU\u010cNA OBLAST \u2013 FARMACEUTSKA ANALITIKA Farmaceutska analitika obuhvata analitiku lijekova, otrova, pomo\u0107nih ljekovitih supstanci, medicinskih sredstava i kozmeti\u010dkih preparata. U okviru UNO \u201eFarmaceutska analitika\u201c se obavlja nau\u010dni, stru\u010dni i nau\u010dno-istra\u017eiva\u010dki rad u oblasti analize lijekova i otrova. Nastavna aktivnost se provodi u vidu teorijske i prakti\u010dne nastave (predavanja i vje\u017ebe) pet obaveznih i dva [&hellip;]<\/p>\n","protected":false},"author":1,"featured_media":0,"parent":0,"menu_order":0,"comment_status":"closed","ping_status":"closed","template":"","meta":[],"_links":{"self":[{"href":"http:\/\/frmf.untz.ba\/web\/wp-json\/wp\/v2\/pages\/34"}],"collection":[{"href":"http:\/\/frmf.untz.ba\/web\/wp-json\/wp\/v2\/pages"}],"about":[{"href":"http:\/\/frmf.untz.ba\/web\/wp-json\/wp\/v2\/types\/page"}],"author":[{"embeddable":true,"href":"http:\/\/frmf.untz.ba\/web\/wp-json\/wp\/v2\/users\/1"}],"replies":[{"embeddable":true,"href":"http:\/\/frmf.untz.ba\/web\/wp-json\/wp\/v2\/comments?post=34"}],"version-history":[{"count":14,"href":"http:\/\/frmf.untz.ba\/web\/wp-json\/wp\/v2\/pages\/34\/revisions"}],"predecessor-version":[{"id":6049,"href":"http:\/\/frmf.untz.ba\/web\/wp-json\/wp\/v2\/pages\/34\/revisions\/6049"}],"wp:attachment":[{"href":"http:\/\/frmf.untz.ba\/web\/wp-json\/wp\/v2\/media?parent=34"}],"curies":[{"name":"wp","href":"https:\/\/api.w.org\/{rel}","templated":true}]}}