{"id":3275,"date":"2023-04-11T12:29:46","date_gmt":"2023-04-11T10:29:46","guid":{"rendered":"http:\/\/frmf.untz.ba\/web\/?page_id=3275"},"modified":"2024-11-12T15:11:21","modified_gmt":"2024-11-12T14:11:21","slug":"udzbenici","status":"publish","type":"page","link":"http:\/\/frmf.untz.ba\/web\/bs\/udzbenici\/","title":{"rendered":"Ud\u017ebenici"},"content":{"rendered":"\n<p>Lista objavljenih ud\u017ebenika i knjiga, u periodu od 2018. do 2024. godine:<\/p>\n<table>\n<tbody>\n<tr>\n<td width=\"156\">\n<p><strong>AUTORI UD\u017dBENIKA<\/strong><\/p>\n<\/td>\n<td width=\"156\">\n<p><strong><em>NASLOV UD\u017dBENIKA<\/em><\/strong><\/p>\n<\/td>\n<td width=\"156\">\n<p><strong>U\u017dA NAU\u010cNA OBLAST<\/strong><\/p>\n<\/td>\n<td width=\"156\">\n<p><strong>IZDAVA\u010c I GODINA IZDANJA<\/strong><\/p>\n<\/td>\n<\/tr>\n<tr>\n<td width=\"156\">\n<p>Adaleta Softi\u0107, Aida Smajlovi\u0107 i Nahida Srabovi\u0107<\/p>\n<\/td>\n<td width=\"156\">\n<p><strong><em>\u0106elijske kulture u biohemijskim istra\u017eivanjima<\/em><\/strong><\/p>\n<\/td>\n<td width=\"156\">\n<p>Biohemija<\/p>\n<p>\u00a0<\/p>\n<\/td>\n<td width=\"156\">\n<p>OFF-SET Tuzla<\/p>\n<p>(2021)<\/p>\n<\/td>\n<\/tr>\n<tr>\n<td width=\"156\">\n<p>Broza \u0160ari\u0107-Kundali\u0107, Ermina Cilovi\u0107 Kozarevi\u0107<\/p>\n<\/td>\n<td width=\"156\">\n<p><strong><em>Farmakognozija I<\/em><\/strong><\/p>\n<p><strong><em>\u00a0<\/em><\/strong><\/p>\n<\/td>\n<td width=\"156\">\n<p>Farmakognozija<\/p>\n<p>\u00a0<\/p>\n<\/td>\n<td width=\"156\">\n<p>In Scan d.o.o. Tuzla<\/p>\n<p>(2021)<\/p>\n<\/td>\n<\/tr>\n<tr>\n<td width=\"156\">\n<p>Zorica Vuji\u0107, Miralem Smaji\u0107, Jasmina Brbori\u0107, Ned\u017ead Mulavdi\u0107<\/p>\n<\/td>\n<td width=\"156\">\n<p><strong><em>Uvod u hemiju lijekova<\/em><\/strong><\/p>\n<p><strong><em>\u00a0<\/em><\/strong><\/p>\n<\/td>\n<td width=\"156\">\n<p>Farmaceutska hemija<\/p>\n<p>\u00a0<\/p>\n<\/td>\n<td width=\"156\">\n<p>Repro-Kari\u0107 d.o.o. Tuzla<\/p>\n<p>(2021)<\/p>\n<\/td>\n<\/tr>\n<tr>\n<td width=\"156\">\n<p>Nahida Srabovi\u0107, Aida Smajlovi\u0107, Adaleta Softi\u0107<\/p>\n<\/td>\n<td width=\"156\">\n<p><strong><em>Biohemijska osnova nasljednih poreme\u0107aja metabolizma<\/em><\/strong><\/p>\n<\/td>\n<td width=\"156\">\n<p>Biohemija<\/p>\n<p>\u00a0<\/p>\n<\/td>\n<td width=\"156\">\n<p>OFF-SET d.o.o. Tuzla Tuzla<\/p>\n<p>(2020)<\/p>\n<\/td>\n<\/tr>\n<tr>\n<td width=\"156\">\n<p>Broza \u0160ari\u0107-Kundali\u0107, Zahida Ademovi\u0107, Mario Mazi\u0107<\/p>\n<\/td>\n<td width=\"156\">\n<p><strong><em>Uvod u farmakognoziju II: eksperimentalna farmakognozija sa teoretskim osnovama<\/em><\/strong><\/p>\n<\/td>\n<td width=\"156\">\n<p>Farmakognozija, Organska hemija<\/p>\n<p>\u00a0<\/p>\n<\/td>\n<td width=\"156\">\n<p>In Scan d.o.o. Tuzla<\/p>\n<p>(2019)<\/p>\n<\/td>\n<\/tr>\n<tr>\n<td width=\"156\">\n<p>Aida Begi\u0107, Maida \u0160ljivi\u0107 Husejnovi\u0107, Mensura A\u0161\u010deri\u0107, Sanja Brekalo Jaganjac<\/p>\n<\/td>\n<td width=\"156\">\n<p><strong><em>Uvod u toksikologiju &#8211; eksperimentalna toksikologija s teoretskim osnovama<\/em><\/strong><\/p>\n<\/td>\n<td width=\"156\">\n<p>Farmaceutska analitika<\/p>\n<p>\u00a0<\/p>\n<\/td>\n<td width=\"156\">\n<p>In Scan d.o.o. Tuzla<\/p>\n<p>(2019)<\/p>\n<\/td>\n<\/tr>\n<\/tbody>\n<\/table>\n\n\n\n<table>\n<tbody>\n<tr>\n<td width=\"156\">\n<p><strong>AUTORI KNJIGE<\/strong><\/p>\n<\/td>\n<td width=\"156\">\n<p><strong><em>NASLOV KNJIGE<\/em><\/strong><\/p>\n<\/td>\n<td width=\"156\">\n<p><strong>PRIPADNOST U\u017dOJ NAU\u010cNOJ OBLASTI<\/strong><\/p>\n<\/td>\n<td width=\"156\">\n<p><strong>IZDAVA\u010c I GODINA IZDANJA<\/strong><\/p>\n<\/td>\n<\/tr>\n<tr>\n<td width=\"156\">\n<p>Merima Ibi\u0161evi\u0107, Sa\u0161a Pilipovi\u0107, Berina Pilipovi\u0107, Svjetlana Loga-Zec, Enida Kari\u0107, Alija Uzunovi\u0107<\/p>\n<\/td>\n<td width=\"156\">\n<p><strong><em>Izrada farmaceutskih preparata u apoteci<\/em><\/strong><\/p>\n<\/td>\n<td width=\"156\">\n<p>Farmaceutska tehnologija<\/p>\n<\/td>\n<td width=\"156\">\n<p>OFF-SET d.o.o. Tuzla Tuzla<\/p>\n<p>(2024)<\/p>\n<p>\u00a0<\/p>\n<\/td>\n<\/tr>\n<tr>\n<td width=\"156\">\n<p>Sa\u0161a Pilipovi\u0107, Berina Pilipovi\u0107, Merima Ibi\u0161evi\u0107, Svjetlana Loga-Zec<\/p>\n<\/td>\n<td width=\"156\">\n<p><strong><em>Farmakokinetika i biofarmacija<\/em><\/strong><\/p>\n<\/td>\n<td width=\"156\">\n<p>Farmaceutska tehnologija<\/p>\n<\/td>\n<td width=\"156\">\n<p>OFF-SET d.o.o. Tuzla Tuzla<\/p>\n<p>(2024)<\/p>\n<\/td>\n<\/tr>\n<tr>\n<td width=\"156\">\n<p>Maida \u0160ljivi\u0107 Husejnovi\u0107<\/p>\n<\/td>\n<td width=\"156\">\n<p><strong><em>Endokrini disruptori iz okoli\u0161a<\/em><\/strong><\/p>\n<\/td>\n<td width=\"156\">\n<p>Farmaceutska analitika<\/p>\n<p>\u00a0<\/p>\n<\/td>\n<td width=\"156\">\n<p>INDA d.o.o Br\u010dko<\/p>\n<p>(2021)<\/p>\n<\/td>\n<\/tr>\n<tr>\n<td width=\"156\">\n<p>Emir Horozi\u0107, Maida \u0160ljivi\u0107 Husejnovi\u0107, Lamija Kolarevi\u0107, Demir Bjelo\u0161evi\u0107, Merima Ibi\u0161evi\u0107 , Enida Kari\u0107, Amra D\u017eambi\u0107<\/p>\n<\/td>\n<td width=\"156\">\n<p><strong><em>Antioksidansi<\/em><\/strong><\/p>\n<p><strong><em>\u00a0<\/em><\/strong><\/p>\n<\/td>\n<td width=\"156\">\n<p>Farmaceutska analitika, Farmaceutska tehnologija, Farmakognozija<\/p>\n<p>Farmaceutska hemija<\/p>\n<p>\u00a0<\/p>\n<\/td>\n<td width=\"156\">\n<p>In Scan d.o.o. Tuzla<\/p>\n<p>(2021)<\/p>\n<\/td>\n<\/tr>\n<\/tbody>\n<\/table>\n","protected":false},"excerpt":{"rendered":"<p>Lista objavljenih ud\u017ebenika i knjiga, u periodu od 2018. do 2024. godine: AUTORI UD\u017dBENIKA NASLOV UD\u017dBENIKA U\u017dA NAU\u010cNA OBLAST IZDAVA\u010c I GODINA IZDANJA Adaleta Softi\u0107, Aida Smajlovi\u0107 i Nahida Srabovi\u0107 \u0106elijske kulture u biohemijskim istra\u017eivanjima Biohemija \u00a0 OFF-SET Tuzla (2021) Broza \u0160ari\u0107-Kundali\u0107, Ermina Cilovi\u0107 Kozarevi\u0107 Farmakognozija I \u00a0 Farmakognozija \u00a0 In Scan d.o.o. Tuzla (2021) [&hellip;]<\/p>\n","protected":false},"author":1,"featured_media":0,"parent":0,"menu_order":0,"comment_status":"closed","ping_status":"closed","template":"","meta":[],"_links":{"self":[{"href":"http:\/\/frmf.untz.ba\/web\/wp-json\/wp\/v2\/pages\/3275"}],"collection":[{"href":"http:\/\/frmf.untz.ba\/web\/wp-json\/wp\/v2\/pages"}],"about":[{"href":"http:\/\/frmf.untz.ba\/web\/wp-json\/wp\/v2\/types\/page"}],"author":[{"embeddable":true,"href":"http:\/\/frmf.untz.ba\/web\/wp-json\/wp\/v2\/users\/1"}],"replies":[{"embeddable":true,"href":"http:\/\/frmf.untz.ba\/web\/wp-json\/wp\/v2\/comments?post=3275"}],"version-history":[{"count":2,"href":"http:\/\/frmf.untz.ba\/web\/wp-json\/wp\/v2\/pages\/3275\/revisions"}],"predecessor-version":[{"id":4917,"href":"http:\/\/frmf.untz.ba\/web\/wp-json\/wp\/v2\/pages\/3275\/revisions\/4917"}],"wp:attachment":[{"href":"http:\/\/frmf.untz.ba\/web\/wp-json\/wp\/v2\/media?parent=3275"}],"curies":[{"name":"wp","href":"https:\/\/api.w.org\/{rel}","templated":true}]}}