{"id":3273,"date":"2023-04-11T12:29:26","date_gmt":"2023-04-11T10:29:26","guid":{"rendered":"http:\/\/frmf.untz.ba\/web\/?page_id=3273"},"modified":"2024-11-13T14:21:29","modified_gmt":"2024-11-13T13:21:29","slug":"istrazivacka-oprema","status":"publish","type":"page","link":"http:\/\/frmf.untz.ba\/web\/bs\/istrazivacka-oprema\/","title":{"rendered":"Istra\u017eiva\u010dka oprema"},"content":{"rendered":"\n<table>\n<tbody>\n<tr>\n<td width=\"46\">\n<p><strong>\u00a0<\/strong><\/p>\n<\/td>\n<td width=\"462\">\n<p><strong>NAZIV OPREME<\/strong><\/p>\n<\/td>\n<td>\u00a0<\/td>\n<\/tr>\n<tr>\n<td width=\"46\">\n<p>1<\/p>\n<\/td>\n<td colspan=\"2\" width=\"468\">\n<p>Analiti\u010dka vaga METTLER AG 245<\/p>\n<\/td>\n<\/tr>\n<tr>\n<td width=\"46\">\n<p>2<\/p>\n<\/td>\n<td width=\"462\">\n<p>Aparat za disoluciju<\/p>\n<\/td>\n<td>\u00a0<\/td>\n<\/tr>\n<tr>\n<td width=\"46\">\n<p>3<\/p>\n<\/td>\n<td colspan=\"2\" width=\"468\">\n<p>Autoklav<\/p>\n<\/td>\n<\/tr>\n<tr>\n<td width=\"46\">\n<p>4<\/p>\n<\/td>\n<td width=\"462\">\n<p>Autoklav 60l, model dh waco 506<\/p>\n<\/td>\n<td>\u00a0<\/td>\n<\/tr>\n<tr>\n<td width=\"46\">\n<p>5<\/p>\n<\/td>\n<td width=\"462\">\n<p>AX 120-M-analiti\u010dka vaga<\/p>\n<\/td>\n<td>\u00a0<\/td>\n<\/tr>\n<tr>\n<td width=\"46\">\n<p>6<\/p>\n<\/td>\n<td width=\"462\">\n<p>Bandelin rk 100h-ultrazvu\u010dno kupatilo 3l sa grijanj i tajm.<\/p>\n<\/td>\n<td>\u00a0<\/td>\n<\/tr>\n<tr>\n<td width=\"46\">\n<p>7<\/p>\n<\/td>\n<td width=\"462\">\n<p>Centrifuga 5702<\/p>\n<\/td>\n<td>\u00a0<\/td>\n<\/tr>\n<tr>\n<td width=\"46\">\n<p>8<\/p>\n<\/td>\n<td colspan=\"2\" width=\"468\">\n<p>Centrifuga sa velikim brojem obrtaja sa hladjenjem(adaPteri, pet rotora i epruvete)<\/p>\n<\/td>\n<\/tr>\n<tr>\n<td width=\"46\">\n<p>9<\/p>\n<\/td>\n<td colspan=\"2\" width=\"468\">\n<p>Centrifuga za mikrocentifugiranje sa hla\u0111enjem<\/p>\n<\/td>\n<\/tr>\n<tr>\n<td width=\"46\">\n<p>10<\/p>\n<\/td>\n<td colspan=\"2\" width=\"468\">\n<p>DewarD-posude za te\u010dni azot (za \u010duvanje i rad) sa pripadnim priborom, kriogene epruvete i posude<\/p>\n<\/td>\n<\/tr>\n<tr>\n<td width=\"46\">\n<p>11<\/p>\n<\/td>\n<td width=\"462\">\n<p>EL200-tehni\u010dka vaga<\/p>\n<\/td>\n<td>\u00a0<\/td>\n<\/tr>\n<tr>\n<td width=\"46\">\n<p>12<\/p>\n<\/td>\n<td colspan=\"2\" width=\"468\">\n<p>Fluorescentni mikroskop Olympus<\/p>\n<\/td>\n<\/tr>\n<tr>\n<td width=\"46\">\n<p>13<\/p>\n<\/td>\n<td width=\"462\">\n<p>Fluorrescentni mikroskop fdm 1000sa mikrotomom i odg.opremom<\/p>\n<\/td>\n<td>\u00a0<\/td>\n<\/tr>\n<tr>\n<td width=\"46\">\n<p>14<\/p>\n<\/td>\n<td colspan=\"2\" width=\"468\">\n<p>Frakcioni kolektor sa peristalti\u010dkom pumpom<\/p>\n<\/td>\n<\/tr>\n<tr>\n<td width=\"46\">\n<p>15<\/p>\n<\/td>\n<td width=\"462\">\n<p>General purpose ft-ir accessor kit<\/p>\n<\/td>\n<td>\u00a0<\/td>\n<\/tr>\n<tr>\n<td width=\"46\">\n<p>16<\/p>\n<\/td>\n<td width=\"462\">\n<p>GFL destilator vode 4 l\/h i 12 l\/h<\/p>\n<\/td>\n<td>\u00a0<\/td>\n<\/tr>\n<tr>\n<td width=\"46\">\n<p>17<\/p>\n<\/td>\n<td width=\"462\">\n<p>Homogenizator powergren 125<\/p>\n<\/td>\n<td>\u00a0<\/td>\n<\/tr>\n<tr>\n<td width=\"46\">\n<p>18<\/p>\n<\/td>\n<td colspan=\"2\" width=\"468\">\n<p>Homogenizator velike brzine sa dodacima<\/p>\n<\/td>\n<\/tr>\n<tr>\n<td width=\"46\">\n<p>19<\/p>\n<\/td>\n<td colspan=\"2\" width=\"468\">\n<p>Horizontalna elektroforeza-mini sistem sa pripadaju\u0107im elementima<\/p>\n<\/td>\n<\/tr>\n<tr>\n<td width=\"46\">\n<p>20<\/p>\n<\/td>\n<td width=\"462\">\n<p>HPLC<\/p>\n<\/td>\n<td>\u00a0<\/td>\n<\/tr>\n<tr>\n<td width=\"46\">\n<p>21<\/p>\n<\/td>\n<td width=\"462\">\n<p>Hr25-800 handrefracrometer without tempar.0-80 %<\/p>\n<\/td>\n<td>\u00a0<\/td>\n<\/tr>\n<tr>\n<td width=\"46\">\n<p>22<\/p>\n<\/td>\n<td width=\"462\">\n<p>Inkubator\u00a0 inco 153 med<\/p>\n<\/td>\n<td>\u00a0<\/td>\n<\/tr>\n<tr>\n<td width=\"46\">\n<p>23<\/p>\n<\/td>\n<td colspan=\"2\" width=\"468\">\n<p>Inkubator CO<sub>2<\/sub><\/p>\n<\/td>\n<\/tr>\n<tr>\n<td width=\"46\">\n<p>24<\/p>\n<\/td>\n<td colspan=\"2\" width=\"468\">\n<p>Invertni mikroskop Olympus<\/p>\n<\/td>\n<\/tr>\n<tr>\n<td width=\"46\">\n<p>25<\/p>\n<\/td>\n<td colspan=\"2\" width=\"468\">\n<p>Ispravlja\u010d za elektroforezu sa mogu\u0107no\u0161\u0107u programiranja\u00a0\u00a0\u00a0\u00a0\u00a0\u00a0\u00a0\u00a0\u00a0\u00a0\u00a0\u00a0\u00a0\u00a0\u00a0<\/p>\n<\/td>\n<\/tr>\n<tr>\n<td width=\"46\">\n<p>26<\/p>\n<\/td>\n<td width=\"462\">\n<p>Kamera digitalna za mikroskop 2.0 mpix<\/p>\n<\/td>\n<td>\u00a0<\/td>\n<\/tr>\n<tr>\n<td width=\"46\">\n<p>27<\/p>\n<\/td>\n<td colspan=\"2\" width=\"468\">\n<p>Kolorimetar<\/p>\n<\/td>\n<\/tr>\n<tr>\n<td width=\"46\">\n<p>28<\/p>\n<\/td>\n<td colspan=\"2\" width=\"468\">\n<p>Komora za pravljenje gelova za elektroforezu<\/p>\n<\/td>\n<\/tr>\n<tr>\n<td width=\"46\">\n<p>29<\/p>\n<\/td>\n<td colspan=\"2\" width=\"468\">\n<p>Komora za UV PCR<\/p>\n<\/td>\n<\/tr>\n<tr>\n<td width=\"46\">\n<p>30<\/p>\n<\/td>\n<td colspan=\"2\" width=\"468\">\n<p>Kriogeni kontejner<\/p>\n<\/td>\n<\/tr>\n<tr>\n<td width=\"46\">\n<p>31<\/p>\n<\/td>\n<td width=\"462\">\n<p>KSPI melting point metar wiht 10x magnificiation optic+30 cm<\/p>\n<\/td>\n<td>\u00a0<\/td>\n<\/tr>\n<tr>\n<td width=\"46\">\n<p>32<\/p>\n<\/td>\n<td colspan=\"2\" width=\"468\">\n<p>Laminar<\/p>\n<\/td>\n<\/tr>\n<tr>\n<td width=\"46\">\n<p>33<\/p>\n<\/td>\n<td width=\"462\">\n<p>Laptop lenovo 3000<\/p>\n<\/td>\n<td>\u00a0<\/td>\n<\/tr>\n<tr>\n<td width=\"46\">\n<p>34<\/p>\n<\/td>\n<td width=\"462\">\n<p>Laserjet 1018<\/p>\n<\/td>\n<td>\u00a0<\/td>\n<\/tr>\n<tr>\n<td width=\"46\">\n<p>35<\/p>\n<\/td>\n<td colspan=\"2\" width=\"468\">\n<p>Ledomat<\/p>\n<\/td>\n<\/tr>\n<tr>\n<td width=\"46\">\n<p>36<\/p>\n<\/td>\n<td width=\"462\">\n<p>Magnetna mje\u0161alica<\/p>\n<\/td>\n<td>\u00a0<\/td>\n<\/tr>\n<tr>\n<td width=\"46\">\n<p>37<\/p>\n<\/td>\n<td width=\"462\">\n<p>Mikroskop biolo\u0161ki bm-011b<\/p>\n<\/td>\n<td>\u00a0<\/td>\n<\/tr>\n<tr>\n<td width=\"46\">\n<p>38<\/p>\n<\/td>\n<td width=\"462\">\n<p>Mikroskop biolo\u0161ki bm-017p<\/p>\n<\/td>\n<td>\u00a0<\/td>\n<\/tr>\n<tr>\n<td width=\"46\">\n<p>39<\/p>\n<\/td>\n<td colspan=\"2\" width=\"468\">\n<p>Mini centrifuga sa odgovaraju\u0107im epruvetama<\/p>\n<\/td>\n<\/tr>\n<tr>\n<td width=\"46\">\n<p>40<\/p>\n<\/td>\n<td colspan=\"2\" width=\"468\">\n<p>Mini horizontalna \u0107elija sa recirkulacijom<\/p>\n<\/td>\n<\/tr>\n<tr>\n<td width=\"46\">\n<p>41<\/p>\n<\/td>\n<td colspan=\"2\" width=\"468\">\n<p>Minireader za elisa<\/p>\n<\/td>\n<\/tr>\n<tr>\n<td width=\"46\">\n<p>42<\/p>\n<\/td>\n<td colspan=\"2\" width=\"468\">\n<p>Mje\u0161a\u010d sa komorom za pode\u0161avanje temperature<\/p>\n<\/td>\n<\/tr>\n<tr>\n<td width=\"46\">\n<p>43<\/p>\n<\/td>\n<td width=\"462\">\n<p>Nabartherm le 4\/11\/r6 pe\u0107 mufolna do 1100c<\/p>\n<\/td>\n<td>\u00a0<\/td>\n<\/tr>\n<tr>\n<td width=\"46\">\n<p>44<\/p>\n<\/td>\n<td width=\"462\">\n<p>Nosa\u010d za mikrotitrator plo\u010de<\/p>\n<\/td>\n<td>\u00a0<\/td>\n<\/tr>\n<tr>\n<td width=\"46\">\n<p>45<\/p>\n<\/td>\n<td width=\"462\">\n<p>Objektiv za mikroskop n plan 63<\/p>\n<\/td>\n<td>\u00a0<\/td>\n<\/tr>\n<tr>\n<td width=\"46\">\n<p>46<\/p>\n<\/td>\n<td colspan=\"2\" width=\"468\">\n<p>PHAST sistem elektroforeza<\/p>\n<\/td>\n<\/tr>\n<tr>\n<td width=\"46\">\n<p>47<\/p>\n<\/td>\n<td colspan=\"2\" width=\"468\">\n<p>Precizna vaga METTLER PB 602<\/p>\n<\/td>\n<\/tr>\n<tr>\n<td width=\"46\">\n<p>48<\/p>\n<\/td>\n<td width=\"462\">\n<p>Printer hp laser jet prom201 dw<\/p>\n<\/td>\n<td>\u00a0<\/td>\n<\/tr>\n<tr>\n<td width=\"46\">\n<p>49<\/p>\n<\/td>\n<td width=\"462\">\n<p>Protivpo\u017earni ormar za hemikalije<\/p>\n<\/td>\n<td>\u00a0<\/td>\n<\/tr>\n<tr>\n<td width=\"46\">\n<p>50<\/p>\n<\/td>\n<td width=\"462\">\n<p>Ra\u010dunarska oprema a \u2013 pc<\/p>\n<\/td>\n<td>\u00a0<\/td>\n<\/tr>\n<tr>\n<td width=\"46\">\n<p>51<\/p>\n<\/td>\n<td width=\"462\">\n<p>RF-5301 Spektrofluoro-fotometer<\/p>\n<\/td>\n<td>\u00a0<\/td>\n<\/tr>\n<tr>\n<td width=\"46\">\n<p>52<\/p>\n<\/td>\n<td width=\"462\">\n<p>Rotor za centrifugu, 2rm<\/p>\n<\/td>\n<td>\u00a0<\/td>\n<\/tr>\n<tr>\n<td width=\"46\">\n<p>53<\/p>\n<\/td>\n<td width=\"462\">\n<p>\u0160ejker, treskalica za mikrotitrator plo\u010de<\/p>\n<\/td>\n<td>\u00a0<\/td>\n<\/tr>\n<tr>\n<td width=\"46\">\n<p>54<\/p>\n<\/td>\n<td colspan=\"2\" width=\"468\">\n<p>Sistem za filtraciju (fla\u0161e i lijevci)<\/p>\n<\/td>\n<\/tr>\n<tr>\n<td width=\"46\">\n<p>55<\/p>\n<\/td>\n<td colspan=\"2\" width=\"468\">\n<p>Sistem za hibridizaciju (sa odgovaraju\u0107im bocama)<\/p>\n<\/td>\n<\/tr>\n<tr>\n<td width=\"46\">\n<p>56<\/p>\n<\/td>\n<td colspan=\"2\" width=\"468\">\n<p>Sistem za sekveniranje nukleinskih kiselina sa pripadaju\u0107im elementima<\/p>\n<\/td>\n<\/tr>\n<tr>\n<td width=\"46\">\n<p>57<\/p>\n<\/td>\n<td colspan=\"2\" width=\"468\">\n<p>Sistem za standardnu horizontalnu elektroforezu<\/p>\n<\/td>\n<\/tr>\n<tr>\n<td width=\"46\">\n<p>58<\/p>\n<\/td>\n<td colspan=\"2\" width=\"468\">\n<p>Sistem za standardnu horizontalnu elektroforezu (sa dvostrukom komorom)<\/p>\n<\/td>\n<\/tr>\n<tr>\n<td width=\"46\">\n<p>59<\/p>\n<\/td>\n<td colspan=\"2\" width=\"468\">\n<p>Sistem za su\u0161enje gela za elektroforezu sa pripadnom vakum pumpom<\/p>\n<\/td>\n<\/tr>\n<tr>\n<td width=\"46\">\n<p>60<\/p>\n<\/td>\n<td width=\"462\">\n<p>Skener canon lide 220<\/p>\n<\/td>\n<td>\u00a0<\/td>\n<\/tr>\n<tr>\n<td width=\"46\">\n<p>61<\/p>\n<\/td>\n<td width=\"462\">\n<p>Spectrum bx ii ft-ir system<\/p>\n<\/td>\n<td>\u00a0<\/td>\n<\/tr>\n<tr>\n<td width=\"46\">\n<p>62<\/p>\n<\/td>\n<td colspan=\"2\" width=\"468\">\n<p>Stolni pH-metar METTLER<\/p>\n<\/td>\n<\/tr>\n<tr>\n<td width=\"46\">\n<p>63<\/p>\n<\/td>\n<td colspan=\"2\" width=\"468\">\n<p>Tamna komora sa postoljem za kameru, sa dodacima<\/p>\n<\/td>\n<\/tr>\n<tr>\n<td width=\"46\">\n<p>64<\/p>\n<\/td>\n<td colspan=\"2\" width=\"468\">\n<p>Tkivni homogenizator<\/p>\n<\/td>\n<\/tr>\n<tr>\n<td width=\"46\">\n<p>65<\/p>\n<\/td>\n<td width=\"462\">\n<p>TLC staklena kada 20&#215;20 cm sa poklopcem<\/p>\n<\/td>\n<td>\u00a0<\/td>\n<\/tr>\n<tr>\n<td width=\"46\">\n<p>67<\/p>\n<\/td>\n<td width=\"462\">\n<p>UNB 200 Memmert univerzal oven microproceros pid up to+220<\/p>\n<\/td>\n<td>\u00a0<\/td>\n<\/tr>\n<tr>\n<td width=\"46\">\n<p>68<\/p>\n<\/td>\n<td width=\"462\">\n<p>Ure\u0111aj za ru\u010dno nano\u0161enje gela na staklene plo\u010de za tlc<\/p>\n<\/td>\n<td>\u00a0<\/td>\n<\/tr>\n<tr>\n<td width=\"46\">\n<p>69<\/p>\n<\/td>\n<td colspan=\"2\" width=\"468\">\n<p>UV-Fluorescentna plo\u010da<\/p>\n<\/td>\n<\/tr>\n<tr>\n<td width=\"46\">\n<p>70<\/p>\n<\/td>\n<td width=\"462\">\n<p>UVMINI-1240 digitalni spektro fotometar<\/p>\n<\/td>\n<td>\u00a0<\/td>\n<\/tr>\n<tr>\n<td width=\"46\">\n<p>71<\/p>\n<\/td>\n<td width=\"462\">\n<p>UV-nandlampt short-and long-wav 6w-handlamp stand for<\/p>\n<\/td>\n<td>\u00a0<\/td>\n<\/tr>\n<tr>\n<td width=\"46\">\n<p>72<\/p>\n<\/td>\n<td colspan=\"2\" width=\"468\">\n<p>UV-VIS Spektrofotometar<\/p>\n<\/td>\n<\/tr>\n<tr>\n<td>\n<p>73<\/p>\n<\/td>\n<td colspan=\"2\">\n<p>VWR UV-3100 PC Spektrofotometar<\/p>\n<\/td>\n<\/tr>\n<tr>\n<td width=\"46\">\n<p>74<\/p>\n<\/td>\n<td colspan=\"2\" width=\"468\">\n<p>Vertikalna elektroforeza-mini sistem sa pripadaju\u0107im elementima<\/p>\n<\/td>\n<\/tr>\n<tr>\n<td width=\"46\">\n<p>75<\/p>\n<\/td>\n<td width=\"462\">\n<p>Videoprojektor\u00a0 acer x1223h<\/p>\n<\/td>\n<td>\u00a0<\/td>\n<\/tr>\n<tr>\n<td width=\"46\">\n<p>76<\/p>\n<\/td>\n<td width=\"462\">\n<p>Vodeno kupatilo sa 6 mjesta<\/p>\n<\/td>\n<td>\u00a0<\/td>\n<\/tr>\n<tr>\n<td width=\"46\">\n<p>77<\/p>\n<\/td>\n<td colspan=\"2\" width=\"468\">\n<p>Vodeno kupatilo sa dvije komore<\/p>\n<\/td>\n<\/tr>\n<tr>\n<td width=\"46\">\n<p>78<\/p>\n<\/td>\n<td colspan=\"2\" width=\"468\">\n<p>Vodeno kupatilo sa mije\u0161anjem<\/p>\n<\/td>\n<\/tr>\n<tr>\n<td width=\"46\">\n<p>79<\/p>\n<\/td>\n<td width=\"462\">\n<p>Vortex mixer fisherbrand adapter za 2&#215;25 ml fla\u0161e<\/p>\n<\/td>\n<td>\u00a0<\/td>\n<\/tr>\n<tr>\n<td width=\"46\">\n<p>80<\/p>\n<\/td>\n<td width=\"462\">\n<p>Vortex mixer fisherbrand adapter za pcr plo\u010de<\/p>\n<\/td>\n<td>\u00a0<\/td>\n<\/tr>\n<tr>\n<td width=\"46\">\n<p>81<\/p>\n<\/td>\n<td colspan=\"2\" width=\"468\">\n<p>Vortex-GENIUS<\/p>\n<\/td>\n<\/tr>\n<tr>\n<td width=\"46\">\n<p>82<\/p>\n<\/td>\n<td colspan=\"2\" width=\"468\">\n<p>Washer za elisa<\/p>\n<\/td>\n<\/tr>\n<tr>\n<td width=\"46\">\n<p>83<\/p>\n<\/td>\n<td width=\"462\">\n<p>WNB memmert microproc.pid up+95c digital timer<\/p>\n<\/td>\n<td>\u00a0<\/td>\n<\/tr>\n<tr>\n<td width=\"46\">\n<p>84<\/p>\n<\/td>\n<td width=\"462\">\n<p>Zamrziva\u010d ( angelantoni industr.)<\/p>\n<\/td>\n<td>\u00a0<\/td>\n<\/tr>\n<tr>\n<td width=\"46\">\n<p>85<\/p>\n<\/td>\n<td width=\"462\">\n<p>Zamrziva\u010d uluf- 65-ult<\/p>\n<\/td>\n<td>\u00a0<\/td>\n<\/tr>\n<tr>\n<td width=\"46\">\n<p>86<\/p>\n<\/td>\n<td colspan=\"2\" width=\"468\">\n<p>Zamrziva\u010d za temperature do (-80)<\/p>\n<\/td>\n<\/tr>\n<\/tbody>\n<\/table>\n","protected":false},"excerpt":{"rendered":"<p>\u00a0 NAZIV OPREME \u00a0 1 Analiti\u010dka vaga METTLER AG 245 2 Aparat za disoluciju \u00a0 3 Autoklav 4 Autoklav 60l, model dh waco 506 \u00a0 5 AX 120-M-analiti\u010dka vaga \u00a0 6 Bandelin rk 100h-ultrazvu\u010dno kupatilo 3l sa grijanj i tajm. \u00a0 7 Centrifuga 5702 \u00a0 8 Centrifuga sa velikim brojem obrtaja sa hladjenjem(adaPteri, pet rotora [&hellip;]<\/p>\n","protected":false},"author":1,"featured_media":0,"parent":0,"menu_order":0,"comment_status":"closed","ping_status":"closed","template":"","meta":[],"_links":{"self":[{"href":"http:\/\/frmf.untz.ba\/web\/wp-json\/wp\/v2\/pages\/3273"}],"collection":[{"href":"http:\/\/frmf.untz.ba\/web\/wp-json\/wp\/v2\/pages"}],"about":[{"href":"http:\/\/frmf.untz.ba\/web\/wp-json\/wp\/v2\/types\/page"}],"author":[{"embeddable":true,"href":"http:\/\/frmf.untz.ba\/web\/wp-json\/wp\/v2\/users\/1"}],"replies":[{"embeddable":true,"href":"http:\/\/frmf.untz.ba\/web\/wp-json\/wp\/v2\/comments?post=3273"}],"version-history":[{"count":3,"href":"http:\/\/frmf.untz.ba\/web\/wp-json\/wp\/v2\/pages\/3273\/revisions"}],"predecessor-version":[{"id":4951,"href":"http:\/\/frmf.untz.ba\/web\/wp-json\/wp\/v2\/pages\/3273\/revisions\/4951"}],"wp:attachment":[{"href":"http:\/\/frmf.untz.ba\/web\/wp-json\/wp\/v2\/media?parent=3273"}],"curies":[{"name":"wp","href":"https:\/\/api.w.org\/{rel}","templated":true}]}}