{"id":3265,"date":"2023-04-11T12:26:10","date_gmt":"2023-04-11T10:26:10","guid":{"rendered":"http:\/\/frmf.untz.ba\/web\/?page_id=3265"},"modified":"2024-11-08T13:42:32","modified_gmt":"2024-11-08T12:42:32","slug":"kongresi-i-simpoziji","status":"publish","type":"page","link":"http:\/\/frmf.untz.ba\/web\/bs\/kongresi-i-simpoziji\/","title":{"rendered":"EAFP- European Association of Faculties of Pharmacy"},"content":{"rendered":"\n<p>Farmaceutski fakultet Univerziteta u Tuzli \u010dlan je Evropske asocijacije farmaceutskih fakulteta od 2015. godine.<\/p>\n<p>EAFP je osnovana 1992. godine od strane grupe farmaceutskih akademika koji se sastaju u Parizu Sud. Misija EAFP-a je da vodi napredak u obrazovanju i istra\u017eivanju farmacije kako bi se odrazio razvoj farmacije i potrebe dru\u0161tva. Ovo se posti\u017ee olak\u0161avanjem kontakata i saradnje izme\u0111u univerzitetskih farmaceutskih studija, podr\u0161kom fakultetima \u010dlanicama u njihovim naporima da razviju efikasne metode u\u010denja i podu\u010davanja i razvojem uskla\u0111enih evropskih standarda kvaliteta za strukturu i ishode farmaceutskog obrazovanja.<\/p>\n<p>EAFP se sastoji od visoko\u0161kolskih ustanova koje nude kurseve, koji diplomcima daju kvalifikacije potrebne za priznavanje profesionalnog farmaceuta u skladu sa propisima Evropske Komisije. U Evropi direktiva EU o obrazovanju u farmaciji standardizuje minimalno trajanje obuke koje treba da traje najmanje pet godina, uklju\u010duju\u0107i \u010detiri godine teorijske i prakti\u010dne obuke sa punim radnim vremenom i \u0161estomjese\u010dnu praksu u apoteci.<\/p>\n<p>U 2011. godini postojalo je 195 visoko\u0161kolskih ustanova, koje su pru\u017eale studije farmacije u 25 dr\u017eava EU, a ve\u0107ina zemalja ima nezavisne farmaceutske fakultete u okviru univerzitetske strukture. U ovih 25 zemalja radi ukupno 419 353 farmaceuta.<\/p>\n<p><a href=\"https:\/\/eafponline.eu\/regions-2\/region-3-east\/\">https:\/\/eafponline.eu\/regions-2\/region-3-east\/<\/a>\u00a0<\/p>\n","protected":false},"excerpt":{"rendered":"<p>Farmaceutski fakultet Univerziteta u Tuzli \u010dlan je Evropske asocijacije farmaceutskih fakulteta od 2015. godine. EAFP je osnovana 1992. godine od strane grupe farmaceutskih akademika koji se sastaju u Parizu Sud. Misija EAFP-a je da vodi napredak u obrazovanju i istra\u017eivanju farmacije kako bi se odrazio razvoj farmacije i potrebe dru\u0161tva. Ovo se posti\u017ee olak\u0161avanjem kontakata [&hellip;]<\/p>\n","protected":false},"author":1,"featured_media":0,"parent":0,"menu_order":0,"comment_status":"closed","ping_status":"closed","template":"","meta":[],"_links":{"self":[{"href":"http:\/\/frmf.untz.ba\/web\/wp-json\/wp\/v2\/pages\/3265"}],"collection":[{"href":"http:\/\/frmf.untz.ba\/web\/wp-json\/wp\/v2\/pages"}],"about":[{"href":"http:\/\/frmf.untz.ba\/web\/wp-json\/wp\/v2\/types\/page"}],"author":[{"embeddable":true,"href":"http:\/\/frmf.untz.ba\/web\/wp-json\/wp\/v2\/users\/1"}],"replies":[{"embeddable":true,"href":"http:\/\/frmf.untz.ba\/web\/wp-json\/wp\/v2\/comments?post=3265"}],"version-history":[{"count":5,"href":"http:\/\/frmf.untz.ba\/web\/wp-json\/wp\/v2\/pages\/3265\/revisions"}],"predecessor-version":[{"id":4840,"href":"http:\/\/frmf.untz.ba\/web\/wp-json\/wp\/v2\/pages\/3265\/revisions\/4840"}],"wp:attachment":[{"href":"http:\/\/frmf.untz.ba\/web\/wp-json\/wp\/v2\/media?parent=3265"}],"curies":[{"name":"wp","href":"https:\/\/api.w.org\/{rel}","templated":true}]}}