{"id":32,"date":"2017-05-03T15:13:46","date_gmt":"2017-05-03T13:13:46","guid":{"rendered":"http:\/\/frmf.untz.ba\/web\/?page_id=32"},"modified":"2026-02-24T13:32:20","modified_gmt":"2026-02-24T12:32:20","slug":"farmaceutska-hemija","status":"publish","type":"page","link":"http:\/\/frmf.untz.ba\/web\/bs\/farmaceutska-hemija\/","title":{"rendered":"Farmaceutska hemija"},"content":{"rendered":"<p><strong>U\u017dA NAU\u010cNA OBLAST \u2013 FARMACEUTSKA HEMIJA<\/strong><\/p>\n<p style=\"text-align: justify;\">Farmaceutska hemija je osnovni stru\u010dni predmet u toku studija Farmacije, \u010diji je primarni zadatak sinteza i karakterizacija lijekova i ljekovitih supstanci. U okviru UNO \u201eFarmaceutska hemija\u201c se obavlja nau\u010dni, stru\u010dni i nau\u010dno-istra\u017eiva\u010dki rad u oblasti sinteze i razvoja novih sintetskih puteva, strukturnih modifikacija i odre\u0111ivanja lijekova i ljekovitih supstanci.<\/p>\n<p style=\"text-align: justify;\">Predmet prou\u010davanja Farmaceutske hemije odnosi se na sintezu ljekovitih supstanci ili izolaciju ljekovitih supstanci iz prirodnog materijala, odre\u0111ivanje njihovih fizi\u010dko-hemijskih osobina, odre\u0111ivanje strukture, reaktivnosti njihovih funkcionalnih grupa, mehanizama djelovanja lijekova, veza izme\u0111u strukture i djelovanja (QSAR), hemijskih interakcija lijekova, hemijskih aspekata metabolizma lijekova (in vivo i in vitro). UNO \u201eFarmaceutska hemija\u201c se bavi sintezom, potvrdom sastava i strukture novih spojeva te ispitivanjem biolo\u0161ih aktivnosti i to: odre\u0111ivanje antioksidativne aktivnosti DPPH i FRAP metodom, ispitivanje antimikrobne aktivnosti, ispitivanje enzimske aktivnosti, ispitivanje antitumorske aktivnosti na humanim \u0107elijskim linijama.<\/p>\n<p style=\"text-align: justify;\">Nastavna aktivnost se provodi u vidu teorijske i prakti\u010dne nastave (predavanja i vje\u017ebe) tri obavezna i dva izborna nastavna predmeta koji se realizuje na Integrisanom I i II ciklusu studija. Sva nastava se izvodi u prostorijama Farmaceutskog fakulteta, te na Univerzitetskom kampusu.<\/p>\n<p style=\"text-align: justify;\">Nau\u010dno-istra\u017eiva\u010dki rad obuhvata teorijska, primijenjena i razvojna istra\u017eivanja u oblasti sinteze i dizajniranja lijekova, te analiti\u010dke metode za potvrdu sastava, strukture i stepena \u010disto\u0107e prire\u0111enih spojeva<em>.\u00a0<\/em>Nau\u010dno-istra\u017eiva\u010dka aktivnost se ostvaruje kroz samostalni rad i projekte finansirane od strane Federalnog ministarstva obrazovanja i nauke i od strane EU.<\/p>\n<p>U okviru UNO \u201eFarmaceutska hemija\u201c na Integrisanom I i II ciklusu studija se izu\u010davaju nastavni predmeti :<\/p>\n<ol>\n<li>Uvod u Farmaciju (obavezni predmet) \u2013 I godina studija,<\/li>\n<li>Farmaceutska hemija I (obavezni predmet) \u2013 III godina studija,<\/li>\n<li>Farmaceutska hemija II (obavezni predmet) \u2013 III godina studija,<\/li>\n<li>Radiofarmaceutici (stru\u010dni izborni predmet) \u2013 II godina studija,<\/li>\n<li>Dizajniranje i sinteza lijekova (stru\u010dni izborni predmet) \u2013 III godina studija.<\/li>\n<\/ol>\n<p>U okviru UNO \u201eFarmaceutska hemija\u201c na\u00a0 III ciklusu studija se izu\u010davaja nastavni predmet :<\/p>\n<ol>\n<li>Farmaceutska hemija i farmakognozija (obavezni predmet) \u2013 I godina studija.<\/li>\n<\/ol>\n<p style=\"text-align: justify;\">U izvo\u0111enju nastave na UNO \u201eFarmaceutska hemija\u201c u\u010destvuju nastavnici i saradnici izabrani na Univerzitetu u Tuzli, stru\u010dnjaci iz prakse, te nastavni kadar sa Farmaceutskog fakulteta Univerziteta u Sarajevu.<\/p>\n<p>Nastavnici izabrani u nastavni\u010dka zvanja na Farmaceutskom fakultetu Univerziteta u Tuzli :<\/p>\n<ol>\n<li>Dr. sc. Amra D\u017eambi\u0107, docent<\/li>\n<\/ol>\n<p>Saradnici izabrani u saradni\u010dka zvanja na Farmaceutskom fakultetu Univerziteta u Tuzli na UNO \u201eFarmaceutska hemija\u201c:<\/p>\n<ol>\n<li>mr. ph. spec. nutr. Demir Bjelo\u0161evi\u0107, asistent<\/li>\n<\/ol>\n<p>Stru\u010dnjaci iz prakse izabrani u saradni\u010dka zvanja na Farmaceutskom fakultetu Univerziteta u Tuzli na UNO \u201eFarmaceutska hemija\u201c (spoljni saradnici):<\/p>\n<ol>\n<li>mr. ph. Semir Mujezinovi\u0107, stru\u010dnjak iz prakse.<\/li>\n<\/ol>\n<p>Nastavnici sa drugih Farmaceutskih fakulteta uklju\u010deni u izvo\u0111enju nastave u okviru UNO \u201eFarmaceutska hemija\u201c:<\/p>\n<ol>\n<li>dr. sc. Samija Muratovi\u0107, red. prof. (Farmaceutski fakultet, Univerzitet u Sarajevu),<\/li>\n<li>dr. sc. \u017darko Gagi\u0107, vanr. prof. (Medicinski fakultet, Univerzitet u Banja Luci),<\/li>\n<li>dr. sc. Martin Kond\u017ea, doc. (Farmaceutski fakultet, Univerzitet u Mostaru),<\/li>\n<li>dr. sc. Amar Osmanovi\u0107, vanr. prof. (Farmaceutski fakultet, Univerzitet u Sarajevu),<\/li>\n<li>dr. sc. Selma \u0160pirtovi\u0107 Halilovi\u0107, red. prof. (Farmaceutski fakultet, Univerzitet u Sarajevu).<\/li>\n<\/ol>\n<p>Laboranti uklju\u010deni u pripremu prakti\u010dne nastave na integrisanom I i II ciklusu studija je:<\/p>\n<ol>\n<li>Lejla Smajlefendi\u0107-\u0160ari\u0107, laborant<\/li>\n<li>Sabina Muharemagi\u0107, vi\u0161i laborant<\/li>\n<\/ol>\n<p>UNO \u201eFarmaceutska hemija\u201c je mati\u010dna na Farmaceutskom fakultetu Univerziteta u Tuzli.<\/p>\n","protected":false},"excerpt":{"rendered":"<p>U\u017dA NAU\u010cNA OBLAST \u2013 FARMACEUTSKA HEMIJA Farmaceutska hemija je osnovni stru\u010dni predmet u toku studija Farmacije, \u010diji je primarni zadatak sinteza i karakterizacija lijekova i ljekovitih supstanci. U okviru UNO \u201eFarmaceutska hemija\u201c se obavlja nau\u010dni, stru\u010dni i nau\u010dno-istra\u017eiva\u010dki rad u oblasti sinteze i razvoja novih sintetskih puteva, strukturnih modifikacija i odre\u0111ivanja lijekova i ljekovitih supstanci. [&hellip;]<\/p>\n","protected":false},"author":1,"featured_media":0,"parent":0,"menu_order":0,"comment_status":"closed","ping_status":"closed","template":"","meta":[],"_links":{"self":[{"href":"http:\/\/frmf.untz.ba\/web\/wp-json\/wp\/v2\/pages\/32"}],"collection":[{"href":"http:\/\/frmf.untz.ba\/web\/wp-json\/wp\/v2\/pages"}],"about":[{"href":"http:\/\/frmf.untz.ba\/web\/wp-json\/wp\/v2\/types\/page"}],"author":[{"embeddable":true,"href":"http:\/\/frmf.untz.ba\/web\/wp-json\/wp\/v2\/users\/1"}],"replies":[{"embeddable":true,"href":"http:\/\/frmf.untz.ba\/web\/wp-json\/wp\/v2\/comments?post=32"}],"version-history":[{"count":24,"href":"http:\/\/frmf.untz.ba\/web\/wp-json\/wp\/v2\/pages\/32\/revisions"}],"predecessor-version":[{"id":6550,"href":"http:\/\/frmf.untz.ba\/web\/wp-json\/wp\/v2\/pages\/32\/revisions\/6550"}],"wp:attachment":[{"href":"http:\/\/frmf.untz.ba\/web\/wp-json\/wp\/v2\/media?parent=32"}],"curies":[{"name":"wp","href":"https:\/\/api.w.org\/{rel}","templated":true}]}}