{"id":3109,"date":"2023-03-22T15:15:02","date_gmt":"2023-03-22T14:15:02","guid":{"rendered":"http:\/\/frmf.untz.ba\/web\/?page_id=3109"},"modified":"2026-01-01T22:58:49","modified_gmt":"2026-01-01T21:58:49","slug":"upis-na-studij","status":"publish","type":"page","link":"http:\/\/frmf.untz.ba\/web\/bs\/upis-na-studij\/","title":{"rendered":"Upis na studij"},"content":{"rendered":"\n<p><strong>UPIS STUDENATA NA INTEGRISANI I I II CIKLUS STUDIJA<\/strong><\/p>\n<p><strong>Studijski program &#8220;Farmacija (I i II integrisani ciklus studija)&#8221;<\/strong><\/p>\n<p style=\"text-align: justify;\">Upis studenata na studijski program bilo kojeg ciklusa vr\u0161i se na osnovu zakonskih odrednica, jasnih i transparentnih kriterija koji uklju\u010duju provjere znanja, sklonosti i sposobnosti kandidata i uspjeh u prethodnom \u0161kolovanju, a u skladu sa analiziranim dru\u0161tvenim potrebama i obezbije\u0111enim resursima za izvo\u0111enje programa.<\/p>\n<p style=\"text-align: justify;\">Konkurs za upis se javno objavljuje na web stranici ustanove i u medijima. Kriteriji za upis na studijski program definisani su Konkursom za upis studenata u prvu godinu prvog i integriranog prvog i drugog ciklusa studija odnosno III ciklusa studija na fakultete\/akademiju Univerziteta u Tuzli.<\/p>\n<p>U nastavku je dat Web link do navedenog dokumenta:<\/p>\n<p><a href=\"https:\/\/untz.ba\/wp-content\/uploads\/2025\/06\/KONKURS_ZA_UPIS_I_i_INTEGRISANI_I_i_II_CIKLUS_STUDIJA_AK_2025_26_GOD_19_06_2025.pdf\">KONKURS za ak. 2025\/26.<\/a><\/p>\n<p><a href=\"https:\/\/untz.ba\/wp-content\/uploads\/2025\/06\/Izmjena-i-dopuna-Konkursa-za-upis-studenata-u-prvu-godinu-prvog-i-integriranog-prvog-i-drugog-ciklusa-studija-univerziteta-u-tuzli-u-ak-2025-26-god.pdf\">IZMJENA I DOPUNA KONKURSA ZA UPIS STUDENATA za ak. 2025\/26.<\/a>\u00a0<\/p>\n<ul>\n<li><a href=\"http:\/\/untz.ba\/wp-content\/uploads\/2024\/05\/Pravila_i_procedure_za_prijem_i_upis_studenata_u_prvu_god_prvog_i_integriranog_prvog_i_-drugog_ciklusa-studija_UnTz_drugi_precisceni_tekst_22_05_2024.pdf\">PRAVILA I PROCEDURE za prijem i upis studenata<\/a><\/li>\n<li><a href=\"http:\/\/untz.ba\/wp-content\/uploads\/2024\/07\/ODLUKA_o_iznosu_participacije_i_skolarine_u_troskovima_sva_tri_ciklusa_studija_na_fakultetima_akademija_UnTz_ak_2024_25_god_10_07_2024.pdf\">ODLUKA o iznosu participacije i \u0161kolarine<\/a><\/li>\n<\/ul>\n<p><a href=\"http:\/\/untz.ba\/wp-content\/uploads\/2024\/09\/ODLUKA_o_izmjeni_i_dopuni_Odluke_o_iznosu_participacije_i_skolarine_u_troskovima_sva_tri_ciklusa_studija_na_fakultetima_akademija_UnTz_ak_2024_25_god_19_09_2024.pdf\">ODLUKA o izmjeni i dopuni Odluke o iznosu participacije i \u0161kolarine<\/a><\/p>\n<p><a href=\"https:\/\/untz.ba\/studij-nastava\/ured-za-nastavu\/testovi-za-prijemni-ispit\/\">TESTOVI ZA PRIJEMNI ISPIT (prethodne ak. godine)<\/a><\/p>\n<p><a href=\"https:\/\/untz.ba\/studij-nastava\/ured-za-nastavu\/privremene-rang-liste\/\">PRIVREMENE RANG LISTE za ak. 2025\/26.<\/a><\/p>\n<p style=\"text-align: justify;\">Studenti se na Visoko\u0161kolsku ustanovu upisuju na osnovu raspisanog Javnog konkursa kojim su detaljno precizirani svi potrebni uslovi koje budu\u0107i student treba da ispuni kako bi upisao Farmaceutski fakultet. Bitno je napomenuti da budu\u0107i studenti koji \u017eele upisati studijski program &#8220;Farmacija&#8221; moraju zadovoljiti op\u0161te i posebne kriterije propisane Konkursom. Predmeti koji se boduju po pojedina\u010dnim kriterijima su Matematika, Hemija i Biologija. Od ostalih dokumenata budu\u0107i studenti moraju prilo\u017eiti: Originalna svjedo\u010danstva svih razreda srednje \u0161kole, originalno svjedo\u010danstvo o zavr\u0161enom srednjem obrazovanju, izvod iz mati\u010dne knjige ro\u0111enih, uvjerenje o dr\u017eavljanstvu i prijavu na konkurs. Nakon \u0161to budu\u0107i studenti zadovolje propisane kriterije upisuju odre\u0111eni studijski program.<\/p>\n<p style=\"text-align: justify;\">Dekan u saradnji sa prodekanima, u pripremi sjednice Nau\u010dno-nastavnog vije\u0107a predla\u017ee i usagla\u0161ava broj kandidata za upis na diplomski studij, u narednoj akademskojj godini. Kona\u010dan Prijedlog broja studenata za upis u prvu godinu studija donosi Nau\u010dno-nastavno vije\u0107e Farmaceutskog fakulteta. Nau\u010dno-nastavno vije\u0107e svoj Prijedlog dostavlja Senatu Univerziteta. Nakon razmatranja i dono\u0161enja Odluke Senata o broju studenata za prijem na fakultet kona\u010dnu saglasnost daje Vlada TK. \u00a0<\/p>\n<p>Upis utvr\u0111enog broja studenata u prvu godinu studija realizira se prema:<\/p>\n<ul>\n<li>op\u0161tim kriterijima<\/li>\n<li>pojedina\u010dnim kriterijima<\/li>\n<li>kriterij po osnovu eksterne mature<\/li>\n<\/ul>\n<p>Rangiranje kandidata vr\u0161i se na osnovu ukupnog broja bodova koji mo\u017ee iznositi 100, a koje kandidat osvoji prema slijede\u0107im kriterijima:<\/p>\n<ul>\n<li>Op\u0161ti kriteriji odnose se na postignuti uspjeh u srednjoj \u0161koli i donosi kandidatu najvi\u0161e 50 bodova. Broj bodova po ovom kriteriju utvr\u0111uje se tako da se prosje\u010dna ocjena iz svih predmeta, u svim razredima srednje \u0161kole, mno\u017ei brojem 10 (deset) i nakon toga zaokru\u017euje na dvije decimale;<\/li>\n<li>Pojedina\u010dni kriteriji odnose se na prosjek ocjena iz jednog do tri predmeta iz dva razreda srednje \u0161kole, koji su od zna\u010daja za studij na Farmaceutskom fakultetu i kandidatu donose najvi\u0161e 5 bodova. Broj bodova po ovom kriteriju utvr\u0111uje se kao prosje\u010dna ocjena, iz jednog do tri predmeta, u skladu sa Konkursom, iz dva razreda srednje \u0161kole, koji su od zna\u010daja za studij i nakon toga zaokru\u017euje na dvije decimale, pri \u010demu se uzimaju ocjene povoljnije za kandidate iz dva razreda srednje \u0161kole;\u00a0<\/li>\n<li>Predmeti koji se boduju po pojedina\u010dnim kriterijima su: \u00a0Biologija, Hemija i Matematika;<\/li>\n<li>U slu\u010daju da kandidat u srednjoj \u0161koli nije imao sve predmete od zna\u010daja za odgovaraju\u0107i studij ili nije imao predmet u dva razreda, prosje\u010dna ocjena se izra\u010dunava tako \u0161to se za predmete koje kandidat nije imao, unosi 0 (nula) i dijeli se sa brojem ocjena iz predmeta koji su od zna\u010daja za studij;<\/li>\n<li>Kriterij po osnovu eksterne mature vrednuje se sa najvi\u0161e 5 bodova, po osnovu drugog vida zavr\u0161nog ispita, odnosno koji su oslobo\u0111eni polaganja drugog vida zavr\u0161nog ispita najvi\u0161e sa 2,5 boda. Broj bodova po osnovu eksterne mature utvr\u0111uje se tako da se prosje\u010dna ocjena, ostvarena na eksternoj maturi, zaokru\u017euje na dvije decimale.<\/li>\n<\/ul>\n<p>Pravo upisa na Farmaceutski fakultet imaju sva lica koja su zavr\u0161ila \u010detverogodi\u0161nju srednju \u0161kolu. Klasifikacija i izbor kandidata za upis vr\u0161i se na osnovu kriterija utvr\u0111enih odlukom Senata Univerziteta u Tuzli i konkursom za upis, bez obaveze polaganja kvalifikacionog ispita.<\/p>\n","protected":false},"excerpt":{"rendered":"<p>UPIS STUDENATA NA INTEGRISANI I I II CIKLUS STUDIJA Studijski program &#8220;Farmacija (I i II integrisani ciklus studija)&#8221; Upis studenata na studijski program bilo kojeg ciklusa vr\u0161i se na osnovu zakonskih odrednica, jasnih i transparentnih kriterija koji uklju\u010duju provjere znanja, sklonosti i sposobnosti kandidata i uspjeh u prethodnom \u0161kolovanju, a u skladu sa analiziranim dru\u0161tvenim [&hellip;]<\/p>\n","protected":false},"author":1,"featured_media":0,"parent":0,"menu_order":0,"comment_status":"closed","ping_status":"closed","template":"","meta":[],"_links":{"self":[{"href":"http:\/\/frmf.untz.ba\/web\/wp-json\/wp\/v2\/pages\/3109"}],"collection":[{"href":"http:\/\/frmf.untz.ba\/web\/wp-json\/wp\/v2\/pages"}],"about":[{"href":"http:\/\/frmf.untz.ba\/web\/wp-json\/wp\/v2\/types\/page"}],"author":[{"embeddable":true,"href":"http:\/\/frmf.untz.ba\/web\/wp-json\/wp\/v2\/users\/1"}],"replies":[{"embeddable":true,"href":"http:\/\/frmf.untz.ba\/web\/wp-json\/wp\/v2\/comments?post=3109"}],"version-history":[{"count":19,"href":"http:\/\/frmf.untz.ba\/web\/wp-json\/wp\/v2\/pages\/3109\/revisions"}],"predecessor-version":[{"id":6219,"href":"http:\/\/frmf.untz.ba\/web\/wp-json\/wp\/v2\/pages\/3109\/revisions\/6219"}],"wp:attachment":[{"href":"http:\/\/frmf.untz.ba\/web\/wp-json\/wp\/v2\/media?parent=3109"}],"curies":[{"name":"wp","href":"https:\/\/api.w.org\/{rel}","templated":true}]}}