{"id":3107,"date":"2023-03-22T15:13:06","date_gmt":"2023-03-22T14:13:06","guid":{"rendered":"http:\/\/frmf.untz.ba\/web\/?page_id=3107"},"modified":"2026-02-22T09:46:17","modified_gmt":"2026-02-22T08:46:17","slug":"studijski-programi","status":"publish","type":"page","link":"http:\/\/frmf.untz.ba\/web\/bs\/studijski-programi\/","title":{"rendered":"Studijski programi"},"content":{"rendered":"\n\n\n<p><strong><b>Studijski program \u201eFarmacija (integrisani I i II ciklus) studija\u201c<\/b><\/strong><\/p>\n<p style=\"text-align: justify;\">Studijski program \u201eFarmacija (integrisani I i II ciklus)\u201c \u00a0na Farmaceutskom fakultetu traje 10 semestara (5 godina). Po zavr\u0161etku studija student ostvaruje ukupno 300 ECTS kredita. Svi predmeti su jednosemestralni, tako da svaki semestar nosi 30 ECTS. Studij Farmacije je interdisciplinaran. Tokom studija studenti sti\u010du znanja u okviru prirodnih, temeljnih biomedicinskih i stru\u010dnih farmaceutskih predmeta. Prve dvije godine studija studenti izu\u010davaju temeljne prirodne i biomedicinske nauke, a u sljede\u0107e tri godine izu\u010davaju se stru\u010dni farmaceutski predmeti.<\/p>\n<p style=\"text-align: justify;\">Zavr\u0161etkom integrisanog I i II ciklusa studija \u201cFarmacija (integrisani I i II ciklus)\u201d na Farmaceutskom fakultetu student sti\u010de akademsko, odnosno stru\u010dno zvanje Magistar farmacije (Mr.ph.) \u0161to je u skladu sa Pravilnikom o kori\u0161tenju akademskih titula i sticanju nau\u010dnih i stru\u010dnih zvanja na visoko\u0161kolskim ustanovama u Tuzlanskom kantonu (Slu\u017ebene novine TK broj: 14\/11) i na\u010dinu njihovog kori\u0161tenja koji donosi Ministarstvo obrazovanja TK. Du\u017eina trajanja studija i stru\u010dno zvanje koje student sti\u010de na Farmaceutskom fakultetu je tako\u0111er u skladu sa Malte\u0161kom deklaracijom koja se temelji na Direktivi EU 2005\/36\/EC. Navedena Direktiva precizira du\u017einu trajanja studija i obavezne prakse kao neophodne uslove za priznavanje profesionalnih kvalifikacija.<\/p>\n<ul>\n<li><a href=\"http:\/\/frmf.untz.ba\/web\/wp-content\/uploads\/2025\/12\/Studijski_program_2018-2019_FMF_integrisani_I_II_final-\u2013-uskladeno-novembar-2025.pdf\">Farmaceutski fakultet- studijski program sa primjenom od ak. 2018\/19.<\/a><\/li>\n<\/ul>\n<p><a href=\"http:\/\/frmf.untz.ba\/web\/wp-content\/uploads\/2024\/11\/Dnevnik-rada-VI-semestar-Copy.doc\">Dnevnik rada VI semestar <\/a><\/p>\n<p><a href=\"http:\/\/frmf.untz.ba\/web\/wp-content\/uploads\/2024\/11\/Dnevnik-rada-X-semestar-Copy.doc\">Dnevnik-rada X semestar <\/a><\/p>\n<ul>\n<li><a href=\"http:\/\/frmf.untz.ba\/web\/wp-content\/uploads\/2024\/11\/Studijski_program_2023-2024_FMF_integrisani_I_II_final.pdf\">Farmaceutski fakultet- studijski program sa primjenom od ak. 2023\/24.<\/a><\/li>\n<\/ul>\n<p>VI semestar<\/p>\n<p><a href=\"http:\/\/frmf.untz.ba\/web\/wp-content\/uploads\/2026\/02\/121911_Plan-i-program-Strucne-prakse-1-2023_2024-\u2013-uskladeno-novembar-2025.pdf\">Plan i program Stru\u010dne prakse 1 2023_2024<\/a><\/p>\n<p><a href=\"http:\/\/frmf.untz.ba\/web\/wp-content\/uploads\/2026\/02\/121957_dnevnik-i-izvjestaj-strucna-praksa-I_III-godina.docx\">Dnevnik i izvje\u0161taj stru\u010dna praksa I &#8211; III studijska godina<\/a><\/p>\n<p>X semestar<\/p>\n<p><a href=\"http:\/\/frmf.untz.ba\/web\/wp-content\/uploads\/2024\/11\/Plan-i-program-Strucne-prakse-2-2023_2024-1.pdf\">Plan i program Stru\u010dne prakse 2 2023_2024<\/a><\/p>\n","protected":false},"excerpt":{"rendered":"<p>Studijski program \u201eFarmacija (integrisani I i II ciklus) studija\u201c Studijski program \u201eFarmacija (integrisani I i II ciklus)\u201c \u00a0na Farmaceutskom fakultetu traje 10 semestara (5 godina). Po zavr\u0161etku studija student ostvaruje ukupno 300 ECTS kredita. Svi predmeti su jednosemestralni, tako da svaki semestar nosi 30 ECTS. Studij Farmacije je interdisciplinaran. Tokom studija studenti sti\u010du znanja u [&hellip;]<\/p>\n","protected":false},"author":1,"featured_media":0,"parent":0,"menu_order":0,"comment_status":"closed","ping_status":"closed","template":"","meta":[],"_links":{"self":[{"href":"http:\/\/frmf.untz.ba\/web\/wp-json\/wp\/v2\/pages\/3107"}],"collection":[{"href":"http:\/\/frmf.untz.ba\/web\/wp-json\/wp\/v2\/pages"}],"about":[{"href":"http:\/\/frmf.untz.ba\/web\/wp-json\/wp\/v2\/types\/page"}],"author":[{"embeddable":true,"href":"http:\/\/frmf.untz.ba\/web\/wp-json\/wp\/v2\/users\/1"}],"replies":[{"embeddable":true,"href":"http:\/\/frmf.untz.ba\/web\/wp-json\/wp\/v2\/comments?post=3107"}],"version-history":[{"count":11,"href":"http:\/\/frmf.untz.ba\/web\/wp-json\/wp\/v2\/pages\/3107\/revisions"}],"predecessor-version":[{"id":6533,"href":"http:\/\/frmf.untz.ba\/web\/wp-json\/wp\/v2\/pages\/3107\/revisions\/6533"}],"wp:attachment":[{"href":"http:\/\/frmf.untz.ba\/web\/wp-json\/wp\/v2\/media?parent=3107"}],"curies":[{"name":"wp","href":"https:\/\/api.w.org\/{rel}","templated":true}]}}