{"id":3089,"date":"2023-03-21T15:26:38","date_gmt":"2023-03-21T14:26:38","guid":{"rendered":"http:\/\/frmf.untz.ba\/web\/?page_id=3089"},"modified":"2025-04-03T14:00:32","modified_gmt":"2025-04-03T12:00:32","slug":"uvodna-rijec-dekana","status":"publish","type":"page","link":"http:\/\/frmf.untz.ba\/web\/bs\/uvodna-rijec-dekana\/","title":{"rendered":"Uvodna rije\u010d dekana"},"content":{"rendered":"\n\n\n\n\n<p><img decoding=\"async\" loading=\"lazy\" class=\"alignnone size-medium wp-image-5463\" src=\"http:\/\/frmf.untz.ba\/web\/wp-content\/uploads\/2025\/04\/1743679578877-293x300.jpg\" alt=\"\" width=\"293\" height=\"300\" srcset=\"http:\/\/frmf.untz.ba\/web\/wp-content\/uploads\/2025\/04\/1743679578877-293x300.jpg 293w, http:\/\/frmf.untz.ba\/web\/wp-content\/uploads\/2025\/04\/1743679578877-1001x1024.jpg 1001w, http:\/\/frmf.untz.ba\/web\/wp-content\/uploads\/2025\/04\/1743679578877-768x785.jpg 768w, http:\/\/frmf.untz.ba\/web\/wp-content\/uploads\/2025\/04\/1743679578877-1502x1536.jpg 1502w, http:\/\/frmf.untz.ba\/web\/wp-content\/uploads\/2025\/04\/1743679578877-2002x2048.jpg 2002w\" sizes=\"(max-width: 293px) 100vw, 293px\" \/><\/p>\n<p>Po\u0161tovane studentice i studenti, po\u0161tovane budu\u0107e studentice i studenti Farmaceutskog fakulteta,<\/p>\n<p><br \/>\u010cast mi je i zadovoljstvo \u0161to imam priliku da vam se obratim kao dekan Farmaceutskog fakulteta Univerziteta u Tuzli, u ime svih nastavnika i saradnika na\u0161eg Fakulteta i sa \u017eeljom da vas ohrabrim na ovom putu, koji je pred vama.<\/p>\n<p>Farmaceutski fakultet je mjesto na kojem se nauka, strast prema pomaganju ljudima i posve\u0107enost promociji zdravlja spajaju u jedinstvenu cjelinu. Na\u0161a misija je da vas osposobimo ne samo za sticanje znanja, ve\u0107 i za razvoj profesionalnih vje\u0161tina i eti\u010dkih vrijednosti koje su od esencijalne va\u017enosti u va\u0161oj budu\u0107oj karijeri.<\/p>\n<p>Za sve vas koji ste ve\u0107 \u010dlanovi na\u0161e zajednice, \u017eelim da vam uputim najiskrenije \u010destitke na dosada\u0161njem trudu i posve\u0107enosti. Vjerujte da ste na pravom putu da postanete stru\u010dnjaci koji \u0107e doprinositi pobolj\u0161anju zdravlja, inovacijama u farmaciji, i unapre\u0111enju \u017eivotnog standarda ljudi. Va\u0161a edukacija na ovom fakultetu nije samo akademski izazov, ve\u0107 i prilika da izgradite vrijednosti kao \u0161to su odgovornost, etika i me\u0111uljudski odnosi, koje \u0107e vas pratiti tokom cijelog \u017eivota.<\/p>\n<p>Budu\u0107im studentima \u017eelim da poru\u010dim da je Farmaceutski fakultet ovdje da vam ponudi znanje, resurse i priliku da budete dio dinami\u010dne i izazovne discipline. Ako ste zainteresovani za nauku, ako vas motivi\u0161e \u017eelja da pomognete drugima, ako ste<br \/>spremni da se suo\u010dite sa izazovima i stalnim u\u010denjem, onda je Farmacija prava profesija za vas. Nadam se da \u0107ete prepoznati vrijednost na\u0161eg Fakulteta i da \u0107ete odabrati ovaj put, koji vas ne vodi samo ka sticanju diplome, ve\u0107 i ka stalnom razvoju i istra\u017eivanju.<\/p>\n<p>Uvjeravam vas da \u0107ete ovdje prona\u0107i podr\u0161ku, inspiraciju i izazove koji \u0107e vas motivisati da se razvijate kao pojedinci i kao stru\u010dnjaci. Va\u0161a budu\u0107nost je pred vama, a Farmaceutski fakultet je mjesto gdje \u0107ete ste\u0107i ne samo profesionalne vje\u0161tine, ve\u0107 i \u017eivotna iskustva koja \u0107e vas oblikovati.<\/p>\n<p style=\"text-align: left;\">Dobrodo\u0161li u na\u0161u zajednicu i \u017eelim vam mnogo uspjeha na ovom putu.<\/p>\n<p style=\"text-align: right;\"><br \/>Srda\u010dno,<br \/>Dekan Farmaceutskog fakulteta<br \/>Dr.sc. Nahida Srabovi\u0107, van.prof.<\/p>\n","protected":false},"excerpt":{"rendered":"<p>Po\u0161tovane studentice i studenti, po\u0161tovane budu\u0107e studentice i studenti Farmaceutskog fakulteta, \u010cast mi je i zadovoljstvo \u0161to imam priliku da vam se obratim kao dekan Farmaceutskog fakulteta Univerziteta u Tuzli, u ime svih nastavnika i saradnika na\u0161eg Fakulteta i sa \u017eeljom da vas ohrabrim na ovom putu, koji je pred vama. Farmaceutski fakultet je mjesto [&hellip;]<\/p>\n","protected":false},"author":1,"featured_media":0,"parent":0,"menu_order":0,"comment_status":"closed","ping_status":"closed","template":"","meta":[],"_links":{"self":[{"href":"http:\/\/frmf.untz.ba\/web\/wp-json\/wp\/v2\/pages\/3089"}],"collection":[{"href":"http:\/\/frmf.untz.ba\/web\/wp-json\/wp\/v2\/pages"}],"about":[{"href":"http:\/\/frmf.untz.ba\/web\/wp-json\/wp\/v2\/types\/page"}],"author":[{"embeddable":true,"href":"http:\/\/frmf.untz.ba\/web\/wp-json\/wp\/v2\/users\/1"}],"replies":[{"embeddable":true,"href":"http:\/\/frmf.untz.ba\/web\/wp-json\/wp\/v2\/comments?post=3089"}],"version-history":[{"count":6,"href":"http:\/\/frmf.untz.ba\/web\/wp-json\/wp\/v2\/pages\/3089\/revisions"}],"predecessor-version":[{"id":5465,"href":"http:\/\/frmf.untz.ba\/web\/wp-json\/wp\/v2\/pages\/3089\/revisions\/5465"}],"wp:attachment":[{"href":"http:\/\/frmf.untz.ba\/web\/wp-json\/wp\/v2\/media?parent=3089"}],"curies":[{"name":"wp","href":"https:\/\/api.w.org\/{rel}","templated":true}]}}