{"id":3082,"date":"2023-03-21T15:19:24","date_gmt":"2023-03-21T14:19:24","guid":{"rendered":"http:\/\/frmf.untz.ba\/web\/?page_id=3082"},"modified":"2024-11-08T13:43:08","modified_gmt":"2024-11-08T12:43:08","slug":"historijat","status":"publish","type":"page","link":"http:\/\/frmf.untz.ba\/web\/bs\/historijat\/","title":{"rendered":"Historijat"},"content":{"rendered":"\n<p>Farmaceutski fakultet kao najmla\u0111a organizaciona jedinica Univerziteta u Tuzli egzistira od akademske 2004\/05. godine. Na Farmaceutskom fakultetu, Univerziteta u Tuzli se organizuje dodiplomski, integrirani I i II ciklus studija, te doktorski studij. U akademskoj 2024\/25. na Farmaceutski fakultet Univerziteta u Tuzli je upisana 21. generacija studenata dodiplomaca, te<br \/>\u0161esta generacija studenata doktoranata. Do sada je na Farmaceutskom fakultetu u Tuzli diplomiralo 1287 studenata, a akademsko zvanje doktora nauka\/znanosti je steklo njih 29. Farmaceutski fakultet Univerziteta u Tuzli je punopravni \u010dlan Evropske asocijacije farmaceutskih fakulteta (EAFP) od 2015. godine.<\/p>\n<p><br \/>Prvobitno, Nastavni plan i program dodiplomskog studija bio je koncipiran u trajanju od osam semestara, odnosno kao \u010detvorogodi\u0161nji studij koji je ekvivalentan 240 ECTS. Me\u0111utim, u cilju harmonizacije kurikuluma i unapre\u0111enja saradnje izme\u0111u farmaceutskih fakulteta u Evropi, u maju 2005. godine potpisana je \u201eMalte\u0161ka deklaracija\u201c koja definira programe farmaceutske edukacije. Kao specifikum Bolonjske deklaracije, Malte\u0161ka deklaracija preporu\u010duje koncept integralnog studija u trajanju od deset semestara, odnosno petogodi\u0161nji studij, koji je ekvivalentan najmanje 300 ECTS.<br \/>Diplome i titule u farmaciji, navedene u Direktivama 85\/433\/EEC, 85\/584\/EEC i 90\/658\/EEC, zasnovane su na multidisciplinarnoj integraciji bazi\u010dnih, prirodnih i zdravstvenih nauka i tehnologija, sa posebnim fokusom na predmete vezane za medicinu i medicinska sredstva u svim domenama njihove primjene.<br \/>Rukovode\u0107i se ovim \u010dinjenicama, Nastavno-nau\u010dno vije\u0107e Farmaceutskog fakulteta, po\u010detkom 2007.godine, pokrenulo je inicijativu o organizovanju petogodi\u0161njeg studija sa namjerom da novi (petogodi\u0161nji) nastavni program zapo\u010dne u akademskoj 2007\/08 godini. Studenti Farmaceutskog fakulteta, upisani u 2004\/05, 2005\/06 i 2006\/07. godini u prvu godinu studija, a koji su studirali po \u010detverogodi\u0161njem nastavnom planu i programu su, kroz sprovedenu anketu, iskazali svoju izri\u010ditu \u017eelju za prelazak sa \u010detverogodi\u0161njeg na petogodi\u0161nji studij farmacije (od 330 anketiranih studenata njih 322 ili 97,6% je izrazilo \u017eelju za prelazak na petogodi\u0161nji studij).<\/p>\n<p>Nau\u010dno-nastavno vije\u0107e Farmaceutskog fakulteta u Tuzli je podr\u017ealo inicijativu studenata i preporu\u010dilo izmjene i prevo\u0111enje \u010detverogodi\u0161njeg na petogodi\u0161nji studij farmacije. S time u vezi imenovana je Komisija od strane Senata Univerziteta koja je sa\u010dinila Prijedlog izmjena postoje\u0107eg nastavnog plana i programa u cilju organiziranja petogodi\u0161njeg studija. Predlo\u017een je i aneks na aktuelni \u010detverogodi\u0161nji studij koji predstavlja razliku u planu i programu izme\u0111u postoje\u0107eg \u010detverogodi\u0161njeg i novog petogodi\u0161njeg studija farmacije. Na taj na\u010din uspostavlja se potrebna ekvivalencija izme\u0111u transformiranog \u010detverogodi\u0161njeg i novog petogodi\u0161njeg studija. Skup\u0161tina Tuzlanskog kantona je na svojoj sjednici odr\u017eanoj 05.11.2007. godine donijela odluku o usvajanju Elaborata o dru\u0161tveno-ekonomskoj opravdanosti promjene du\u017eine trajanja studija na<br \/>Farmaceutskom fakultetu Univerziteta u Tuzli. Sastavni dio pomenutog Elaborata je i izmijenjeni Nastavni plan i program Farmaceutskog fakulteta Univerziteta u Tuzli. Prihva\u0107ene izmjene su ugra\u0111ene i u Zakon o izmjenama i dopunama Zakona o visokom obrazovanju.<\/p>\n<p>Zavr\u0161etkom integrisanog I i II ciklusa studija \u201cFarmacija (integrisani I i II ciklus)\u201d na Farmaceutskom fakultetu student sti\u010de akademsko, odnosno stru\u010dno zvanje Magistar farmacije (mr.ph.) \u0161to je u skladu sa Pravilnikom o kori\u0161tenju akademskih titula i sticanju nau\u010dnih i stru\u010dnih zvanja na visoko\u0161kolskim ustanovama u Tuzlanskom kantonu (\u201cSlu\u017ebene novine TK\u201d, broj: 14\/17 i 11\/18) i na\u010dinu njihovog kori\u0161tenja koji donosi Ministarstvo obrazovanja TK. Du\u017eina trajanja studija i stru\u010dno zvanje koje student sti\u010de na Farmaceutskom fakultetu Univerziteta u Tuzli je u skladu sa Malte\u0161kom deklaracijom koja se temelji na Direktivama EU 2005\/36\/EC i 2013\/55\/EU, a koja precizira du\u017einu trajanja studija i obavezne prakse kao neophodne uslove za priznavanje profesionalnih kvalifikacija. Prema Direktivama EU 2005\/36\/EC i 2013\/55\/EU stru\u010dno zvanje koje se sti\u010de na Farmaceutskom fakultetu Univerziteta u Tuzli korespondira sa zvanjem Master of Pharmacy, odnosno Master farmacije.<\/p>\n","protected":false},"excerpt":{"rendered":"<p>Farmaceutski fakultet kao najmla\u0111a organizaciona jedinica Univerziteta u Tuzli egzistira od akademske 2004\/05. godine. Na Farmaceutskom fakultetu, Univerziteta u Tuzli se organizuje dodiplomski, integrirani I i II ciklus studija, te doktorski studij. U akademskoj 2024\/25. na Farmaceutski fakultet Univerziteta u Tuzli je upisana 21. generacija studenata dodiplomaca, te\u0161esta generacija studenata doktoranata. Do sada je na [&hellip;]<\/p>\n","protected":false},"author":1,"featured_media":0,"parent":0,"menu_order":0,"comment_status":"closed","ping_status":"closed","template":"","meta":[],"_links":{"self":[{"href":"http:\/\/frmf.untz.ba\/web\/wp-json\/wp\/v2\/pages\/3082"}],"collection":[{"href":"http:\/\/frmf.untz.ba\/web\/wp-json\/wp\/v2\/pages"}],"about":[{"href":"http:\/\/frmf.untz.ba\/web\/wp-json\/wp\/v2\/types\/page"}],"author":[{"embeddable":true,"href":"http:\/\/frmf.untz.ba\/web\/wp-json\/wp\/v2\/users\/1"}],"replies":[{"embeddable":true,"href":"http:\/\/frmf.untz.ba\/web\/wp-json\/wp\/v2\/comments?post=3082"}],"version-history":[{"count":9,"href":"http:\/\/frmf.untz.ba\/web\/wp-json\/wp\/v2\/pages\/3082\/revisions"}],"predecessor-version":[{"id":4841,"href":"http:\/\/frmf.untz.ba\/web\/wp-json\/wp\/v2\/pages\/3082\/revisions\/4841"}],"wp:attachment":[{"href":"http:\/\/frmf.untz.ba\/web\/wp-json\/wp\/v2\/media?parent=3082"}],"curies":[{"name":"wp","href":"https:\/\/api.w.org\/{rel}","templated":true}]}}