{"id":30,"date":"2017-05-03T15:13:31","date_gmt":"2017-05-03T13:13:31","guid":{"rendered":"http:\/\/frmf.untz.ba\/web\/?page_id=30"},"modified":"2017-05-08T22:49:54","modified_gmt":"2017-05-08T20:49:54","slug":"uze-naucne-oblasti","status":"publish","type":"page","link":"http:\/\/frmf.untz.ba\/web\/bs\/uze-naucne-oblasti\/","title":{"rendered":"U\u017ee nau\u010dne oblasti"},"content":{"rendered":"<p>U\u017ee nau\u010dne oblasti na Farmaceutskom fakultetu Univerziteta u Tuzli<\/p>\n<table width=\"653\">\n<tbody>\n<tr>\n<td colspan=\"4\" width=\"653\"><strong>Nau\u010dna oblast: Biomedicina i zdravstvo, Nau\u010dno polje: Farmacija<\/strong><\/td>\n<\/tr>\n<tr>\n<td width=\"96\"><strong>U\u017ea nau\u010dna oblasti\/nau\u010dna grana<\/strong><\/td>\n<td width=\"308\"><strong>Nastavni predmeti u u\u017eoj nau\u010dnoj oblasti<\/strong><\/td>\n<td width=\"123\"><strong>Broj nastavnika izabranih na oblasti ili nastavnom predmetu u okviru nau\u010dne oblasti na Farmacutskom fakultetu<\/strong><\/td>\n<td width=\"126\"><strong>Broj saradnika izabranih na oblasti ili nastavnom predmetu u okviru nau\u010dne oblasti na Farmacutskom fakultetu<\/strong><\/td>\n<\/tr>\n<tr>\n<td width=\"96\"><strong>Farmaceutska hemija<\/strong><\/td>\n<td width=\"308\">Farmaceutska hemija I<\/p>\n<p>Farmaceutska hemija II<\/p>\n<p>Fizikalna farmacija<\/p>\n<p>Stereohemija lijekova (stru\u010dni izborni predmet)<\/td>\n<td width=\"123\">0<\/td>\n<td width=\"126\">4<\/td>\n<\/tr>\n<tr>\n<td width=\"96\"><strong>Farmaceutska analitika<\/strong><\/td>\n<td width=\"308\">Analiza i kontrola lijekova I<\/p>\n<p>Analiza i kontrola lijekova II<\/p>\n<p>Toksikologija sa analitikom<\/p>\n<p>Instrumentalna farmaceutska analiza<\/p>\n<p>Primjena termi\u010dke analize u farmaciji (stru\u010dni izborni predmet)<\/td>\n<td width=\"123\">1<\/td>\n<td width=\"126\">8<\/td>\n<\/tr>\n<tr>\n<td width=\"96\"><strong>Biohemija<\/strong><\/p>\n<p><strong>Bromatologija<\/strong><\/td>\n<td width=\"308\">Biohemija I<\/p>\n<p>Biohemija II<\/p>\n<p>Klini\u010dka biohemija I<\/p>\n<p>Klini\u010dka biohemija II<\/p>\n<p>Biohemija lijekova<\/p>\n<p>Farmaceutska biotehnologija<\/p>\n<p>Uvod u farmaciju<\/p>\n<p>Imunohemija sa osnovama imunologije (stru\u010dni izborni predmet)<\/p>\n<p>Proteinska biohemija (stru\u010dni izborni predmet)<\/p>\n<p>Biohemija bolesti\u00a0 (stru\u010dni izborni predmet)<\/p>\n<p>Bromatologija<\/p>\n<p>Nauka o prehrani (stru\u010dni izborni predmet)<\/p>\n<p>Biohemija prehrane sa dijetetikom (stru\u010dni izborni predmet)<\/p>\n<p><strong>Predmeti koji se izvode na drugim fakultetima Univerziteta<\/strong><\/p>\n<p>Biohemija I\u00a0\u00a0 (MF)<\/p>\n<p>Biohemija II\u00a0 (MF)<\/p>\n<p>Klini\u010dka biohemija I (VZ\u0160)<\/p>\n<p>Klini\u010dka biohemija II\u00a0 (VZ\u0160)<\/p>\n<p>Biohemija\u00a0 (VZ\u0160)<\/p>\n<p>Op\u0161ta biohemija\u00a0 (TF, PT)<\/p>\n<p>Biohemija hrane (TF, PT)<\/p>\n<p>Biohemija (TF, ZO)<\/p>\n<p>Biohemija (TF, ZO; stru\u010dni izborni predmet)<\/p>\n<p>Op\u0107a biohemija\u00a0 (PMF- Odsjek hemija)<\/p>\n<p>Funkcionalna biohemija (PMF-Odsjek hemija)<\/p>\n<p>Op\u0107a biohemija\u00a0 (PMF- Odsjek biologija)<\/p>\n<p>Funkcionalna biohemija (PMF-Odsjek biologija)<\/td>\n<td width=\"123\">5<\/td>\n<td width=\"126\">11<\/td>\n<\/tr>\n<tr>\n<td width=\"96\"><strong>Farmakognozija<\/strong><\/td>\n<td width=\"308\">Farmakognozija I<\/p>\n<p>Farmakognozija II<\/p>\n<p>Farmaceutska botanika I<\/p>\n<p>Farmaceutska botanika II<\/p>\n<p>Uzgoj ljekovitog bilja i fitofarmacija (stru\u010dni izborni predmet)<\/p>\n<p>Alternativna terapija (stru\u010dni izborni predmet)<\/td>\n<td width=\"123\">2<\/td>\n<td width=\"126\">4<\/td>\n<\/tr>\n<tr>\n<td width=\"96\"><strong>Farmaceutska tehnologija<\/strong><\/td>\n<td width=\"308\">Farmaceutska tehnologija I<\/p>\n<p>Farmaceutska tehnologija II<\/p>\n<p>Farmakokinetika i biofarmacija<\/p>\n<p>Kozmetologija (stru\u010dni izborni predmet)<\/p>\n<p>Softver u farmaceutskoj industriji (stru\u010dni izborni predmet)<\/p>\n<p>Industrijska farmacija (stru\u010dni izborni predmet)<\/td>\n<td width=\"123\">2<\/td>\n<td width=\"126\">8<\/td>\n<\/tr>\n<tr>\n<td width=\"96\"><strong>Klini\u010dka farmacija<\/strong><\/td>\n<td width=\"308\">Klini\u010dka farmacija i farmaceutska njega<\/p>\n<p>Farmaceutska etika i zakonodavstvo<\/p>\n<p>Metodologija istra\u017eivanja sa biostatistikom<\/p>\n<p>Socijalna farmacija (stru\u010dni izborni predmet)<\/p>\n<p>Farmakoepidemi-ologija sa farmakoekonomi-jom (stru\u010dni izborni predmet)<\/p>\n<p>Klini\u010dka farmacija (stru\u010dni izborni predmet)<\/p>\n<p>Sociologija i zdravstvo (stru\u010dni izborni predmet)<\/td>\n<td width=\"123\">1<\/td>\n<td width=\"126\">2<\/td>\n<\/tr>\n<\/tbody>\n<\/table>\n<p>&nbsp;<\/p>\n","protected":false},"excerpt":{"rendered":"<p>U\u017ee nau\u010dne oblasti na Farmaceutskom fakultetu Univerziteta u Tuzli Nau\u010dna oblast: Biomedicina i zdravstvo, Nau\u010dno polje: Farmacija U\u017ea nau\u010dna oblasti\/nau\u010dna grana Nastavni predmeti u u\u017eoj nau\u010dnoj oblasti Broj nastavnika izabranih na oblasti ili nastavnom predmetu u okviru nau\u010dne oblasti na Farmacutskom fakultetu Broj saradnika izabranih na oblasti ili nastavnom predmetu u okviru nau\u010dne oblasti na [&hellip;]<\/p>\n","protected":false},"author":1,"featured_media":0,"parent":0,"menu_order":0,"comment_status":"closed","ping_status":"closed","template":"","meta":[],"_links":{"self":[{"href":"http:\/\/frmf.untz.ba\/web\/wp-json\/wp\/v2\/pages\/30"}],"collection":[{"href":"http:\/\/frmf.untz.ba\/web\/wp-json\/wp\/v2\/pages"}],"about":[{"href":"http:\/\/frmf.untz.ba\/web\/wp-json\/wp\/v2\/types\/page"}],"author":[{"embeddable":true,"href":"http:\/\/frmf.untz.ba\/web\/wp-json\/wp\/v2\/users\/1"}],"replies":[{"embeddable":true,"href":"http:\/\/frmf.untz.ba\/web\/wp-json\/wp\/v2\/comments?post=30"}],"version-history":[{"count":2,"href":"http:\/\/frmf.untz.ba\/web\/wp-json\/wp\/v2\/pages\/30\/revisions"}],"predecessor-version":[{"id":108,"href":"http:\/\/frmf.untz.ba\/web\/wp-json\/wp\/v2\/pages\/30\/revisions\/108"}],"wp:attachment":[{"href":"http:\/\/frmf.untz.ba\/web\/wp-json\/wp\/v2\/media?parent=30"}],"curies":[{"name":"wp","href":"https:\/\/api.w.org\/{rel}","templated":true}]}}