{"id":22,"date":"2017-05-03T15:12:19","date_gmt":"2017-05-03T13:12:19","guid":{"rendered":"http:\/\/frmf.untz.ba\/web\/?page_id=22"},"modified":"2017-05-15T09:11:01","modified_gmt":"2017-05-15T07:11:01","slug":"studij","status":"publish","type":"page","link":"http:\/\/frmf.untz.ba\/web\/bs\/studij\/","title":{"rendered":"Studij"},"content":{"rendered":"<p style=\"text-align: justify;\">Dodiplomski Studij na Farmaceutskom fakultetu u Tuzli traje 10 semestara (5 godina) i nosi 300 kredita. Nastavni proces se odvija u skladu sa aktuelnim nastavnim Planom i programom petogodi\u0161njeg studija Fakulteta (integrirani I i II ciklus studija). Studij je koncipiran prema principima Bolonjske i Malte\u0161ke deklaracije.<\/p>\n<p>Po zavr\u0161etku studija sti\u010de se stru\u010dni naziv <b>\u201c<\/b><b><i>magistar \/magistra farmacije<\/i><\/b><b> (<\/b><b><i>mr ph<\/i><\/b><b>)\u201d.<\/b><\/p>\n","protected":false},"excerpt":{"rendered":"<p>Dodiplomski Studij na Farmaceutskom fakultetu u Tuzli traje 10 semestara (5 godina) i nosi 300 kredita. Nastavni proces se odvija u skladu sa aktuelnim nastavnim Planom i programom petogodi\u0161njeg studija Fakulteta (integrirani I i II ciklus studija). Studij je koncipiran prema principima Bolonjske i Malte\u0161ke deklaracije. Po zavr\u0161etku studija sti\u010de se stru\u010dni naziv \u201cmagistar \/magistra [&hellip;]<\/p>\n","protected":false},"author":1,"featured_media":0,"parent":0,"menu_order":0,"comment_status":"closed","ping_status":"closed","template":"","meta":[],"_links":{"self":[{"href":"http:\/\/frmf.untz.ba\/web\/wp-json\/wp\/v2\/pages\/22"}],"collection":[{"href":"http:\/\/frmf.untz.ba\/web\/wp-json\/wp\/v2\/pages"}],"about":[{"href":"http:\/\/frmf.untz.ba\/web\/wp-json\/wp\/v2\/types\/page"}],"author":[{"embeddable":true,"href":"http:\/\/frmf.untz.ba\/web\/wp-json\/wp\/v2\/users\/1"}],"replies":[{"embeddable":true,"href":"http:\/\/frmf.untz.ba\/web\/wp-json\/wp\/v2\/comments?post=22"}],"version-history":[{"count":3,"href":"http:\/\/frmf.untz.ba\/web\/wp-json\/wp\/v2\/pages\/22\/revisions"}],"predecessor-version":[{"id":148,"href":"http:\/\/frmf.untz.ba\/web\/wp-json\/wp\/v2\/pages\/22\/revisions\/148"}],"wp:attachment":[{"href":"http:\/\/frmf.untz.ba\/web\/wp-json\/wp\/v2\/media?parent=22"}],"curies":[{"name":"wp","href":"https:\/\/api.w.org\/{rel}","templated":true}]}}