{"id":18,"date":"2017-05-03T15:11:56","date_gmt":"2017-05-03T13:11:56","guid":{"rendered":"http:\/\/frmf.untz.ba\/web\/?page_id=18"},"modified":"2026-02-24T13:28:55","modified_gmt":"2026-02-24T12:28:55","slug":"akademsko-osoblje","status":"publish","type":"page","link":"http:\/\/frmf.untz.ba\/web\/bs\/akademsko-osoblje\/","title":{"rendered":"Akademsko osoblje"},"content":{"rendered":"<p><span style=\"text-decoration: underline;\"><strong>Profesor emeritus<\/strong><\/span><\/p>\n<p>Dr.sc. Lejla Begi\u0107, prof. emeritus (lejla.begic@untz.ba)<\/p>\n<p><span style=\"text-decoration: underline;\"><strong>Redovni profesori<\/strong><\/span><\/p>\n<p>Dr.sc. Aida Smajlovi\u0107, red. prof. <a href=\"mailto:(aida.smajlovic@untz.ba)\">(aida.smajlovic@untz.ba)<\/a> <strong><a href=\"http:\/\/frmf.untz.ba\/web\/wp-content\/uploads\/2024\/11\/Akademski-CV-Aida-Smajlovic-1.docx\">CV<\/a><\/strong><\/p>\n<p>Dr.sc. Adaleta Softi\u0107, red. prof. (<a href=\"mailto:adaleta.softic@untz.ba\">adaleta.mulaomerovic@untz.ba<\/a>) <strong><a href=\"http:\/\/frmf.untz.ba\/web\/wp-content\/uploads\/2024\/11\/CV_Adaleta_Softic_2024-2.doc\">CV<\/a><\/strong><\/p>\n<p>Dr.sc. Broza \u0160ari\u0107 \u2013 Kundali\u0107, red. prof. (SS) (<a href=\"mailto:broza.saric-kundalic@untz.ba\">broza.saric-kundalic@untz.ba<\/a>) <strong><a href=\"http:\/\/frmf.untz.ba\/web\/wp-content\/uploads\/2025\/10\/Broza-Saric-Kundalic_CV.pdf\">CV<\/a><\/strong><\/p>\n<p>Dr.sc. Sa\u0161a Pilipovi\u0107, red. prof.\u00a0 (SS) (<a href=\"mailto:sasa.pilipovic@untz.ba\">sasa.pilipovic@untz.ba<\/a>)<\/p>\n<p><span style=\"text-decoration: underline;\"><strong>Vanredni profesori<\/strong><\/span><\/p>\n<p>Dr.sc. Nahida Srabovi\u0107, vanr. prof. (<a href=\"mailto:nahida.srabovic@untz.ba\">nahida.srabovic@untz.ba<\/a>) <strong><a href=\"http:\/\/frmf.untz.ba\/web\/wp-content\/uploads\/2024\/11\/Akademski-CV-Nahida-Srabovic-1.docx\">CV<\/a><\/strong><\/p>\n<p>Dr. sc. Ermina Cilovi\u0107 Kozarevi\u0107, vanr. prof. (<a href=\"mailto:ermina.cilovic@untz.ba\">ermina.cilovic@untz.ba<\/a>) <strong><a href=\"http:\/\/frmf.untz.ba\/web\/wp-content\/uploads\/2024\/11\/Akademski-CV-Ermina-Cilovic-Kozarevic.docx\">CV<\/a><\/strong><\/p>\n<p>Dr. sc. Maida \u0160ljivi\u0107 Husejnovi\u0107, vanr. prof. (<a href=\"mailto:maida.sljivic-husejnovic@untz.ba\">maida.sljivic-husejnovic@untz.ba<\/a>) <a href=\"http:\/\/frmf.untz.ba\/web\/wp-content\/uploads\/2024\/11\/Akademski-CV-Maida-Sljivic-Husejnovic_2024-1.doc\"><strong>CV<\/strong><\/a><\/p>\n<p>Dr. sc. Esmeralda Dautovi\u0107, vanr. prof. (<a href=\"mailto:esmeralda.dautovic@untz.ba\">esmeralda.dautovic@untz.ba<\/a>) <strong><a href=\"http:\/\/frmf.untz.ba\/web\/wp-content\/uploads\/2024\/11\/Akademski-CV-Esmeralda-Dautovic.docx\">CV<\/a><\/strong><\/p>\n<p>Dr.sc. Alija Uzunovi\u0107, vanr. prof. (SS) (<a href=\"mailto:alija.uzunovic@untz.ba\">alija.uzunovic@untz.ba<\/a>) <strong><a href=\"http:\/\/frmf.untz.ba\/web\/wp-content\/uploads\/2024\/11\/Europass-CV-Alija-Uzunovic-BOS-27-12-2023.pdf\">CV<\/a><\/strong><\/p>\n<p>Dr.sc. Edisa Trumi\u0107, vanr. prof.\u00a0 (SS) (<a href=\"mailto:edisa.trumic@untz.ba\">edisa.trumic@untz.ba<\/a>)<\/p>\n<p><span style=\"text-decoration: underline;\"><strong>Docenti<\/strong><\/span><\/p>\n<p>Dr. sc. Merima Ibi\u0161evi\u0107, docent (<a href=\"mailto:merima.ibisevic@untz.ba\">merima.ibisevic@untz.ba<\/a>) <a href=\"http:\/\/frmf.untz.ba\/web\/wp-content\/uploads\/2024\/11\/Akademski-CV-Merima-Ibisevic.docx\"><strong>CV<\/strong><\/a><\/p>\n<p>Dr.sc. Amra D\u017eambi\u0107, docent <a href=\"mailto:(amra.dzambic@untz.ba)\">(amra.dzambic@untz.ba)<\/a> <a href=\"http:\/\/frmf.untz.ba\/web\/wp-content\/uploads\/2024\/11\/Akademski-CV-Amra-Dzambic.docx\"><strong>CV<\/strong><\/a><\/p>\n<p>Dr.sc. Dalila Halil\u010devi\u0107, docent (<a href=\"mailto:dalila-imamovic@untz.ba\">dalila.imamovic@untz.ba<\/a>) <a href=\"http:\/\/frmf.untz.ba\/web\/wp-content\/uploads\/2024\/11\/Akademski-CV-Dalila-Halilcevic.docx\"><strong>CV<\/strong><\/a><\/p>\n<p><span style=\"text-decoration: underline;\"><strong>Vi\u0161i asistenti<\/strong><\/span><\/p>\n<p>Dr.sc. Enida Kari\u0107, vi\u0161i asistent (<a href=\"mailto:enida.karic@untz.ba\">enida.karic@untz.ba<\/a>) <a href=\"http:\/\/frmf.untz.ba\/web\/wp-content\/uploads\/2024\/11\/akademski-CV-Enida-Karic.docx\"><strong>CV<\/strong><\/a><\/p>\n<p>Mr.ph. Alen Hatki\u0107, vi\u0161i asistent (<a href=\"mailto:alen.hatkic@untz.ba\">alen.hatkic@untz.ba<\/a>) <a href=\"http:\/\/frmf.untz.ba\/web\/wp-content\/uploads\/2024\/11\/Akademski-CV-Alen-Hatkic.docx\"><strong>CV<\/strong><\/a><\/p>\n<p>Mr.ph. Lamija Kolarevi\u0107, vi\u0161i asistent (<a href=\"mailto:lamija.kolarevic@untz.ba\"><span style=\"color: #003366;\">lamija.kolarevic@untz.ba<\/span><\/a>) <a href=\"http:\/\/frmf.untz.ba\/web\/wp-content\/uploads\/2024\/11\/akademski-CV-Lamija-Kolarevic-1.docx\"><strong>CV<\/strong><\/a><\/p>\n<p><span style=\"text-decoration: underline;\"><strong>Asistenti<\/strong><\/span><\/p>\n<p>Mr.ph. spec. nutr. Demir Bjelo\u0161evi\u0107, asistent (<img decoding=\"async\" class=\"CQ CU\" src=\"https:\/\/mail.google.com\/mail\/u\/0\/images\/cleardot.gif\" alt=\"\" \/><a href=\"mailto:demir.bjelosevic@untz.ba\"><span style=\"color: #003366;\">demir.bjelosevic@untz.ba<\/span><\/a>)\u00a0<strong><a href=\"http:\/\/frmf.untz.ba\/web\/wp-content\/uploads\/2025\/01\/Demir-Bjelosevic_akademskiCV.docx\">CV<\/a><\/strong><\/p>\n<p>Mr.ph. Zerina Muji\u0107, asistent (<a href=\"mailto:demir.bjelosevic@untz.ba\"><span style=\"color: #003366;\">zerina.mujic@untz.ba<\/span><\/a>)<\/p>\n<p>Mr.ph. Asja \u0160ari\u0107 Be\u010di\u0107, asistent (<a href=\"asja.saric1@untz.ba\"><span style=\"color: #003366;\">asja.saric1@untz.ba<\/span><\/a>) <a href=\"http:\/\/frmf.untz.ba\/web\/wp-content\/uploads\/2024\/11\/akademski-CV-Asja-Saric.docx\"><strong>CV<\/strong><\/a><\/p>\n<p>Mr.ph. D\u017eeneta Akelji\u0107, asistent (SS)<\/p>\n<p>Mr.ph. Azra Sulji\u0107, asistent (SS) <strong><a href=\"http:\/\/frmf.untz.ba\/web\/wp-content\/uploads\/2024\/11\/akademski-CV-Azra-Suljic.docx\">CV<\/a><\/strong><\/p>\n<p>Mr.ph. Arnela Halil\u010devi\u0107, asistent (SS) <strong><a href=\"http:\/\/frmf.untz.ba\/web\/wp-content\/uploads\/2024\/11\/akademski-CV-Arnela-Halilcevic.docx\">CV<\/a><\/strong><\/p>\n<p><span style=\"text-decoration: underline;\"><strong>Akademsko osoblje drugih Univerziteta anga\u017eovano u nastavi na Farmaceutskom fakultetu Univerziteta u Tuzli<\/strong><\/span><\/p>\n<p>Dr.sc. Mira Ze\u010devi\u0107, red.prof. (UNIVERZITET U BEOGRADU )<\/p>\n<p>Dr.sc. Du\u0161anka Krajnovi\u0107, red.prof. (UNIVERZITET U BEOGRADU)<\/p>\n<p>Dr.sc. Ivana Ne\u0161i\u0107, red.prof. (UNIVERZITET U NI\u0160U)<\/p>\n<p>Dr.sc. Kemal Duri\u0107, red.prof. (UNIVERZITET U SARAJEVU)<\/p>\n<p>Dr.sc. Ervina Be\u010di\u0107, red.prof. (UNIVERZITET U SARAJEVU)<\/p>\n<p>Dr.sc. Svetlana Loga Zec, red.prof. (UNIVERZITET U SARAJEVU)<\/p>\n<p>Dr.sc. Radivoj Jadri\u0107, red.prof. (UNIVERZITET U SARAJEVU)<\/p>\n<p>Dr.sc. Nafija Serdarevi\u0107, red.prof. (UNIVERZITET U SARAJEVU)<\/p>\n<p>Dr.sc. Samija Muratovi\u0107, red.prof. (UNIVERZITET U SARAJEVU)<\/p>\n<p>Dr.sc. Haris Nik\u0161i\u0107, vanr.prof. (UNIVERZITET U SARAJEVU)<\/p>\n<p>Dr.sc. Mirza Dedi\u0107, vanr.prof. (UNIVERZITET U SARAJEVU)<\/p>\n<p>Dr.sc. Belma Imamovi\u0107, vanr.prof. (UNIVERZITET U SARAJEVU)<\/p>\n<p>Dr.sc. \u017darko Gagi\u0107, vanr.prof. (UNIVERZITET U BANJOJ LUCI)<\/p>\n<p>Dr.sc. Irena Kasagi\u0107 Vujanovi\u0107, vanr.prof. (UNIVERZITET U BANJOJ LUCI)<\/p>\n<p>Dr.sc. Relja Suru\u010di\u0107, vanr. prof. ( UNIVERZITET U BANJOJ LUCI)<\/p>\n<p>Dr.sc. Nata\u0161a Bubi\u0107 Paji\u0107, vanr. prof. (UNIVERZITET U BANJOJ LUCI)<\/p>\n<p>Dr.sc. Tijana Kova\u010devi\u0107, vanr. prof. (UNIVERZITET U BANJOJ LUCI)<\/p>\n<p>Dr.sc. An\u0111elka Ra\u010di\u0107, doc. (UNIVERZITET U BANJOJ LUCI)<\/p>\n<p>Dr.sc. Martin Kond\u017ea, doc. (SVEU\u010cILI\u0160TE U MOSTARU)<\/p>\n<p>Dr.sc. Damir Sabitovi\u0107, doc. (UNIVERZITET U ZENICI)<\/p>\n<p>Dr.sc. Amar Osmanovi\u0107, vanr.prof. (UNIVERZITET U SARAJEVU)<\/p>\n<p>Dr.sc. Selma \u0160krbo, vanr. prof. (UNIVERZITET U SARAJEVU)<\/p>\n<p>Dr.sc. Selma \u0160pirtovi\u0107 Halilovi\u0107, red. prof. (UNIVERZITET U SARAJEVU)<\/p>\n<p><span style=\"text-decoration: underline;\"><strong>Saradnici iz prakse<\/strong><\/span><\/p>\n<p>Dr.sc. Alma Salki\u0107, stru\u010dnjak iz prakse (SS)<\/p>\n<p>Dr.sc. Anja Divkovi\u0107, stru\u010dnjak iz prakse (SS)<\/p>\n<p>Mr.ph. Nadina Gazibegovi\u0107, stru\u010dnjak iz prakse (SS)<\/p>\n<p>Mr.ph. Jasna Rahimi\u0107, stru\u010dnjak iz prakse (SS)<\/p>\n<p>Mr.ph. Semir Mujezinovi\u0107, stru\u010dnjak iz prakse (SS)<\/p>\n<p>Mr. ph. Kristina Duspara, stru\u010dnjak iz prakse (SS)<\/p>\n<p>Mr. ph. Selma Smaji\u0107, stru\u010dnjak iz prakse (SS)<\/p>\n<p>Dr.sc. Monika Rustemovi\u0107 \u010corbi\u0107, stru\u010dnjak iz prakse (SS)<\/p>\n<p>Mr.ph. Dejana Po\u017eegi\u0107, stru\u010dnjak iz prakse (SS)<\/p>\n<p>Mr.ph. Lejla Meki\u0107, stru\u010dnjak iz prakse (SS)<\/p>\n","protected":false},"excerpt":{"rendered":"<p>Profesor emeritus Dr.sc. Lejla Begi\u0107, prof. emeritus (lejla.begic@untz.ba) Redovni profesori Dr.sc. Aida Smajlovi\u0107, red. prof. (aida.smajlovic@untz.ba) CV Dr.sc. Adaleta Softi\u0107, red. prof. (adaleta.mulaomerovic@untz.ba) CV Dr.sc. Broza \u0160ari\u0107 \u2013 Kundali\u0107, red. prof. (SS) (broza.saric-kundalic@untz.ba) CV Dr.sc. Sa\u0161a Pilipovi\u0107, red. prof.\u00a0 (SS) (sasa.pilipovic@untz.ba) Vanredni profesori Dr.sc. Nahida Srabovi\u0107, vanr. prof. (nahida.srabovic@untz.ba) CV Dr. sc. Ermina Cilovi\u0107 Kozarevi\u0107, [&hellip;]<\/p>\n","protected":false},"author":1,"featured_media":0,"parent":0,"menu_order":0,"comment_status":"closed","ping_status":"closed","template":"","meta":[],"_links":{"self":[{"href":"http:\/\/frmf.untz.ba\/web\/wp-json\/wp\/v2\/pages\/18"}],"collection":[{"href":"http:\/\/frmf.untz.ba\/web\/wp-json\/wp\/v2\/pages"}],"about":[{"href":"http:\/\/frmf.untz.ba\/web\/wp-json\/wp\/v2\/types\/page"}],"author":[{"embeddable":true,"href":"http:\/\/frmf.untz.ba\/web\/wp-json\/wp\/v2\/users\/1"}],"replies":[{"embeddable":true,"href":"http:\/\/frmf.untz.ba\/web\/wp-json\/wp\/v2\/comments?post=18"}],"version-history":[{"count":34,"href":"http:\/\/frmf.untz.ba\/web\/wp-json\/wp\/v2\/pages\/18\/revisions"}],"predecessor-version":[{"id":6547,"href":"http:\/\/frmf.untz.ba\/web\/wp-json\/wp\/v2\/pages\/18\/revisions\/6547"}],"wp:attachment":[{"href":"http:\/\/frmf.untz.ba\/web\/wp-json\/wp\/v2\/media?parent=18"}],"curies":[{"name":"wp","href":"https:\/\/api.w.org\/{rel}","templated":true}]}}