{"id":16,"date":"2017-05-03T15:11:44","date_gmt":"2017-05-03T13:11:44","guid":{"rendered":"http:\/\/frmf.untz.ba\/web\/?page_id=16"},"modified":"2024-11-08T09:44:23","modified_gmt":"2024-11-08T08:44:23","slug":"misija-vizija-i-ciljevi","status":"publish","type":"page","link":"http:\/\/frmf.untz.ba\/web\/bs\/misija-vizija-i-ciljevi\/","title":{"rendered":"Misija, vizija i ciljevi"},"content":{"rendered":"<p><strong>OSNOVNE DJELATNOSTI, MISIJA, VIZIJA I CILJEVI<\/strong><\/p>\n<p>Osnovne djelatnosti Farmaceutskog fakulteta su nau\u010dno-nastavna, nau\u010dno-istra\u017eiva\u010dka i stru\u010dna, a realiziraju se kroz integrisani I i II ciklus i doktorski studij.<\/p>\n<p>Djelatnosti Farmaceutskog fakulteta su:<\/p>\n<ul>\n<li>Dizajniranje novih puteva sinteze lijekova;<\/li>\n<li>Razvoj i primjena metoda u kontroli lijekova;<\/li>\n<li>Farmakokineti\u010dka i farmakodinami\u010dka ispitivanja lijekova;<\/li>\n<li>Izbor farmaceutskih oblika, procesa i razvoj tehnolo\u0161kog postupka;<\/li>\n<li>Analitika, farmakolo\u0161ko djelovanje, standardizacija i primjena ljekovitog bilja;<\/li>\n<li>Regulativa lijekova;<\/li>\n<li>Istra\u017eivanja u podru\u010dju biotehnologije, biohemije i ishrane.<\/li>\n<\/ul>\n<p>Svr\u0161eni magistri farmacije sti\u010du adekvatna znanja koja im omogu\u0107avaju zapo\u0161ljavanje u razli\u010ditim poljima farmacije i klini\u010dke-medicinske\u00a0 biohemije. Magistri farmacije su kvalificirani za rad sa lijekovima u javnim, privatnim i bolni\u010dkim apotekama, farmaceutskoj industriji, biohemijskim laboratorijima, u istra\u017eiva\u010dkim, proizvodno-tehnolo\u0161kim i kontrolno-analiti\u010dkim laboratorijima, marketingu lijekova, registraciji lijekova, agencijama za lijekove, zavodima za kontrolu lijekova, te u drugim javno zdravstvenim i privatnim zdravstvenim institucijama.<\/p>\n<p><strong>Misija<\/strong><\/p>\n<p>Farmaceutskog fakulteta Univerziteta u Tuzli je da pobolj\u0161a zdravlje, blagostanje i kvalitet \u017eivota gra\u0111ana tako \u0161to obrazuje i osposobljava stru\u010dnjake za sva podru\u010dja farmaceutske djelatnosti, bilo da se radi o praksi, istra\u017eivanjima ili uslugama.<\/p>\n<p>U ispunjavanju svoje misije Farmaceutski fakultet \u0107e:<\/p>\n<ul>\n<li>obrazovati farmaceutske stru\u010dnjake do nivoa doktorata nauka,<\/li>\n<li>unapre\u0111ivati pacijentu orijentirane farmaceutske usluge i unapre\u0111ivati farmaceutsku njegu tako \u0161to \u0107e svr\u0161enim farmaceutima omogu\u0107avati dalji profesionalni razvoj i \u0161to \u0107e provoditi istra\u017eivanja u praksi,<\/li>\n<li>stvarati i odr\u017eavati okru\u017eenje koje \u0107e podsticati generiranje i diseminaciju novih znanja iz biofarmacije i biomedicine kombiniranjem edukacije i multidisciplinarnih istra\u017eivanja, te objavljivanjem dobijenih rezultata u relevantnim \u010dasopisima,<\/li>\n<li>biti na raspolaganju farmaceutskim stru\u010dnjacima, stru\u010dnjacima iz drugih zdravstvenih profesija i nau\u010dnih disciplina u potpori njihovim nastojanjima za novim znanjima i vje\u0161tinama.<\/li>\n<\/ul>\n<p><strong>Vizija<\/strong><\/p>\n<p>Vizija Farmaceutskog fakulteta u Tuzli podrazumijeva zadovoljenje svih potreba utvr\u0111enih standardima i normativima visokog obrazovanja kako prostornih, tako i kadrovskih. Zadovoljavanje kadrovskih standarda ve\u017eemo, prvenstveno, za edukaciju na\u0161ih vlastitih studenata.<\/p>\n<p>Da bi odgovorili potrebama pojedinca i dru\u0161tvene zajednice, farmaceuti trebaju\u00a0 osavremeniti i pro\u0161iriti svoja znanja i vje\u0161tine iz sljede\u0107ih oblasti farmacije: biotehnologija lijekova, farmakoterapija, klini\u010dka farmacija, farmaceutska zdravstvena za\u0161tita, farmaceutski menad\u017ement, upravljanje poslovnim farmaceutskim sistemima, farmakoekonomija, komunikacija, farmaceutska regulativa i informacione tehnologije.<\/p>\n<p>Vizija na\u0161eg Fakulteta podrazumijeva ravnopravan status u zajednici evropskih i svjetskih fakulteta, a za \u0161to je neophodan preduvjet \u010dlanstvo u\u00a0 Evropskoj asocijaciji farmaceutskih fakulteta (EAFP) i\u00a0 Asocijaciji studenata farmaceutskih fakulteta Evrope (EPSA).<\/p>\n<p>Kontinuirano \u0107emo raditi na daljem razvoju, procjeni i rafinaciji postoje\u0107ih kurikula u okviru sva tri ciklusa studiranja\u00a0 kako bismo odgovorili potrebama savremene uloge magistra farmacije u zdravstvu i bili priznati na nacionalnom i internacionalnom nivou kao lideri u uvo\u0111enju inovacija u edukaciji, istra\u017eivanjima i pru\u017eanju profesionalnih i pacijentu orijentiranih farmaceutskih usluga. Na\u0161e zalaganje za primjenu farmaceutskog, pacijentu-orijentiranog servisa pobolj\u0161at \u0107e zdravstveni, ekonomski i socijalni standard\u00a0 u Tuzlanskom kantonu.<\/p>\n<p>Za dalji razvoj kurikuluma Fakulteta neophodno je\u00a0 uklju\u010divanje svih interesnih grupa: studenata, nastavnog i nenastavnog osoblja, menad\u017ementa Univerziteta, stru\u010dnjaka iz prakse, stru\u010dnih udru\u017eenja i predstavnika vlasti.<\/p>\n<p>Nastavnici, saradnici i studenti Farmaceutskog fakulteta bavit \u0107e se vrhunskim istra\u017eivanjima u okviru me\u0111unarodnih i doma\u0107ih istra\u017eiva\u010dkih projekata. Rezultate istra\u017eivanja \u0107e publicirati u me\u0111unarodno indeksiranim \u010dasopisima. Istra\u017eivanja\u00a0 \u0107e se provoditi na na\u0161em Fakultetu i na drugim srodnim institucijama. Da bi se ravnopravno uklju\u010dili u evropske nau\u010dno-istra\u017eiva\u010dke projekte neophodno je osavremeniti opremu za nau\u010dno-istra\u017eiva\u010dki rad. Zbog toga \u0107e se nastaviti sa tra\u017eenjem finansijskih izvora koji \u0107e pobolj\u0161ati na\u0161u istra\u017eiva\u010dku infrastrukturu\u00a0 i pove\u0107ati na\u0161u kompetentnost i kompetitivnost u istra\u017eiva\u010dkim programima.<\/p>\n<p>Pro\u0161irit \u0107emo krug farmaceutskih fakulteta i drugih institucija u oblasti farmacije sa kojima \u0107emo potpisati Ugovore o saradnji. Ovakvi ugovori poma\u017eu nam u rje\u0161avanju kadrovskih i prostornih problema, te nam pru\u017eaju materijalne i druge resurse za odvijanje nau\u010dno-istra\u017eiva\u010dkog rada.<\/p>\n<p>Na Farmaceutskom fakultetu \u0107e se implementirati transparentne strukture, sistemi i procesi u skladu sa potrebama unutra\u0161njeg i vanjskog okru\u017eenja. Regularna evaluacija i povratna djelovanja interesnih skupina da\u0107e procjenu postignutih rezultata u okviru misije i vizije Fakulteta.<\/p>\n","protected":false},"excerpt":{"rendered":"<p>OSNOVNE DJELATNOSTI, MISIJA, VIZIJA I CILJEVI Osnovne djelatnosti Farmaceutskog fakulteta su nau\u010dno-nastavna, nau\u010dno-istra\u017eiva\u010dka i stru\u010dna, a realiziraju se kroz integrisani I i II ciklus i doktorski studij. Djelatnosti Farmaceutskog fakulteta su: Dizajniranje novih puteva sinteze lijekova; Razvoj i primjena metoda u kontroli lijekova; Farmakokineti\u010dka i farmakodinami\u010dka ispitivanja lijekova; Izbor farmaceutskih oblika, procesa i razvoj tehnolo\u0161kog [&hellip;]<\/p>\n","protected":false},"author":1,"featured_media":0,"parent":0,"menu_order":0,"comment_status":"closed","ping_status":"closed","template":"","meta":[],"_links":{"self":[{"href":"http:\/\/frmf.untz.ba\/web\/wp-json\/wp\/v2\/pages\/16"}],"collection":[{"href":"http:\/\/frmf.untz.ba\/web\/wp-json\/wp\/v2\/pages"}],"about":[{"href":"http:\/\/frmf.untz.ba\/web\/wp-json\/wp\/v2\/types\/page"}],"author":[{"embeddable":true,"href":"http:\/\/frmf.untz.ba\/web\/wp-json\/wp\/v2\/users\/1"}],"replies":[{"embeddable":true,"href":"http:\/\/frmf.untz.ba\/web\/wp-json\/wp\/v2\/comments?post=16"}],"version-history":[{"count":5,"href":"http:\/\/frmf.untz.ba\/web\/wp-json\/wp\/v2\/pages\/16\/revisions"}],"predecessor-version":[{"id":4774,"href":"http:\/\/frmf.untz.ba\/web\/wp-json\/wp\/v2\/pages\/16\/revisions\/4774"}],"wp:attachment":[{"href":"http:\/\/frmf.untz.ba\/web\/wp-json\/wp\/v2\/media?parent=16"}],"curies":[{"name":"wp","href":"https:\/\/api.w.org\/{rel}","templated":true}]}}