{"id":14,"date":"2017-05-03T15:11:27","date_gmt":"2017-05-03T13:11:27","guid":{"rendered":"http:\/\/frmf.untz.ba\/web\/?page_id=14"},"modified":"2025-10-19T19:02:28","modified_gmt":"2025-10-19T17:02:28","slug":"rijec-dekana","status":"publish","type":"page","link":"http:\/\/frmf.untz.ba\/web\/bs\/rijec-dekana\/","title":{"rendered":"Dekanat"},"content":{"rendered":"<p><strong>Dekan<br \/>\n<\/strong>Dr.sc. Nahida Srabovi\u0107, vanr.prof.,\u00a0<strong><a href=\"http:\/\/frmf.untz.ba\/web\/wp-content\/uploads\/2024\/11\/Akademski-CV-Nahida-Srabovic-1.docx\">CV<\/a><\/strong><\/p>\n<p>E-mail: nahida.srabovic@untz.ba<\/p>\n<p>Telefon: 035\/320-992<br \/>\nFax: 035\/320-991<\/p>\n<p><strong>Prodekan za nastavu i studentska pitanja<br \/>\n<\/strong>Dr.sc. Esmeralda Dautovi\u0107, doc.,\u00a0<strong><a href=\"http:\/\/frmf.untz.ba\/web\/wp-content\/uploads\/2025\/03\/akademski-CV-Esmeralda_Dautovic.docx\">CV<\/a><\/strong><\/p>\n<p>E-mail: esmeralda.dautovic@untz.ba<\/p>\n<p>Telefon: 035\/320-995<br \/>\nFax: 035\/320-991<\/p>\n<p><strong>Prodekan za nau\u010dno-istra\u017eiva\u010dki rad<br \/>\n<\/strong>Dr.sc. Aida Smajlovi\u0107, red. prof., <a href=\"http:\/\/frmf.untz.ba\/web\/wp-content\/uploads\/2024\/11\/Akademski-CV-Aida-Smajlovic-1.docx\"><strong> CV<\/strong><\/a><\/p>\n<p>E-mail: aida.smajlovic@untz.ba<\/p>\n<p>Telefon: 035\/320-996<br \/>\nFax: 035\/320-991<\/p>\n<p><strong>Voditelj tre\u0107eg ciklusa studija<\/strong><\/p>\n<p>Dr.sc. Maida \u0160ljivi\u0107 Husejnovi\u0107, vanr.prof, <a href=\"http:\/\/frmf.untz.ba\/web\/wp-content\/uploads\/2024\/11\/Akademski-CV-Maida-Sljivic-Husejnovic_2024-1.doc\"><strong>CV<\/strong><\/a><br \/>\nE-mail: maida.sljivic-husejnovic@untz.ba<\/p>\n<p><strong>Studentska slu\u017eba<\/strong><br \/>\nBiljana Batas<\/p>\n<p>Telefon: 035\/320-998<br \/>\nFax: 035\/320-991<\/p>\n<p><strong>Tehni\u010dki sekretar<\/strong><br \/>\nNedim Jaganjac<br \/>\nE-mail: nedim.jaganjac@untz.ba<\/p>\n","protected":false},"excerpt":{"rendered":"<p>Dekan Dr.sc. Nahida Srabovi\u0107, vanr.prof.,\u00a0CV E-mail: nahida.srabovic@untz.ba Telefon: 035\/320-992 Fax: 035\/320-991 Prodekan za nastavu i studentska pitanja Dr.sc. Esmeralda Dautovi\u0107, doc.,\u00a0CV E-mail: esmeralda.dautovic@untz.ba Telefon: 035\/320-995 Fax: 035\/320-991 Prodekan za nau\u010dno-istra\u017eiva\u010dki rad Dr.sc. Aida Smajlovi\u0107, red. prof., CV E-mail: aida.smajlovic@untz.ba Telefon: 035\/320-996 Fax: 035\/320-991 Voditelj tre\u0107eg ciklusa studija Dr.sc. Maida \u0160ljivi\u0107 Husejnovi\u0107, vanr.prof, CV E-mail: maida.sljivic-husejnovic@untz.ba [&hellip;]<\/p>\n","protected":false},"author":1,"featured_media":0,"parent":0,"menu_order":0,"comment_status":"closed","ping_status":"closed","template":"","meta":[],"_links":{"self":[{"href":"http:\/\/frmf.untz.ba\/web\/wp-json\/wp\/v2\/pages\/14"}],"collection":[{"href":"http:\/\/frmf.untz.ba\/web\/wp-json\/wp\/v2\/pages"}],"about":[{"href":"http:\/\/frmf.untz.ba\/web\/wp-json\/wp\/v2\/types\/page"}],"author":[{"embeddable":true,"href":"http:\/\/frmf.untz.ba\/web\/wp-json\/wp\/v2\/users\/1"}],"replies":[{"embeddable":true,"href":"http:\/\/frmf.untz.ba\/web\/wp-json\/wp\/v2\/comments?post=14"}],"version-history":[{"count":14,"href":"http:\/\/frmf.untz.ba\/web\/wp-json\/wp\/v2\/pages\/14\/revisions"}],"predecessor-version":[{"id":6032,"href":"http:\/\/frmf.untz.ba\/web\/wp-json\/wp\/v2\/pages\/14\/revisions\/6032"}],"wp:attachment":[{"href":"http:\/\/frmf.untz.ba\/web\/wp-json\/wp\/v2\/media?parent=14"}],"curies":[{"name":"wp","href":"https:\/\/api.w.org\/{rel}","templated":true}]}}