{"id":102,"date":"2017-05-08T22:42:51","date_gmt":"2017-05-08T20:42:51","guid":{"rendered":"http:\/\/frmf.untz.ba\/web\/?page_id=102"},"modified":"2017-05-15T09:31:01","modified_gmt":"2017-05-15T07:31:01","slug":"postdiplomski-studij","status":"publish","type":"page","link":"http:\/\/frmf.untz.ba\/web\/bs\/postdiplomski-studij\/","title":{"rendered":"Postdiplomski studij"},"content":{"rendered":"<p style=\"text-align: justify;\">Na Farmaceutski fakultet je u akademskoj 2008\/09. godini upisana prva generacija studenata na postdiplomski studij koji je organiziran u dva modula, modul Farmaceutske znanosti i modul Bromatologija i nutricionizam. Ukupno su upisana 42 studenta. Nakon odbranjenog magistarskog rada studenti postdiplomci dobijaju zvanje magistar farmaceutskih nauka i magistar farmaceutskih nauka iz podru\u010dja Bromatologije.<\/p>\n<p><strong>\u00a0<\/strong><\/p>\n<h4>Nastavni plan i program (A modul-Farmaceutske znanosti)<\/h4>\n<p><em>Tabela 1. Nastavni plan prvog\u00a0 semestra<\/em><\/p>\n<table>\n<tbody>\n<tr>\n<td width=\"148\"><strong>NASTAVNI PREDMET<\/strong><\/td>\n<td width=\"148\"><strong>UKUPAN BROJ\u00a0 SATI U SEDMICI (P + S\/V)* <\/strong><\/td>\n<td width=\"148\"><strong>ECTS<\/strong><\/td>\n<td width=\"151\"><strong>UKUPAN BROJ\u00a0 SATI U SEMESTRU<\/strong><\/td>\n<\/tr>\n<tr>\n<td width=\"148\">Metodologija nau\u010dno-istra\u017eiva\u010dkoga rada i nau\u010dno pisanje<\/td>\n<td width=\"148\">2 + 2<\/td>\n<td width=\"148\">6<\/td>\n<td width=\"151\">60<\/td>\n<\/tr>\n<tr>\n<td width=\"148\">Informatika u farmaciji<\/td>\n<td width=\"148\">2 + 2<\/td>\n<td width=\"148\">6<\/td>\n<td width=\"151\">60<\/td>\n<\/tr>\n<tr>\n<td width=\"148\">Statistika u farmaciji<\/td>\n<td width=\"148\">2 + 2<\/td>\n<td width=\"148\">6<\/td>\n<td width=\"151\">60<\/td>\n<\/tr>\n<tr>\n<td width=\"148\">Farmaceutske\u00a0 znanosti<\/td>\n<td width=\"148\">2 + 2<\/td>\n<td width=\"148\">6<\/td>\n<td width=\"151\">60<\/td>\n<\/tr>\n<tr>\n<td width=\"148\">Odabrana poglavlja iz bromatologije i nutricionizma<\/td>\n<td width=\"148\">2 + 2<\/td>\n<td width=\"148\">6<\/td>\n<td width=\"151\">60<\/td>\n<\/tr>\n<tr>\n<td width=\"148\">Ukupno<\/td>\n<td width=\"148\">20<\/td>\n<td width=\"148\">30<\/td>\n<td width=\"151\">300<\/td>\n<\/tr>\n<\/tbody>\n<\/table>\n<p>* <em>Predavanja + seminari ili vje\u017ebe<\/em><\/p>\n<p><em>\u00a0<\/em><\/p>\n<p><em>Tabela 2. Nastavni plan drugog semestra<\/em><\/p>\n<table>\n<tbody>\n<tr>\n<td width=\"148\"><strong>NASTAVNI PREDMET<\/strong><\/td>\n<td width=\"148\"><strong>UKUPAN BROJ\u00a0 SATI U SEDMICI (P + S\/V)*<\/strong><\/td>\n<td width=\"148\"><strong>ECTS<\/strong><\/td>\n<td width=\"151\"><strong>UKUPAN BROJ\u00a0 SATI U SEMESTRU<\/strong><\/td>\n<\/tr>\n<tr>\n<td width=\"148\">Farmaceutska biohemija<\/td>\n<td width=\"148\">2 + 2<\/td>\n<td width=\"148\">6<\/td>\n<td width=\"151\">60<\/td>\n<\/tr>\n<tr>\n<td width=\"148\">Magistarski rad<\/td>\n<td width=\"148\"><\/td>\n<td width=\"148\">24<\/td>\n<td width=\"151\"><\/td>\n<\/tr>\n<tr>\n<td width=\"148\">Ukupno<\/td>\n<td width=\"148\"><\/td>\n<td width=\"148\">30<\/td>\n<td width=\"151\">60<\/td>\n<\/tr>\n<\/tbody>\n<\/table>\n<p><em>* Predavanja + seminari ili vje\u017ebe <\/em><\/p>\n<p><strong>\u00a0<\/strong><\/p>\n<h4>Nastavni plan i program (B modul-Bromatologija i nutricionizam)<\/h4>\n<p>&nbsp;<\/p>\n<p><em>Tabela 3. Nastavni plan prvog semestra<\/em><\/p>\n<table>\n<tbody>\n<tr>\n<td width=\"148\"><strong>NASTAVNI PREDMET<\/strong><\/td>\n<td width=\"148\"><strong>UKUPAN BROJ\u00a0 SATI U SEDMICI (P + S\/V)*<\/strong><\/td>\n<td width=\"148\"><strong>ECTS<\/strong><\/td>\n<td width=\"151\"><strong>UKUPAN BROJ\u00a0 SATI U SEMESTRU<\/strong><\/td>\n<\/tr>\n<tr>\n<td width=\"148\">Metodologija nau\u010dno-istra\u017eiva\u010dkoga rada i nau\u010dno pisanje<\/td>\n<td width=\"148\">2 + 2<\/td>\n<td width=\"148\">6<\/td>\n<td width=\"151\">60<\/td>\n<\/tr>\n<tr>\n<td width=\"148\">Informatika u farmaciji<\/td>\n<td width=\"148\">2 + 2<\/td>\n<td width=\"148\">6<\/td>\n<td width=\"151\">60<\/td>\n<\/tr>\n<tr>\n<td width=\"148\">Statistika u farmaciji<\/td>\n<td width=\"148\">2 + 2<\/td>\n<td width=\"148\">6<\/td>\n<td width=\"151\">60<\/td>\n<\/tr>\n<tr>\n<td width=\"148\">Nutricionizam i dijetetika \/ Nutrition and dietetics<\/td>\n<td width=\"148\">2 + 2<\/td>\n<td width=\"148\">6<\/td>\n<td width=\"151\">60<\/td>\n<\/tr>\n<tr>\n<td width=\"148\">Odabrana poglavlja iz farmaceutskih znanosti<\/td>\n<td width=\"148\">2 + 2<\/td>\n<td width=\"148\">6<\/td>\n<td width=\"151\">60<\/td>\n<\/tr>\n<tr>\n<td width=\"148\">Ukupno<\/td>\n<td width=\"148\">20<\/td>\n<td width=\"148\">30<\/td>\n<td width=\"151\">300<\/td>\n<\/tr>\n<\/tbody>\n<\/table>\n<p><em>* Predavanja + seminari ili vje\u017ebe <\/em><\/p>\n<p>&nbsp;<\/p>\n<p><em>\u00a0Tabela 4. Nastavni plan drugog semestra<\/em><\/p>\n<table>\n<tbody>\n<tr>\n<td width=\"148\"><strong>NASTAVNI PREDMET<\/strong><\/td>\n<td width=\"148\"><strong>UKUPAN BROJ\u00a0 SATI U SEDMICI (P + S\/V)*<\/strong><\/td>\n<td width=\"148\"><strong>ECTS<\/strong><\/td>\n<td width=\"151\"><strong>UKUPAN BROJ\u00a0 SATI U SEMESTRU<\/strong><\/td>\n<\/tr>\n<tr>\n<td width=\"148\">Zdravstvena sigurnost hrane<\/td>\n<td width=\"148\">2 + 2<\/td>\n<td width=\"148\">6<\/td>\n<td width=\"151\">60<\/td>\n<\/tr>\n<tr>\n<td width=\"148\">Magistarski rad<\/td>\n<td width=\"148\"><\/td>\n<td width=\"148\">24<\/td>\n<td width=\"151\"><\/td>\n<\/tr>\n<tr>\n<td width=\"148\">Ukupno<\/td>\n<td width=\"148\"><\/td>\n<td width=\"148\">30<\/td>\n<td width=\"151\">60<\/td>\n<\/tr>\n<\/tbody>\n<\/table>\n<p>* <em>Predavanja + seminari ili vje\u017ebe <\/em><\/p>\n<p>&nbsp;<\/p>\n<p>Cilj nam je da na\u0161i postdiplomci dobiju najkvalitetniju edukciju iz farmaceutskih i srodnih nauka tako da smo u pokrivenost nastave uvrstili najeminentnije stru\u010dnjake sa razli\u010ditih visoko\u0161kolskih institucija iz zemlje i inostranstva.<\/p>\n<p><em>\u00a0<\/em><\/p>\n<p><em>Tabela 5. Nau\u010dna zvanja nastavnika i saradnika koji su u\u010destvovali u nastavi na Postdiplomskom studiju u akademskoj 2008\/09 godini na Farmaceutskom fakultetu u Tuzli<\/em><\/p>\n<table>\n<tbody>\n<tr>\n<td width=\"88\"><em>Nau\u010dno zvanje<\/em><\/td>\n<td width=\"88\"><em>Akademik<\/em><\/td>\n<td width=\"88\"><em>Profesor<\/em><\/p>\n<p><em>Emeritus<\/em><\/td>\n<td width=\"88\"><em>Redovni<\/em><\/p>\n<p><em>Profesor<\/em><\/td>\n<td width=\"88\"><em>Vanredni profesor<\/em><\/td>\n<td width=\"88\"><em>Docent<\/em><\/td>\n<td width=\"88\"><em>Vi\u0161i asistent<\/em><\/td>\n<\/tr>\n<tr>\n<td width=\"88\">Broj<\/td>\n<td width=\"88\">1<\/td>\n<td width=\"88\">2<\/td>\n<td width=\"88\">17<\/td>\n<td width=\"88\">24<\/td>\n<td width=\"88\">6<\/td>\n<td width=\"88\">4<\/td>\n<\/tr>\n<\/tbody>\n<\/table>\n","protected":false},"excerpt":{"rendered":"<p>Na Farmaceutski fakultet je u akademskoj 2008\/09. godini upisana prva generacija studenata na postdiplomski studij koji je organiziran u dva modula, modul Farmaceutske znanosti i modul Bromatologija i nutricionizam. Ukupno su upisana 42 studenta. Nakon odbranjenog magistarskog rada studenti postdiplomci dobijaju zvanje magistar farmaceutskih nauka i magistar farmaceutskih nauka iz podru\u010dja Bromatologije. \u00a0 Nastavni plan [&hellip;]<\/p>\n","protected":false},"author":1,"featured_media":119,"parent":0,"menu_order":0,"comment_status":"closed","ping_status":"closed","template":"","meta":[],"_links":{"self":[{"href":"http:\/\/frmf.untz.ba\/web\/wp-json\/wp\/v2\/pages\/102"}],"collection":[{"href":"http:\/\/frmf.untz.ba\/web\/wp-json\/wp\/v2\/pages"}],"about":[{"href":"http:\/\/frmf.untz.ba\/web\/wp-json\/wp\/v2\/types\/page"}],"author":[{"embeddable":true,"href":"http:\/\/frmf.untz.ba\/web\/wp-json\/wp\/v2\/users\/1"}],"replies":[{"embeddable":true,"href":"http:\/\/frmf.untz.ba\/web\/wp-json\/wp\/v2\/comments?post=102"}],"version-history":[{"count":7,"href":"http:\/\/frmf.untz.ba\/web\/wp-json\/wp\/v2\/pages\/102\/revisions"}],"predecessor-version":[{"id":161,"href":"http:\/\/frmf.untz.ba\/web\/wp-json\/wp\/v2\/pages\/102\/revisions\/161"}],"wp:featuredmedia":[{"embeddable":true,"href":"http:\/\/frmf.untz.ba\/web\/wp-json\/wp\/v2\/media\/119"}],"wp:attachment":[{"href":"http:\/\/frmf.untz.ba\/web\/wp-json\/wp\/v2\/media?parent=102"}],"curies":[{"name":"wp","href":"https:\/\/api.w.org\/{rel}","templated":true}]}}