{"id":10,"date":"2024-01-15T22:32:33","date_gmt":"2024-01-15T21:32:33","guid":{"rendered":"http:\/\/frmf.untz.ba\/web\/?page_id=10"},"modified":"2024-01-16T23:11:13","modified_gmt":"2024-01-16T22:11:13","slug":"o-fakultetu","status":"publish","type":"page","link":"http:\/\/frmf.untz.ba\/web\/bs\/o-fakultetu\/","title":{"rendered":"O fakultetu"},"content":{"rendered":"<p><strong>Univerzitet u Tuzli<\/strong><\/p>\n<p><strong>Farmaceutski fakultet<\/strong><\/p>\n<p><strong>Adresa<\/strong><br \/>\nUrfeta Vejzagi\u0107a 8<br \/>\n75000 TUZLA<\/p>\n<p><strong>Web<\/strong><br \/>\nwww.farmacy.untz.ba, www.frmf.untz.ba<\/p>\n<p><strong>Dekanat<\/strong><strong><br \/>\n<\/strong>Dekan: Dr.sc. Adaleta Softi\u0107, redovni profesor<br \/>\nE-mail: adaleta.mulaomerovic@untz.ba<\/p>\n<p>Telefon: 035\/320-990<br \/>\nFax: 035\/320-991<\/p>\n<p><strong>Prodekan za nastavu<\/strong><strong><br \/>\n<\/strong>Dr.sc. Nahida Srabovi\u0107, vanredni profesor<br \/>\nE-mail: nahida.srabovic@untz.ba<br \/>\nTelefon: 035\/320-995<br \/>\nFax: 035\/320-991<\/p>\n<p><strong>Prodekan za nau\u010dno-istra\u017eiva\u010dki rad<\/strong><strong><br \/>\n<\/strong>Dr.sc. Aida Smajlovi\u0107, redovni profesor<\/p>\n<p>E-mail: aida.smajlovic@untz.ba<br \/>\nTelefon: 035\/320-996<br \/>\nFax: 035\/320-991<\/p>\n<p><strong>Studentska slu\u017eba<\/strong><br \/>\nTelefon: 035\/320-998<br \/>\nFax: 035\/320-991<\/p>\n<p>O fakultetu<\/p>\n<p>Farmaceutski fakultet kao organizaciona jedinica Univerziteta u Tuzli osnovan je akademske 2004\/05. godine.<\/p>\n<p>Farmaceutski fakultet Univerziteta u Tuzli potpisnica je \u201eMalte\u0161ke deklaracije\u201c\u00a0 koja definira programe farmaceutske edukacije integralnog studija u trajanju od deset semestara, odnosno petogodi\u0161nji studij, \u00a0a koji je ekvivalentan najmanje 300 ECTS. Diplome i titule u farmaciji, navedene u Direktivama 85\/433\/EEC, 85\/584\/EEC i 90\/658\/EEC, zasnovane su na multidisciplinarnoj integraciji bazi\u010dnih, prirodnih i zdravstvenih nauka i tehnologija, \u201esa posebnim fokusom na predmete vezane za medicinu i medicinska sredstva u svim domenama njihove primjene\u201d.<\/p>\n<p>Prema tome, po zavr\u0161etku ovako koncipiranog studija farmacije na Farmaceutskom fakultetu Univerziteta u Tuzli, student sti\u010de zvanje magistra farmacije (mr ph), a nakon obavljenog stru\u010dnog sta\u017ea i polo\u017eenog stru\u010dnog ispita, sti\u010de licencu za samostalan rad u sistemu zdravstvene za\u0161tite na za to predvi\u0111enim poslovima i zadacima.<\/p>\n<p>Osnovne djelatnosti Farmaceutskog fakulteta su nau\u010dno-nastavna, nau\u010dno-istra\u017eiva\u010dka i stru\u010dna, a realiziraju se kroz integrisani I i II ciklus i doktorski studij.<br \/>\nDjelatnosti Farmaceutskog fakulteta su:<\/p>\n<ul>\n<li>Dizajniranje novih puteva sinteze lijekova;<\/li>\n<li>Razvoj i primjena metoda u kontroli lijekova;<\/li>\n<li>Farmakokineti\u010dka i farmakodinami\u010dka ispitivanja lijekova;<\/li>\n<li>Izbor farmaceutskih oblika, procesa i razvoj tehnolo\u0161kog postupka;<\/li>\n<li>Analitika, farmakolo\u0161ko djelovanje, standardizacija i primjena ljekovitog bilja;<\/li>\n<li>Regulativa lijekova;<\/li>\n<li>Istra\u017eivanja u podru\u010dju biotehnologije, biohemije i ishrane.<\/li>\n<\/ul>\n<p>Svr\u0161eni magistri farmacije sti\u010du adekvatna znanja koja im omogu\u0107avaju zapo\u0161ljavanje u razli\u010ditim poljima farmacije i klini\u010dke-medicinske\u00a0 biohemije. Magistri farmacije su kvalificirani za rad sa lijekovima u javnim, privatnim i bolni\u010dkim apotekama, farmaceutskoj industriji, biohemijskim laboratorijima, u istra\u017eiva\u010dkim, proizvodno-tehnolo\u0161kim i kontrolno-analiti\u010dkim laboratorijima, marketingu lijekova, registraciji lijekova, agencijama za lijekove, zavodima za kontrolu lijekova, te u drugim javno zdravstvenim i privatnim zdravstvenim institucijama.<\/p>\n<p>Studenti Farmaceutskog fakulteta Univerziteta u Tuzli su upoznati i prate savremene koncepte u edukaciji farmaceuta u Evropi i svijetu. Upoznati su sa su\u0161tinom Malte\u0161ke deklaracije koja se temelji na Bolonjskoj deklaraciji, kao i na preporukama i smjernicama Evropske asocijacije farmaceutskih fakulteta (EAFP) i me\u0111unarodnih udru\u017eenja farmaceuta (FIP i PGEU).<\/p>\n<p>Farmaceutski fakultet \u010dlan je Evropske asocijacije farmaceutskih fakulteta (EAFP) od 2015. godine.<\/p>\n<p>Do danas je upisano 20 generacija studenata, a zvanje magistra farmacije steklo je 1233 studenata.<\/p>\n","protected":false},"excerpt":{"rendered":"<p>Univerzitet u Tuzli Farmaceutski fakultet Adresa Urfeta Vejzagi\u0107a 8 75000 TUZLA Web www.farmacy.untz.ba, www.frmf.untz.ba Dekanat Dekan: Dr.sc. Adaleta Softi\u0107, redovni profesor E-mail: adaleta.mulaomerovic@untz.ba Telefon: 035\/320-990 Fax: 035\/320-991 Prodekan za nastavu Dr.sc. Nahida Srabovi\u0107, vanredni profesor E-mail: nahida.srabovic@untz.ba Telefon: 035\/320-995 Fax: 035\/320-991 Prodekan za nau\u010dno-istra\u017eiva\u010dki rad Dr.sc. Aida Smajlovi\u0107, redovni profesor E-mail: aida.smajlovic@untz.ba Telefon: 035\/320-996 Fax: [&hellip;]<\/p>\n","protected":false},"author":1,"featured_media":0,"parent":0,"menu_order":0,"comment_status":"closed","ping_status":"closed","template":"","meta":[],"_links":{"self":[{"href":"http:\/\/frmf.untz.ba\/web\/wp-json\/wp\/v2\/pages\/10"}],"collection":[{"href":"http:\/\/frmf.untz.ba\/web\/wp-json\/wp\/v2\/pages"}],"about":[{"href":"http:\/\/frmf.untz.ba\/web\/wp-json\/wp\/v2\/types\/page"}],"author":[{"embeddable":true,"href":"http:\/\/frmf.untz.ba\/web\/wp-json\/wp\/v2\/users\/1"}],"replies":[{"embeddable":true,"href":"http:\/\/frmf.untz.ba\/web\/wp-json\/wp\/v2\/comments?post=10"}],"version-history":[{"count":9,"href":"http:\/\/frmf.untz.ba\/web\/wp-json\/wp\/v2\/pages\/10\/revisions"}],"predecessor-version":[{"id":4049,"href":"http:\/\/frmf.untz.ba\/web\/wp-json\/wp\/v2\/pages\/10\/revisions\/4049"}],"wp:attachment":[{"href":"http:\/\/frmf.untz.ba\/web\/wp-json\/wp\/v2\/media?parent=10"}],"curies":[{"name":"wp","href":"https:\/\/api.w.org\/{rel}","templated":true}]}}